{"id":1425,"date":"2011-03-23T20:53:20","date_gmt":"2011-03-23T20:53:43","guid":{"rendered":"http:\/\/wpprova1.com\/?page_id=1425"},"modified":"2013-09-12T21:29:23","modified_gmt":"2013-09-12T21:29:23","slug":"objectifs","status":"publish","type":"page","link":"https:\/\/www.rehabimed.net\/fr\/constitution-de-lassociation-rehabimed\/objectifs\/","title":{"rendered":"Objectifs"},"content":{"rendered":"<p>L\u2019objet de l\u2019Association RehabiMed est de promouvoir la r\u00e9habilitation du parc b\u00e2ti et le d\u00e9veloppement durable en Europe et en M\u00e9diterran\u00e9e.<br \/>\nPour la r\u00e9alisation de son objet, RehabiMed d\u00e9veloppe des projets et des activit\u00e9s qui permettent d\u2019atteindre les objectifs suivants :<\/p>\n<p style=\"padding-left: 30px;\">&#8211; Impulser la recherche et la formation sur la r\u00e9habilitation, la durabilit\u00e9 et la valorisation sociale, \u00e9conomique, environnementale et culturelle du patrimoine b\u00e2ti \u00e0 travers un r\u00e9seau d\u2019experts internationaux.<\/p>\n<p style=\"padding-left: 30px;\">&#8211; Diffuser une m\u00e9thodologie de travail multidisciplinaire pour la r\u00e9habilitation et l&#8217;entretien des b\u00e2timents dans les domaines de la l\u00e9gislation, de la gestion et de la technique.<\/p>\n<p style=\"padding-left: 30px;\">&#8211; Cr\u00e9er des synergies entre tous les acteurs engag\u00e9s dans le processus de r\u00e9habilitation et de revitalisation urbaines durables.<\/p>\n<p style=\"padding-left: 30px;\">&#8211; Augmenter les capacit\u00e9s de gestion des autorit\u00e9s locales et r\u00e9gionales pour la r\u00e9habilitation urbaine durable.<\/p>\n<p style=\"padding-left: 30px;\">&#8211; Contribuer \u00e0 l&#8217;am\u00e9lioration des conditions de vie, d&#8217;un large \u00e9ventail de la population par la r\u00e9habilitation du parc b\u00e2ti.<\/p>\n<p style=\"padding-left: 30px;\">&#8211; Fournir aux ONG du d\u00e9veloppement une assistance technique pour leurs activit\u00e9s li\u00e9es \u00e0 la r\u00e9habilitation du parc b\u00e2ti.<\/p>\n<p style=\"padding-left: 30px;\">&#8211; Promouvoir les activit\u00e9s d\u2019inventaire, de mise en valeur, de revitalisation des centres historiques, de r\u00e9habilitation et de r\u00e9utilisation durables des b\u00e2timents.<\/p>\n<p style=\"padding-left: 30px;\">&#8211; Renforcer la compr\u00e9hension mutuelle et le dialogue entre les cultures, les g\u00e9n\u00e9rations et les genres \u00e0 travers la connaissance et la pr\u00e9servation de l\u2019identit\u00e9 historique et culturelle commune du patrimoine architectural mat\u00e9riel et immat\u00e9riel.<\/p>\n<p style=\"padding-left: 30px;\">&#8211; Stimuler la prise de conscience de l\u2019ensemble de la population sur l\u2019importance de la sauvegarde du patrimoine b\u00e2ti comme facteur de d\u00e9veloppement social et \u00e9conomique durable.<\/p>\n<p style=\"padding-left: 30px;\">&#8211; Coop\u00e9rer directement avec les autorit\u00e9s pour le d\u00e9veloppement de plans de gestion int\u00e9grale.<\/p>\n","protected":false},"excerpt":{"rendered":"<p>L\u2019objet de l\u2019Association RehabiMed est de promouvoir la r\u00e9habilitation du parc b\u00e2ti et le d\u00e9veloppement durable en Europe et en M\u00e9diterran\u00e9e. Pour la r\u00e9alisation de son objet, RehabiMed d\u00e9veloppe des &hellip;<\/p>\n","protected":false},"author":1,"featured_media":0,"parent":1419,"menu_order":138,"comment_status":"closed","ping_status":"closed","template":"","meta":{"_monsterinsights_skip_tracking":false,"_monsterinsights_sitenote_active":false,"_monsterinsights_sitenote_note":"","_monsterinsights_sitenote_category":0,"_uf_show_specific_survey":0,"_uf_disable_surveys":false,"footnotes":""},"aioseo_notices":[],"_links":{"self":[{"href":"https:\/\/www.rehabimed.net\/fr\/wp-json\/wp\/v2\/pages\/1425"}],"collection":[{"href":"https:\/\/www.rehabimed.net\/fr\/wp-json\/wp\/v2\/pages"}],"about":[{"href":"https:\/\/www.rehabimed.net\/fr\/wp-json\/wp\/v2\/types\/page"}],"author":[{"embeddable":true,"href":"https:\/\/www.rehabimed.net\/fr\/wp-json\/wp\/v2\/users\/1"}],"replies":[{"embeddable":true,"href":"https:\/\/www.rehabimed.net\/fr\/wp-json\/wp\/v2\/comments?post=1425"}],"version-history":[{"count":0,"href":"https:\/\/www.rehabimed.net\/fr\/wp-json\/wp\/v2\/pages\/1425\/revisions"}],"up":[{"embeddable":true,"href":"https:\/\/www.rehabimed.net\/fr\/wp-json\/wp\/v2\/pages\/1419"}],"wp:attachment":[{"href":"https:\/\/www.rehabimed.net\/fr\/wp-json\/wp\/v2\/media?parent=1425"}],"curies":[{"name":"wp","href":"https:\/\/api.w.org\/{rel}","templated":true}]}}