{"id":14228,"date":"2017-03-24T08:22:01","date_gmt":"2017-03-24T08:22:01","guid":{"rendered":"http:\/\/www.rehabimed.net\/publications\/"},"modified":"2019-12-21T16:31:06","modified_gmt":"2019-12-21T16:31:06","slug":"publications","status":"publish","type":"page","link":"https:\/\/www.rehabimed.net\/fr\/publications\/","title":{"rendered":"Publications"},"content":{"rendered":"<div class=\"row\">\n<div class=\"col-xs-12\">\n<ul class=\"nav nav-tabs tabs-top visible-xs-block\">\n<li class=\"active\"><a href=\"#metodo\" data-toggle=\"tab\">M\u00e9thode RehabiMed<\/a><\/li>\n<li><a href=\"#manuales\" data-toggle=\"tab\">Manuels de r\u00e9adaptation<\/a><\/li>\n<li><a href=\"#diagnosis\" data-toggle=\"tab\">Projet Diagnosis<\/a><\/li>\n<li><a href=\"#actas\" data-toggle=\"tab\">Actes congres et conferences<\/a><\/li>\n<li><a href=\"#practicas\" data-toggle=\"tab\">Bonnes pratiques<\/a><\/li>\n<li><a href=\"#otras\" data-toggle=\"tab\">Autres publications<\/a><\/li>\n<\/ul>\n<\/div>\n<div class=\"col-xs-7\">\n<div class=\"tab-content\">\n<div id=\"metodo\" class=\"tab-pane active\">\n<div class=\"img-wrp\"><img decoding=\"async\" src=\"https:\/\/www.rehabimed.net\/wp-content\/uploads\/2017\/05\/Metode-rhm.jpg\" alt=\"\" \/><\/div>\n<p>M\u00e9todo Rehabimed.<br \/>\n<a class=\"btn btn-info\" href=\"https:\/\/www.rehabimed.net\/fr\/category\/publications\/methode-rehabimed-fr\/\">M\u00e9thode RehabiMed<\/a><\/p>\n<\/div>\n<div id=\"manuales\" class=\"tab-pane\">\n<div class=\"img-wrp\"><img decoding=\"async\" src=\"https:\/\/www.rehabimed.net\/wp-content\/uploads\/2017\/05\/Manuals.jpg\" alt=\"\" \/><\/div>\n<p>Manuales de rehabilitaci\u00f3n.<br \/>\n<a class=\"btn btn-info\" href=\"https:\/\/www.rehabimed.net\/fr\/category\/publications\/manuels\/\">Manuels de r\u00e9adaptation<\/a><\/p>\n<\/div>\n<div id=\"diagnosis\" class=\"tab-pane\">\n<div class=\"img-wrp\"><img decoding=\"async\" src=\"https:\/\/www.rehabimed.net\/wp-content\/uploads\/2019\/12\/diagnosis.jpg\" alt=\"\" \/><\/div>\n<p>Projet Diagnosis.<br \/>\n<a class=\"btn btn-info\" href=\"https:\/\/www.rehabimed.net\/fr\/category\/publications\/diagnosis-fr\/\">Diagnosis<\/a><\/p>\n<\/div>\n<div id=\"actas\" class=\"tab-pane\">\n<div class=\"img-wrp\"><img decoding=\"async\" src=\"https:\/\/www.rehabimed.net\/wp-content\/uploads\/2017\/05\/Colloques.jpg\" alt=\"\" \/><\/div>\n<p>Actas congresos y conferencias.<br \/>\n<a class=\"btn btn-info\" href=\"https:\/\/www.rehabimed.net\/fr\/category\/publications\/actes-fr\/\">Actes congres et conferences<\/a><\/p>\n<\/div>\n<div id=\"practicas\" class=\"tab-pane\">\n<div class=\"img-wrp\"><img decoding=\"async\" src=\"https:\/\/www.rehabimed.net\/wp-content\/uploads\/2017\/05\/Bones-practiques.jpg\" alt=\"\" \/><\/div>\n<p>Buenas pr\u00e1cticas.<br \/>\n<a class=\"btn btn-info\" href=\"https:\/\/www.rehabimed.net\/fr\/category\/publications\/bonnes-pratiques\/\">Bonnes pratiques<\/a><\/p>\n<\/div>\n<div id=\"otras\" class=\"tab-pane\">\n<div class=\"img-wrp\"><img decoding=\"async\" src=\"https:\/\/www.rehabimed.net\/wp-content\/uploads\/2017\/05\/Altres.jpg\" alt=\"\" \/><\/div>\n<p>Otras publicaciones.<br \/>\n<a class=\"btn btn-info\" href=\"https:\/\/www.rehabimed.net\/fr\/category\/publications\/autres\/\">Autres publications<\/a><\/p>\n<\/div>\n<\/div>\n<\/div>\n<div class=\"col-xs-5\">\n<ul class=\"nav nav-tabs tabs-right hidden-xs\">\n<li class=\"active\"><a href=\"#metodo\" data-toggle=\"tab\">M\u00e9thode RehabiMed<\/a><\/li>\n<li><a href=\"#manuales\" data-toggle=\"tab\">Manuels de r\u00e9adaptation<\/a><\/li>\n<li><a href=\"#diagnosis\" data-toggle=\"tab\">Projet Diagnosis<\/a><\/li>\n<li><a href=\"#actas\" data-toggle=\"tab\">Actes congres et conferences<\/a><\/li>\n<li><a href=\"#practicas\" data-toggle=\"tab\">Bonnes pratiques<\/a><\/li>\n<li><a href=\"#otras\" data-toggle=\"tab\">Autres publications<\/a><\/li>\n<\/ul>\n<\/div>\n<\/div>\n\n    \n      <div class=\"slick-wrapper logo-sc-s-wrapper \">\n                  <h4>Publications<\/h4>\n        \n        <div class=\"slider-slick-wrapper\" data-slick='{\"slidesToShow\": 4, \"slidesToScroll\": 4}'>\n\n          \n            <div class=\"slide-s\">\n\n                              <a href=\"https:\/\/www.rehabimed.net\/fr\/2026\/01\/lespluga-de-cuberes-i-el-seu-entorn-un-paisatge-cultural-a-preservar\/\">\n                \n                <div class=\"post-slide-text\">\n\n                                      <div class=\"post-slide-title\">\n                      L&#8217;Espluga de Cuberes i el seu entorn, un paisatge cultural a preservar                    <\/div>\n                  \n                <\/div>\n\n                <div class=\"post-slide-thumbnail\">\n                                      <img decoding=\"async\" width=\"275\" height=\"275\" src=\"https:\/\/www.rehabimed.net\/wp-content\/uploads\/2026\/01\/portada-Espluga-275x275.jpg\" class=\"attachment-thumbnail size-thumbnail wp-post-image\" alt=\"\" \/>                                  <\/div>\n\n                                <\/a>\n              \n            <\/div>\n\n          \n            <div class=\"slide-s\">\n\n                              <a href=\"https:\/\/www.rehabimed.net\/fr\/2023\/03\/building-rehabilitation-expert-smart-rehabilitation-3-0\/\">\n                \n                <div class=\"post-slide-text\">\n\n                                      <div class=\"post-slide-title\">\n                      Building rehabilitation expert. Smart REHABILITATION 3.0                    <\/div>\n                  \n                <\/div>\n\n                <div class=\"post-slide-thumbnail\">\n                                      <img decoding=\"async\" width=\"275\" height=\"275\" src=\"https:\/\/www.rehabimed.net\/wp-content\/uploads\/2023\/03\/smart-rehabilitation_io1_building_rehabilitation_expert_cover-600x384-1-275x275.jpg\" class=\"attachment-thumbnail size-thumbnail wp-post-image\" alt=\"\" \/>                                  <\/div>\n\n                                <\/a>\n              \n            <\/div>\n\n          \n            <div class=\"slide-s\">\n\n                              <a href=\"https:\/\/www.rehabimed.net\/fr\/2019\/10\/education-business-agreements\/\">\n                \n                <div class=\"post-slide-text\">\n\n                                      <div class=\"post-slide-title\">\n                      Education-Business agreements                    <\/div>\n                  \n                <\/div>\n\n                <div class=\"post-slide-thumbnail\">\n                                      <img decoding=\"async\" width=\"275\" height=\"275\" src=\"https:\/\/www.rehabimed.net\/wp-content\/uploads\/2019\/10\/portada-IO4-Education-Business-agreements-Eng-600x384-1-275x275.jpg\" class=\"attachment-thumbnail size-thumbnail wp-post-image\" alt=\"\" \/>                                  <\/div>\n\n                                <\/a>\n              \n            <\/div>\n\n          \n            <div class=\"slide-s\">\n\n                              <a href=\"https:\/\/www.rehabimed.net\/fr\/2019\/10\/methodology-and-syllabus-for-the-building-diagnosis-expert\/\">\n                \n                <div class=\"post-slide-text\">\n\n                                      <div class=\"post-slide-title\">\n                      Methodology and Syllabus for the Building Diagnosis Expert                    <\/div>\n                  \n                <\/div>\n\n                <div class=\"post-slide-thumbnail\">\n                                      <img decoding=\"async\" width=\"275\" height=\"275\" src=\"https:\/\/www.rehabimed.net\/wp-content\/uploads\/2019\/12\/portada-IO3-Methodology-and-syllabus-Eng-275x275.jpg\" class=\"attachment-thumbnail size-thumbnail wp-post-image\" alt=\"\" \/>                                  <\/div>\n\n                                <\/a>\n              \n            <\/div>\n\n          \n            <div class=\"slide-s\">\n\n                              <a href=\"https:\/\/www.rehabimed.net\/fr\/2019\/10\/new-professional-qualification\/\">\n                \n                <div class=\"post-slide-text\">\n\n                                      <div class=\"post-slide-title\">\n                      New Professional Qualification                    <\/div>\n                  \n                <\/div>\n\n                <div class=\"post-slide-thumbnail\">\n                                      <img decoding=\"async\" width=\"275\" height=\"275\" src=\"https:\/\/www.rehabimed.net\/wp-content\/uploads\/2019\/10\/portada-IO2-New-Professional-Qualification-Eng-600x384-1-275x275.jpg\" class=\"attachment-thumbnail size-thumbnail wp-post-image\" alt=\"\" \/>                                  <\/div>\n\n                                <\/a>\n              \n            <\/div>\n\n          \n            <div class=\"slide-s\">\n\n                              <a href=\"https:\/\/www.rehabimed.net\/fr\/2019\/10\/building-diagnosis-expert-2\/\">\n                \n                <div class=\"post-slide-text\">\n\n                                      <div class=\"post-slide-title\">\n                      Building Diagnosis Expert                    <\/div>\n                  \n                <\/div>\n\n                <div class=\"post-slide-thumbnail\">\n                                      <img decoding=\"async\" width=\"275\" height=\"275\" src=\"https:\/\/www.rehabimed.net\/wp-content\/uploads\/2019\/10\/portada-IO1-Building-Diagnosis-Expert-Eng_Pagina_001-600x384-1-275x275.jpg\" class=\"attachment-thumbnail size-thumbnail wp-post-image\" alt=\"\" \/>                                  <\/div>\n\n                                <\/a>\n              \n            <\/div>\n\n          \n            <div class=\"slide-s\">\n\n                              <a href=\"https:\/\/www.rehabimed.net\/fr\/2016\/10\/centres-historiques-patrimoine-innovation-et-cohesion-sociale-dubrovnik\/\">\n                \n                <div class=\"post-slide-text\">\n\n                                      <div class=\"post-slide-title\">\n                      Centres Historiques : Patrimoine, Innovation et Coh\u00e9sion sociale, Dubrovnik                    <\/div>\n                  \n                <\/div>\n\n                <div class=\"post-slide-thumbnail\">\n                                      <img decoding=\"async\" width=\"275\" height=\"275\" src=\"https:\/\/www.rehabimed.net\/wp-content\/uploads\/2016\/10\/seminari_dubrovnik_FRA_lowres6-1-600x384-1-275x275.jpg\" class=\"attachment-thumbnail size-thumbnail wp-post-image\" alt=\"\" \/>                                  <\/div>\n\n                                <\/a>\n              \n            <\/div>\n\n          \n            <div class=\"slide-s\">\n\n                              <a href=\"https:\/\/www.rehabimed.net\/fr\/2015\/11\/manuel-pour-la-rehabilitation-de-la-ville-de-dellys\/\">\n                \n                <div class=\"post-slide-text\">\n\n                                      <div class=\"post-slide-title\">\n                      Manuel pour la R\u00e9habilitation de la ville de Dellys                    <\/div>\n                  \n                <\/div>\n\n                <div class=\"post-slide-thumbnail\">\n                                      <img decoding=\"async\" width=\"275\" height=\"275\" src=\"https:\/\/www.rehabimed.net\/wp-content\/uploads\/2015\/09\/portada-Dellys-275x275.jpg\" class=\"attachment-thumbnail size-thumbnail wp-post-image\" alt=\"\" \/>                                  <\/div>\n\n                                <\/a>\n              \n            <\/div>\n\n          \n            <div class=\"slide-s\">\n\n                              <a href=\"https:\/\/www.rehabimed.net\/fr\/2015\/11\/manuel-de-construction-en-terre-de-la-vallee-mzab\/\">\n                \n                <div class=\"post-slide-text\">\n\n                                      <div class=\"post-slide-title\">\n                      Manuel de construction en terre de la Vallee M\u2019Zab                    <\/div>\n                  \n                <\/div>\n\n                <div class=\"post-slide-thumbnail\">\n                                      <img decoding=\"async\" width=\"275\" height=\"275\" src=\"https:\/\/www.rehabimed.net\/wp-content\/uploads\/2015\/11\/Captura-de-pantalla-2017-05-17-a-las-15.56.34-275x275.png\" class=\"attachment-thumbnail size-thumbnail wp-post-image\" alt=\"\" \/>                                  <\/div>\n\n                                <\/a>\n              \n            <\/div>\n\n          \n            <div class=\"slide-s\">\n\n                              <a href=\"https:\/\/www.rehabimed.net\/fr\/2015\/11\/manuel-de-rehabilitation-de-ramallah\/\">\n                \n                <div class=\"post-slide-text\">\n\n                                      <div class=\"post-slide-title\">\n                      Manuel de r\u00e9habilitation de Ramallah                    <\/div>\n                  \n                <\/div>\n\n                <div class=\"post-slide-thumbnail\">\n                                      <img decoding=\"async\" width=\"275\" height=\"275\" src=\"https:\/\/www.rehabimed.net\/wp-content\/uploads\/2015\/09\/Ramallah-Manual-Her4Dev-portada-275x275.jpg\" class=\"attachment-thumbnail size-thumbnail wp-post-image\" alt=\"\" \/>                                  <\/div>\n\n                                <\/a>\n              \n            <\/div>\n\n          \n        <\/div>\n\n        \n        <!-- Print a link to this category -->\n        <a href=\"https:\/\/www.rehabimed.net\/fr\/category\/publications\/\" class=\"btn btn-info\">Tout afficher Publications<\/a>\n\n        <!-- Initialize Swiper -->\n        <script>\n          jQuery(document).ready(function($) {\n            $('.logo-sc-s-wrapper .slider-slick-wrapper').slick({\n              dots: false,\n              infinite: true,\n              speed: 300,\n              slidesToShow: 4,\n              slidesToScroll: 4,\n              responsive: [{\n                  breakpoint: 1024,\n                  settings: {\n                    slidesToShow: 3,\n                    slidesToScroll: 3,\n                    infinite: true,\n                    dots: true\n                  }\n                },\n                {\n                  breakpoint: 600,\n                  settings: {\n                    slidesToShow: 2,\n                    slidesToScroll: 2\n                  }\n                },\n                {\n                  breakpoint: 480,\n                  settings: {\n                    slidesToShow: 1,\n                    slidesToScroll: 1\n                  }\n                }\n                \/\/ You can unslick at a given breakpoint now by adding:\n                \/\/ settings: \"unslick\"\n                \/\/ instead of a settings object\n              ]\n            });\n\n          });\n        <\/script>\n      <\/div>\n      \n","protected":false},"excerpt":{"rendered":"<p>M\u00e9thode RehabiMed Manuels de r\u00e9adaptation Projet Diagnosis Actes congres et conferences Bonnes pratiques Autres publications M\u00e9todo Rehabimed. M\u00e9thode RehabiMed Manuales de rehabilitaci\u00f3n. Manuels de r\u00e9adaptation Projet Diagnosis. Diagnosis Actas congresos &hellip;<\/p>\n","protected":false},"author":3,"featured_media":0,"parent":0,"menu_order":4,"comment_status":"closed","ping_status":"closed","template":"template-fullwidth.php","meta":{"_monsterinsights_skip_tracking":false,"_monsterinsights_sitenote_active":false,"_monsterinsights_sitenote_note":"","_monsterinsights_sitenote_category":0,"_uf_show_specific_survey":0,"_uf_disable_surveys":false,"footnotes":""},"aioseo_notices":[],"_links":{"self":[{"href":"https:\/\/www.rehabimed.net\/fr\/wp-json\/wp\/v2\/pages\/14228"}],"collection":[{"href":"https:\/\/www.rehabimed.net\/fr\/wp-json\/wp\/v2\/pages"}],"about":[{"href":"https:\/\/www.rehabimed.net\/fr\/wp-json\/wp\/v2\/types\/page"}],"author":[{"embeddable":true,"href":"https:\/\/www.rehabimed.net\/fr\/wp-json\/wp\/v2\/users\/3"}],"replies":[{"embeddable":true,"href":"https:\/\/www.rehabimed.net\/fr\/wp-json\/wp\/v2\/comments?post=14228"}],"version-history":[{"count":0,"href":"https:\/\/www.rehabimed.net\/fr\/wp-json\/wp\/v2\/pages\/14228\/revisions"}],"wp:attachment":[{"href":"https:\/\/www.rehabimed.net\/fr\/wp-json\/wp\/v2\/media?parent=14228"}],"curies":[{"name":"wp","href":"https:\/\/api.w.org\/{rel}","templated":true}]}}