{"id":1419,"date":"2011-03-23T20:50:23","date_gmt":"2011-03-23T19:50:23","guid":{"rendered":"http:\/\/wpprova1.com\/?page_id=1419"},"modified":"2024-05-31T11:10:16","modified_gmt":"2024-05-31T09:10:16","slug":"constitution-de-lassociation-rehabimed","status":"publish","type":"page","link":"https:\/\/www.rehabimed.net\/fr\/constitution-de-lassociation-rehabimed\/","title":{"rendered":"L\u2019Association RehabiMed"},"content":{"rendered":"<div class=\"panel-group\" id=\"rehabimed_wrap\" role=\"tablist\" aria-multiselectable=\"true\"><div class=\"panel panel-default\">    <div class=\"panel-heading\" role=\"tab\" id=\"heading_data1\">        <h4 class=\"panel-title\"><a class=\"accordion-toggle collapsed\" data-toggle=\"collapse\" aria-controls=\"heading_data1\" data-parent=\"#rehabimed_wrap\" href=\"#data1\">Qui sommes nous<\/a>        <\/h4>    <\/div>    <div id=\"data1\" class=\"panel-collapse collapse in\" role=\"tabpanel\" aria-labelledby=\"heading_data1\">        <div class=\"panel-body\">\n<p>L\u2019association RehabiMed est une initiative qui recueille la longue exp\u00e9rience de travail conjoint entre institutions et organisations de plus de 40 pays euro-m\u00e9diterran\u00e9ens. De fait, elle formalise un r\u00e9seau d\u2019experts de pays du Nord et de pays du Sud de la M\u00e9diterran\u00e9e qui s\u2019est consolid\u00e9 en travaillant ensemble et de mani\u00e8re r\u00e9p\u00e9titive. Cette association vise \u00e0 \u00e9tendre son exp\u00e9rience et ses connaissances \u00e0 d\u2019autres r\u00e9gions de la plan\u00e8te.<br \/>\nL\u2019objectif fondamental de l\u2019association est de promouvoir la r\u00e9habilitation durable du parc \u00e9difi\u00e9 ainsi que la revitalisation sociale et \u00e9conomique des centres historiques sur toute la plan\u00e8te, en projetant l\u2019exp\u00e9rience m\u00e9diterran\u00e9enne. Pour atteindre cet objectif, l\u2019association RehabiMed impulse la recherche et la formation d\u2019experts en r\u00e9habilitation, diffuse une m\u00e9thodologie de travail multidisciplinaire, d\u00e9veloppe la capacit\u00e9 de gestion des administrations, contribue \u00e0 l\u2019am\u00e9lioration des conditions de vie de la population et sensibilise quant \u00e0 la pr\u00e9servation du patrimoine comme facteur de d\u00e9veloppement durable et respectueux de l\u2019environnement.<\/p>\n<p>L\u2019association RehabiMed a son si\u00e8ge \u00e0 Barcelone et d\u00e9veloppe ses objectifs et ses activit\u00e9s dans tous les pays europ\u00e9ens et de la M\u00e9diterran\u00e9e, avec une claire vocation de projection mondiale au travers de conventions de collaboration avec divers organismes internationaux.<\/p>\n<p>        <\/p><\/div>    <\/div><\/div><div class=\"panel panel-default\">    <div class=\"panel-heading\" role=\"tab\" id=\"heading_data2\">        <h4 class=\"panel-title\"><a class=\"accordion-toggle collapsed\" data-toggle=\"collapse\" aria-controls=\"heading_data2\" data-parent=\"#rehabimed_wrap\" href=\"#data2\">Les membres du Conseil<\/a>        <\/h4>    <\/div>    <div id=\"data2\" class=\"panel-collapse collapse \" role=\"tabpanel\" aria-labelledby=\"heading_data2\">        <div class=\"panel-body\">\n<div class=\"row\">  <div class=\"col-md-3\">\n    <div class=\"box-equip\">\n      <div class=\"desc\">\n        <strong>Pr\u00e9sident<\/strong><br \/>\n        Xavier Casanovas i Boixereu      <\/div>\n    <\/div>\n  <\/div>\n\n  <div class=\"col-md-3\">\n    <div class=\"box-equip\">\n      <div class=\"desc\">\n        <strong>Secr\u00e9taire<\/strong><br \/>\n        Oriol Cusid\u00f3 i Gar\u00ed      <\/div>\n    <\/div>\n  <\/div>\n\n  <div class=\"col-md-3\">\n    <div class=\"box-equip\">\n      <div class=\"desc\">\n        <strong>Tr\u00e9sorier<\/strong><br \/>\n        Joan Ram\u00f3n Rosell i Amig\u00f3      <\/div>\n    <\/div>\n  <\/div>\n\n<\/div>\n<p><strong>Delegationships:<\/strong><\/p>\n<p>Territoire, paysage et ville: Oriol Cusid\u00f3 i Gar\u00ed<br \/>\nIntervention urbaine: Marc Manzano i Sal\u00f3<br \/>\nMat\u00e9riaux traditionnels: Estudi M103, Jorge Blasco<br \/>\nArtisanat d&#8217;art: Judit Ram\u00edrez Casas<br \/>\nStructures de b\u00e2timent: Association des consultants en structures, Josep Baquer<br \/>\nPatrimoine, recherche historique et sensibilisation: Montserrat Villaverde<br \/>\nPublications: Joan Olona i Casas<br \/>\nR\u00e9habilitation du b\u00e2timent: Josep Coll i Mir\u00f3<\/p>\n<p><img decoding=\"async\" class=\"alignnone size-large wp-image-23585\" src=\"https:\/\/www.rehabimed.net\/wp-content\/uploads\/2024\/05\/Junta-Rehabimed_2024-1-768x619.jpg\" alt=\"\" width=\"768\" height=\"619\" srcset=\"https:\/\/www.rehabimed.net\/wp-content\/uploads\/2024\/05\/Junta-Rehabimed_2024-1-768x619.jpg 768w, https:\/\/www.rehabimed.net\/wp-content\/uploads\/2024\/05\/Junta-Rehabimed_2024-1-300x242.jpg 300w, https:\/\/www.rehabimed.net\/wp-content\/uploads\/2024\/05\/Junta-Rehabimed_2024-1.jpg 1463w\" sizes=\"(max-width: 768px) 100vw, 768px\" \/><\/p>\n<p>        <\/p><\/div>    <\/div><\/div><div class=\"panel panel-default\">    <div class=\"panel-heading\" role=\"tab\" id=\"heading_data3\">        <h4 class=\"panel-title\"><a class=\"accordion-toggle collapsed\" data-toggle=\"collapse\" aria-controls=\"heading_data3\" data-parent=\"#rehabimed_wrap\" href=\"#data3\">Objectives<\/a>        <\/h4>    <\/div>    <div id=\"data3\" class=\"panel-collapse collapse \" role=\"tabpanel\" aria-labelledby=\"heading_data3\">        <div class=\"panel-body\">\n<p>L\u2019objet de l\u2019Association RehabiMed est de promouvoir la r\u00e9habilitation du parc b\u00e2ti et le d\u00e9veloppement durable en Europe et en M\u00e9diterran\u00e9e.<br \/>\nPour la r\u00e9alisation de son objet, RehabiMed d\u00e9veloppe des projets et des activit\u00e9s qui permettent d\u2019atteindre les objectifs suivants :<\/p>\n<ul>\n<li>Impulser la recherche et la formation sur la r\u00e9habilitation, la durabilit\u00e9 et la valorisation sociale, \u00e9conomique, environnementale et culturelle du patrimoine b\u00e2ti \u00e0 travers un r\u00e9seau d\u2019experts internationaux.<\/li>\n<li>Diffuser une m\u00e9thodologie de travail multidisciplinaire pour la r\u00e9habilitation et l&#8217;entretien des b\u00e2timents dans les domaines de la l\u00e9gislation, de la gestion et de la technique.<\/li>\n<li>Cr\u00e9er des synergies entre tous les acteurs engag\u00e9s dans le processus de r\u00e9habilitation et de revitalisation urbaines durables.<\/li>\n<li>Augmenter les capacit\u00e9s de gestion des autorit\u00e9s locales et r\u00e9gionales pour la r\u00e9habilitation urbaine durable.<\/li>\n<li>Contribuer \u00e0 l&#8217;am\u00e9lioration des conditions de vie, d&#8217;un large \u00e9ventail de la population par la r\u00e9habilitation du parc b\u00e2ti.<\/li>\n<li>Fournir aux ONG du d\u00e9veloppement une assistance technique pour leurs activit\u00e9s li\u00e9es \u00e0 la r\u00e9habilitation du parc b\u00e2ti.<\/li>\n<li>Promouvoir les activit\u00e9s d\u2019inventaire, de mise en valeur, de revitalisation des centres historiques, de r\u00e9habilitation et de r\u00e9utilisation durables des b\u00e2timents.<\/li>\n<li>Renforcer la compr\u00e9hension mutuelle et le dialogue entre les cultures, les g\u00e9n\u00e9rations et les genres \u00e0 travers la connaissance et la pr\u00e9servation de l\u2019identit\u00e9 historique et culturelle commune du patrimoine architectural mat\u00e9riel et immat\u00e9riel.<\/li>\n<li>Stimuler la prise de conscience de l\u2019ensemble de la population sur l\u2019importance de la sauvegarde du patrimoine b\u00e2ti comme facteur de d\u00e9veloppement social et \u00e9conomique durable.<\/li>\n<li>Coop\u00e9rer directement avec les autorit\u00e9s pour le d\u00e9veloppement de plans de gestion int\u00e9grale.<\/li>\n<\/ul>\n<p>        <\/p><\/div>    <\/div><\/div><div class=\"panel panel-default\">    <div class=\"panel-heading\" role=\"tab\" id=\"heading_data6\">        <h4 class=\"panel-title\"><a class=\"accordion-toggle collapsed\" data-toggle=\"collapse\" aria-controls=\"heading_data6\" data-parent=\"#rehabimed_wrap\" href=\"#data6\">Statuts de l'Association RehabiMed<\/a>        <\/h4>    <\/div>    <div id=\"data6\" class=\"panel-collapse collapse \" role=\"tabpanel\" aria-labelledby=\"heading_data6\">        <div class=\"panel-body\">\n<p><a class=\"btn btn-primary\" href=\"https:\/\/www.rehabimed.net\/fr\/statuts-de-lassociation-rehabimed\/\">View statutes<\/a><\/p>\n<p>        <\/p><\/div>    <\/div><\/div><\/div>\n<hr \/>\n<div class=\"esquina-wrap\"><img decoding=\"async\" class=\"esquina\" src=\"https:\/\/www.rehabimed.net\/wp-content\/uploads\/2011\/03\/esquina.png\" alt=\"icono esquina\" \/><\/div>\n<h2 id=\"socio\">Devenez membre et collaborez<\/h2>\n<p>Nous sommes int\u00e9ress\u00e9s \u00e0 avoir votre collaboration pour la promotion de la r\u00e9habilitation du patrimoine b\u00e2ti, avec l\u2019objectif de pr\u00e9server l&#8217;identit\u00e9 historique et culturelle de l&#8217;architecture traditionnelle m\u00e9diterran\u00e9enne.<\/p>\n<p>Pas \u00e0 suivre:<\/p>\n<p>Remplissez le formulaire de demande.<br \/>\nEnvoyer un bref CV et une lettre de motivation<\/p>\n\n<div class=\"wpcf7 no-js\" id=\"wpcf7-f6964-o1\" lang=\"fr-FR\" dir=\"ltr\">\n<div class=\"screen-reader-response\"><p role=\"status\" aria-live=\"polite\" aria-atomic=\"true\"><\/p> <ul><\/ul><\/div>\n<form action=\"\/fr\/wp-json\/wp\/v2\/pages\/1419#wpcf7-f6964-o1\" method=\"post\" class=\"wpcf7-form init wpcf7-acceptance-as-validation\" aria-label=\"Formulaire de contact\" enctype=\"multipart\/form-data\" novalidate=\"novalidate\" data-status=\"init\">\n<div style=\"display: none;\">\n<input type=\"hidden\" name=\"_wpcf7\" value=\"6964\" \/>\n<input type=\"hidden\" name=\"_wpcf7_version\" value=\"5.9.3\" \/>\n<input type=\"hidden\" name=\"_wpcf7_locale\" value=\"fr_FR\" \/>\n<input type=\"hidden\" name=\"_wpcf7_unit_tag\" value=\"wpcf7-f6964-o1\" \/>\n<input type=\"hidden\" name=\"_wpcf7_container_post\" value=\"0\" \/>\n<input type=\"hidden\" name=\"_wpcf7_posted_data_hash\" value=\"\" \/>\n<input type=\"hidden\" name=\"_wpcf7_recaptcha_response\" value=\"\" \/>\n<\/div>\n<div class=\"row\">\n\t<div class=\"col-md-6\">\n\t\t<p><span class=\"wpcf7-form-control-wrap\" data-name=\"your-name\"><input size=\"40\" class=\"wpcf7-form-control wpcf7-text wpcf7-validates-as-required\" aria-required=\"true\" aria-invalid=\"false\" placeholder=\"Pr\u00e9nom et nom \/ Soci\u00e9t\u00e9 ou institution\" value=\"\" type=\"text\" name=\"your-name\" \/><\/span>\n\t\t<\/p>\n\t\t<p><span class=\"wpcf7-form-control-wrap\" data-name=\"your-email\"><input size=\"40\" class=\"wpcf7-form-control wpcf7-email wpcf7-validates-as-required wpcf7-text wpcf7-validates-as-email\" aria-required=\"true\" aria-invalid=\"false\" placeholder=\"Courrier \u00e9lectronique\" value=\"\" type=\"email\" name=\"your-email\" \/><\/span>\n\t\t<\/p>\n\t\t<p><span class=\"wpcf7-form-control-wrap\" data-name=\"profesion\"><input size=\"40\" class=\"wpcf7-form-control wpcf7-text wpcf7-validates-as-required\" aria-required=\"true\" aria-invalid=\"false\" placeholder=\"Profession \/ entit\u00e9 de type\" value=\"\" type=\"text\" name=\"profesion\" \/><\/span>\n\t\t<\/p>\n\t\t<p><span class=\"wpcf7-form-control-wrap\" data-name=\"persona\"><input size=\"40\" class=\"wpcf7-form-control wpcf7-text wpcf7-validates-as-required\" aria-required=\"true\" aria-invalid=\"false\" placeholder=\"Personne de contact (entit\u00e9s seulement)\" value=\"\" type=\"text\" name=\"persona\" \/><\/span>\n\t\t<\/p>\n\t\t<p><span class=\"wpcf7-form-control-wrap\" data-name=\"dni\"><input size=\"40\" class=\"wpcf7-form-control wpcf7-text wpcf7-validates-as-required\" aria-required=\"true\" aria-invalid=\"false\" placeholder=\"Pas de passeport \/ DNI \/ NIE NIF \/ CIF\" value=\"\" type=\"text\" name=\"dni\" \/><\/span>\n\t\t<\/p>\n\t\t<p><span class=\"wpcf7-form-control-wrap\" data-name=\"direccion\"><input size=\"40\" class=\"wpcf7-form-control wpcf7-text wpcf7-validates-as-required\" aria-required=\"true\" aria-invalid=\"false\" placeholder=\"Adresse postale\" value=\"\" type=\"text\" name=\"direccion\" \/><\/span>\n\t\t<\/p>\n\t\t<p><span class=\"wpcf7-form-control-wrap\" data-name=\"telefono\"><input size=\"40\" class=\"wpcf7-form-control wpcf7-text wpcf7-validates-as-required\" aria-required=\"true\" aria-invalid=\"false\" placeholder=\"T\u00e9l\u00e9phone de contact\" value=\"\" type=\"text\" name=\"telefono\" \/><\/span>\n\t\t<\/p>\n\t\t<p>Bref CV:<br \/>\n<span class=\"wpcf7-form-control-wrap\" data-name=\"file-cv\"><input size=\"40\" class=\"wpcf7-form-control wpcf7-file wpcf7-validates-as-required\" accept=\".pdf,.docx,.doc,.rtf\" aria-required=\"true\" aria-invalid=\"false\" type=\"file\" name=\"file-cv\" \/><\/span>\n\t\t<\/p>\n\t\t<p>Lettre de motivation:<br \/>\n<span class=\"wpcf7-form-control-wrap\" data-name=\"file-carta\"><input size=\"40\" class=\"wpcf7-form-control wpcf7-file wpcf7-validates-as-required\" accept=\".pdf,.docx,.doc,.rtf\" aria-required=\"true\" aria-invalid=\"false\" type=\"file\" name=\"file-carta\" \/><\/span>\n\t\t<\/p>\n\t\t<p><span class=\"wpcf7-form-control-wrap\" data-name=\"accept-this-1\"><span class=\"wpcf7-form-control wpcf7-acceptance\"><span class=\"wpcf7-list-item\"><label><input type=\"checkbox\" name=\"accept-this-1\" value=\"1\" aria-invalid=\"false\" \/><span class=\"wpcf7-list-item-label\">J'accepte les <a href=\"https:\/\/www.rehabimed.net\/fr\/privacy-and-data-protection-policy\/\" target=\"_blank\">termes et conditions<\/a><\/span><\/label><\/span><\/span><\/span>\n\t\t<\/p>\n\t\n\t\t<p>&nbsp;\n\t\t<\/p>\n\t\t<p><input class=\"wpcf7-form-control wpcf7-submit has-spinner btn btn-primary\" type=\"submit\" value=\"Envoyer\" \/>\n\t\t<\/p>\n\t<\/div>\n<\/div><p style=\"display: none !important;\" class=\"akismet-fields-container\" data-prefix=\"_wpcf7_ak_\"><label>&#916;<textarea name=\"_wpcf7_ak_hp_textarea\" cols=\"45\" rows=\"8\" maxlength=\"100\"><\/textarea><\/label><input type=\"hidden\" id=\"ak_js_1\" name=\"_wpcf7_ak_js\" value=\"231\"\/><script>document.getElementById( \"ak_js_1\" ).setAttribute( \"value\", ( new Date() ).getTime() );<\/script><\/p><div class=\"wpcf7-response-output\" aria-hidden=\"true\"><\/div>\n<\/form>\n<\/div>\n\n","protected":false},"excerpt":{"rendered":"<p>Devenez membre et collaborez Nous sommes int\u00e9ress\u00e9s \u00e0 avoir votre collaboration pour la promotion de la r\u00e9habilitation du patrimoine b\u00e2ti, avec l\u2019objectif de pr\u00e9server l&#8217;identit\u00e9 historique et culturelle de l&#8217;architecture &hellip;<\/p>\n","protected":false},"author":1,"featured_media":0,"parent":0,"menu_order":142,"comment_status":"closed","ping_status":"closed","template":"","meta":{"_monsterinsights_skip_tracking":false,"_monsterinsights_sitenote_active":false,"_monsterinsights_sitenote_note":"","_monsterinsights_sitenote_category":0,"_uf_show_specific_survey":0,"_uf_disable_surveys":false,"footnotes":""},"aioseo_notices":[],"_links":{"self":[{"href":"https:\/\/www.rehabimed.net\/fr\/wp-json\/wp\/v2\/pages\/1419"}],"collection":[{"href":"https:\/\/www.rehabimed.net\/fr\/wp-json\/wp\/v2\/pages"}],"about":[{"href":"https:\/\/www.rehabimed.net\/fr\/wp-json\/wp\/v2\/types\/page"}],"author":[{"embeddable":true,"href":"https:\/\/www.rehabimed.net\/fr\/wp-json\/wp\/v2\/users\/1"}],"replies":[{"embeddable":true,"href":"https:\/\/www.rehabimed.net\/fr\/wp-json\/wp\/v2\/comments?post=1419"}],"version-history":[{"count":0,"href":"https:\/\/www.rehabimed.net\/fr\/wp-json\/wp\/v2\/pages\/1419\/revisions"}],"wp:attachment":[{"href":"https:\/\/www.rehabimed.net\/fr\/wp-json\/wp\/v2\/media?parent=1419"}],"curies":[{"name":"wp","href":"https:\/\/api.w.org\/{rel}","templated":true}]}}