{"id":7807,"date":"2015-11-03T10:21:22","date_gmt":"2015-11-03T10:21:22","guid":{"rendered":"http:\/\/www.rehabimed.net\/?page_id=7807"},"modified":"2018-06-12T20:51:36","modified_gmt":"2018-06-12T20:51:36","slug":"politica-de-cookies","status":"publish","type":"page","link":"https:\/\/www.rehabimed.net\/es\/politica-de-cookies\/","title":{"rendered":"POLITICA DE COOKIES"},"content":{"rendered":"<p>Cookie es un fichero que se descarga en su ordenador al acceder a determinadas p\u00e1ginas web. Las cookies permiten a una p\u00e1gina web, entre otras cosas, almacenar y recuperar informaci\u00f3n sobre los h\u00e1bitos de navegaci\u00f3n de un usuario o de su equipo y, dependiendo de la informaci\u00f3n que contengan y de la forma en que utilice su equipo, pueden utilizarse para reconocer al usuario. El navegador del usuario memoriza cookies en el disco duro solamente durante la sesi\u00f3n actual ocupando un espacio de memoria m\u00ednimo y no perjudicando al ordenador. Las cookies no contienen ninguna clase de informaci\u00f3n personal espec\u00edfica, y la mayor\u00eda de las mismas se borran del disco duro al finalizar la sesi\u00f3n de navegador (las denominadas cookies de sesi\u00f3n).<\/p>\n<p>La mayor\u00eda de los navegadores aceptan como est\u00e1ndar a las cookies y, con independencia de las mismas, permiten o impiden en los ajustes de seguridad las cookies temporales o memorizadas.<\/p>\n<p>Sin su expreso consentimiento \u2013mediante la activaci\u00f3n de las cookies en su navegador\u2013la Asociaci\u00f3n RehabiMed no enlazar\u00e1 en las cookies los datos memorizados con sus datos personales proporcionados en el momento del registro.<\/p>\n<p>&nbsp;<\/p>\n<p><b>\u00bfQu\u00e9 tipos de cookies utiliza esta p\u00e1gina web?<\/b><\/p>\n<p><b>Seg\u00fan su finalidad<\/b><\/p>\n<p>Cookies t\u00e9cnicas: Son aquellas que\u00a0permiten al usuario la navegaci\u00f3n a trav\u00e9s de una p\u00e1gina web, plataforma o aplicaci\u00f3n y la utilizaci\u00f3n de las diferentes opciones o servicios que en ella existan\u00a0como, por ejemplo, controlar el tr\u00e1fico y la comunicaci\u00f3n de datos, identificar la sesi\u00f3n, acceder a partes de acceso restringido, recordar los elementos que integran un pedido, realizar el proceso de compra de un pedido, realizar la solicitud de inscripci\u00f3n o participaci\u00f3n en un evento, utilizar elementos de seguridad durante la navegaci\u00f3n, almacenar contenidos para la difusi\u00f3n de videos o sonido o compartir contenidos a trav\u00e9s de redes sociales.<br \/>\nCookies de personalizaci\u00f3n: Son aquellas que permiten al usuario acceder al servicio con algunas caracter\u00edsticas de car\u00e1cter general predefinidas en funci\u00f3n de una serie de criterios en el terminal del usuario como por ejemplo serian el\u00a0idioma, el tipo de navegador a trav\u00e9s del cual accede al servicio, la configuraci\u00f3n regional desde donde accede al servicio, etc.<br \/>\nCookies de an\u00e1lisis:\u00a0Son aquellas que bien tratadas por nosotros o por terceros, nos permiten cuantificar el n\u00famero de usuarios y as\u00ed realizar la\u00a0medici\u00f3n y an\u00e1lisis estad\u00edstico\u00a0de la utilizaci\u00f3n que hacen los usuarios del servicio ofertado. Para ello se analiza su navegaci\u00f3n en nuestra p\u00e1gina web con el fin de mejorar la oferta de productos o servicios que le ofrecemos.<br \/>\n<b>Seg\u00fan la entidad que las gestiona:<\/b><\/p>\n<p>Cookies Propias: Son aquellas que\u00a0se env\u00edan al equipo terminal del usuario desde un equipo o dominio gestionado por el propio editor\u00a0y desde el que se presta el servicio solicitado por el usuario.<br \/>\nCookies de Terceros: Son aquellas que\u00a0se env\u00edan al equipo terminal del usuario desde un equipo o dominio que no es gestionado por el editor, sino por otra entidad\u00a0que trata los datos obtenidos trav\u00e9s de las cookies.<\/p>\n<p>&nbsp;<\/p>\n<p><b>Seg\u00fan el plazo de tiempo que permanecen activadas:<\/b><\/p>\n<p>De sesi\u00f3n: Son un tipo de cookies dise\u00f1adas para recabar y almacenar datos\u00a0mientras el usuario accede a una p\u00e1gina web.<br \/>\nSe suelen emplear para almacenar informaci\u00f3n que solo interesa conservar para la prestaci\u00f3n del servicio solicitado por el usuario en una sola ocasi\u00f3n.<br \/>\nPersistentes: Son un tipo de cookies en el que\u00a0los datos siguen almacenados en el terminal y pueden ser accedidos y tratados durante un periodo definido por el responsable de la cookie, y que puede ir de unos minutos a varios a\u00f1os.<\/p>\n<p>&nbsp;<\/p>\n<p>\u00bfQu\u00e9 tipos de cookies utilizan los sitios web de la ASOCIACI\u00d3N REHABIMED? A continuaci\u00f3n detallamos las cookies que se utilizan en las diferentes p\u00e1ginas \u00a0\u00a0web gestionadas por la ASOCIACI\u00d3N REHABIMED.<\/p>\n<p>&nbsp;<\/p>\n<p>&nbsp;<\/p>\n<table width=\"631\" cellspacing=\"0\" cellpadding=\"10\">\n<colgroup>\n<col width=\"81\" \/>\n<col width=\"100\" \/>\n<col width=\"294\" \/>\n<col width=\"76\" \/> <\/colgroup>\n<tbody>\n<tr valign=\"bottom\">\n<td width=\"81\" height=\"1\">Nombre<\/td>\n<td width=\"100\">Tipo<\/td>\n<td width=\"294\">Finalidad y duraci\u00f3n<\/td>\n<td width=\"76\">M\u00e1s informaci\u00f3n<\/td>\n<\/tr>\n<\/tbody>\n<tbody>\n<tr valign=\"bottom\">\n<td width=\"81\">Google Analytics<\/td>\n<td rowspan=\"2\" width=\"100\">An\u00e1lisis<\/td>\n<td rowspan=\"2\" width=\"294\">Uso an\u00e1lisis. Duraci\u00f3n entre 30 minutos y 2 a\u00f1os<\/td>\n<td rowspan=\"2\" width=\"76\"><a href=\"http:\/\/www.google.com\/intl\/es\/policies\/terms\/\">link<\/a><\/td>\n<\/tr>\n<\/tbody>\n<tbody>\n<tr>\n<td width=\"81\"><\/td>\n<\/tr>\n<tr valign=\"bottom\">\n<td width=\"81\">YouTube<\/td>\n<td width=\"100\">An\u00e1lisis<\/td>\n<td width=\"294\">Uso an\u00e1lisis. Duraci\u00f3n al finalizar la sesi\u00f3n a 2 a\u00f1os<\/td>\n<td width=\"76\"><a href=\"http:\/\/www.google.es\/intl\/es\/policies\/technologies\/cookies\/\">link<\/a><\/td>\n<\/tr>\n<\/tbody>\n<tbody>\n<tr valign=\"bottom\">\n<td width=\"81\">Idioma<\/td>\n<td width=\"100\">Personalizaci\u00f3n<\/td>\n<td width=\"294\">Almacena el idioma de usuario escogido en la p\u00e1gina de Login. En caso afirmativo indicar duraci\u00f3n<\/td>\n<td width=\"76\"><a href=\"http:\/\/www.google.com\/intl\/es\/policies\/terms\/\">link<\/a><\/td>\n<\/tr>\n<\/tbody>\n<tbody>\n<tr valign=\"bottom\">\n<td width=\"81\">Login<\/td>\n<td width=\"100\">Personalizaci\u00f3n<\/td>\n<td width=\"294\">Almacena el id de usuario para agilizar el acceso.\u00a0 En caso afirmativo indicar duraci\u00f3n<\/td>\n<td width=\"76\"><a href=\"http:\/\/www.google.com\/intl\/es\/policies\/terms\/\">link<\/a><\/td>\n<\/tr>\n<\/tbody>\n<tbody>\n<tr valign=\"bottom\">\n<td width=\"81\">Twitter Button<\/td>\n<td width=\"100\">Sociales y persistentes de publicidad comportamental<\/td>\n<td width=\"294\">Servicios de interacci\u00f3n con la red social Twitter.Duraci\u00f3n entre 30 minutos y 2 a\u00f1os. Las cookies sociales son necesarias para las redes sociales externas. Gracias a ellas es posible publicar en tu red social informaci\u00f3n relacionada con este sitio web.<\/td>\n<td width=\"76\"><a href=\"http:\/\/twitter.com\/privacy\">link<\/a><\/td>\n<\/tr>\n<\/tbody>\n<tbody>\n<tr valign=\"bottom\">\n<td width=\"81\">Facebook Connect<\/td>\n<td width=\"100\">Sociales y persistentes de publicidad comportamental<\/td>\n<td width=\"294\">Servicios de interacci\u00f3n con la red social Facebook.Duraci\u00f3n entre 30 minutos y 2 a\u00f1os. Las cookies sociales son necesarias para las redes sociales externas. Gracias a ellas es posible publicar en tu red social informaci\u00f3n relacionada con este sitio web.<\/td>\n<td width=\"76\"><a href=\"https:\/\/www.facebook.com\/policy.php\">link<\/a><\/td>\n<\/tr>\n<\/tbody>\n<tbody>\n<tr valign=\"bottom\">\n<td width=\"81\">Facebook Social Plugins<\/td>\n<td width=\"100\">Sociales y persistentes de publicidad comportamental<\/td>\n<td width=\"294\">Servicios de interacci\u00f3n con la red social Facebook.Duraci\u00f3n entre 30 minutos y 2 a\u00f1os. Las cookies sociales son necesarias para las redes sociales externas. Gracias a ellas es posible publicar en tu red social informaci\u00f3n relacionada con este sitio web.<\/td>\n<td width=\"76\"><a href=\"https:\/\/www.facebook.com\/policy.php\">link<\/a><\/td>\n<\/tr>\n<\/tbody>\n<tbody>\n<tr valign=\"bottom\">\n<td width=\"81\">Twitter Badge<\/td>\n<td width=\"100\">Sociales y persistentes de publicidad comportamental<\/td>\n<td width=\"294\">Servicios de interacci\u00f3n con la red social Twitter.Duraci\u00f3n entre 30 minutos y 2 a\u00f1os. Las cookies sociales son necesarias para las redes sociales externas. Gracias a ellas es posible publicar en tu red social informaci\u00f3n relacionada con este sitio web.<\/td>\n<td width=\"76\"><a href=\"http:\/\/twitter.com\/privacy\">link<\/a><\/td>\n<\/tr>\n<\/tbody>\n<tbody>\n<tr valign=\"bottom\">\n<td width=\"81\">Google +1<\/td>\n<td width=\"100\">Sociales<\/td>\n<td width=\"294\">Servicios de interacci\u00f3n con la red social Google+.Duraci\u00f3n entre 30 minutos y 2 a\u00f1os. Las cookies sociales son necesarias para las redes sociales externas. Gracias a ellas es posible publicar en tu red social informaci\u00f3n relacionada con este sitio web.<\/td>\n<td width=\"76\"><a href=\"http:\/\/www.google.com\/intl\/en\/policies\/privacy\/\">link<\/a><\/td>\n<\/tr>\n<\/tbody>\n<\/table>\n<p>&nbsp;<\/p>\n<p>&nbsp;<\/p>\n<p><b>\u00bfC\u00f3mo deshabilito y elimino la utilizaci\u00f3n de cookies?<\/b><\/p>\n<p>Para restringir, bloquear o borrar las cookies de este sitio web puede hacerlo, en cualquier momento, modificando la configuraci\u00f3n de su navegador conforme a las pautas que se indican a continuaci\u00f3n. Si bien la parametrizaci\u00f3n de cada navegador es diferente, es habitual que la configuraci\u00f3n de las cookies se realice en el men\u00fa de &#8220;Preferencias&#8221; o &#8220;Herramientas&#8221;. Para m\u00e1s detalle sobre la configuraci\u00f3n de las cookies en su navegador, consulte el men\u00fa &#8220;Ayuda&#8221; del mismo.<\/p>\n<p>A continuaci\u00f3n les facilitamos un listado de los principales navegadores y como deshabilitar las cookies.<\/p>\n<p>Chrome:\u00a0<a href=\"http:\/\/support.google.com\/chrome\/bin\/answer.py?hl=es&amp;answer=95647\"><br \/>\nhttp:\/\/support.google.com\/chrome\/bin\/answer.py?hl=es&amp;answer=95647<\/a><\/p>\n<p>Explorer:\u00a0<a href=\"http:\/\/windows.microsoft.com\/es-es\/windows7\/how-to-manage-cookies-in-internet-explorer-9\"><br \/>\nhttp:\/\/windows.microsoft.com\/es-es\/windows7\/how-to-manage-cookies-in-internet-explorer-9<\/a><\/p>\n<p>Firefox:<br \/>\n<a href=\"http:\/\/support.mozilla.org\/es\/kb\/habilitar-y-deshabilitar-cookies-que-los-sitios-we\">http:\/\/support.mozilla.org\/es\/kb\/habilitar-y-deshabilitar-cookies-que-los-sitios-we<\/a><\/p>\n<p>Safari:<br \/>\n<a href=\"http:\/\/support.apple.com\/kb\/ph5042\">http:\/\/support.apple.com\/kb\/ph5042<\/a><\/p>\n<p>&nbsp;<\/p>\n<p>Existen otras herramientas de terceros, disponibles on line, que permiten a los usuarios detectar las cookies en cada sitio web que visita y gestionar su desactivaci\u00f3n (por ejemplo, Ghostery:\u00a0<a href=\"http:\/\/www.ghostery.com\/faq\">http:\/\/www.ghostery.com\/faq<\/a>).<\/p>\n<p>Ud. puede retirar en cualquier momento el consentimiento relacionado con la presente Pol\u00edtica de Cookies, para ello deber\u00e1 eliminar las cookies almacenadas en su equipo a trav\u00e9s de los ajustes y configuraciones de su navegador de Internet. En caso de que no acepte las cookies es posible que la p\u00e1gina web no funcione correctamente.<\/p>\n","protected":false},"excerpt":{"rendered":"<p>Cookie es un fichero que se descarga en su ordenador al acceder a determinadas p\u00e1ginas web. Las cookies permiten a una p\u00e1gina web, entre otras cosas, almacenar y recuperar informaci\u00f3n &hellip;<\/p>\n","protected":false},"author":3,"featured_media":0,"parent":0,"menu_order":16,"comment_status":"closed","ping_status":"closed","template":"","meta":{"_monsterinsights_skip_tracking":false,"_monsterinsights_sitenote_active":false,"_monsterinsights_sitenote_note":"","_monsterinsights_sitenote_category":0,"_uf_show_specific_survey":0,"_uf_disable_surveys":false,"footnotes":""},"aioseo_notices":[],"_links":{"self":[{"href":"https:\/\/www.rehabimed.net\/es\/wp-json\/wp\/v2\/pages\/7807"}],"collection":[{"href":"https:\/\/www.rehabimed.net\/es\/wp-json\/wp\/v2\/pages"}],"about":[{"href":"https:\/\/www.rehabimed.net\/es\/wp-json\/wp\/v2\/types\/page"}],"author":[{"embeddable":true,"href":"https:\/\/www.rehabimed.net\/es\/wp-json\/wp\/v2\/users\/3"}],"replies":[{"embeddable":true,"href":"https:\/\/www.rehabimed.net\/es\/wp-json\/wp\/v2\/comments?post=7807"}],"version-history":[{"count":0,"href":"https:\/\/www.rehabimed.net\/es\/wp-json\/wp\/v2\/pages\/7807\/revisions"}],"wp:attachment":[{"href":"https:\/\/www.rehabimed.net\/es\/wp-json\/wp\/v2\/media?parent=7807"}],"curies":[{"name":"wp","href":"https:\/\/api.w.org\/{rel}","templated":true}]}}