{"id":21184,"date":"2023-03-08T13:57:53","date_gmt":"2023-03-08T12:57:53","guid":{"rendered":"https:\/\/www.rehabimed.net\/home-test\/"},"modified":"2023-03-23T13:58:12","modified_gmt":"2023-03-23T12:58:12","slug":"inicio","status":"publish","type":"page","link":"https:\/\/www.rehabimed.net\/es\/","title":{"rendered":"Inicio"},"content":{"rendered":"\n<div style=\"height:50px\" aria-hidden=\"true\" class=\"wp-block-spacer\"><\/div>\n\n\n\n<div class=\"wp-block-columns is-layout-flex wp-container-core-columns-is-layout-1 wp-block-columns-is-layout-flex\">\n<div class=\"wp-block-column is-layout-flow wp-block-column-is-layout-flow\" style=\"flex-basis:66.66%\">  <div class=\"jumbotron\" style=\"background-image:url('https:\/\/www.rehabimed.net\/wp-content\/uploads\/2017\/05\/rehabimed-home.jpg'); background-size:cover; position:relative; min-height: 500px;\">\n\n        <div class=\"header\">\n      <div class=\"container\">\n        <div class=\"row\">\n          <div class=\"col-md-6\">\n            <\/p>\n<h1>RehabiMed es la mayor red interdisciplinar del Mediterr\u00e1neo orientada a la rehabilitaci\u00f3n sostenible, la restauraci\u00f3n del patrimonio y la regeneraci\u00f3n urbana.<\/h1>\n<p>          <\/div>\n        <\/div>\n      <\/div>\n\n    <\/div>\n  <\/div>\n\n  \n\n\n\n\n<div class=\"wp-block-group home-slider\"><div class=\"wp-block-group__inner-container is-layout-constrained wp-block-group-is-layout-constrained\">  <div class=\"jumbotron\" style=\"background-image:url('https:\/\/www.rehabimed.net\/wp-content\/uploads\/2023\/03\/1_QUI-SOM.jpg'); background-size:cover; position:relative; min-height: 500px;\">\n\n    <a href=\"https:\/\/www.rehabimed.net\/es\/quienes-somos\/\" class=\"stretched-link\"><\/a>    <div class=\"header\">\n      <div class=\"container\">\n        <div class=\"row\">\n          <div class=\"col-md-6\">\n            <\/p>\n<h2>Quienes somos <\/h2>\n<p>          <\/div>\n        <\/div>\n      <\/div>\n\n    <\/div>\n  <\/div>\n\n  \n\n\n\n  <div class=\"jumbotron\" style=\"background-image:url('https:\/\/www.rehabimed.net\/wp-content\/uploads\/2017\/05\/Metode-rhm-1.jpg'); background-size:cover; position:relative; min-height: 500px;\">\n\n    <a href=\"https:\/\/www.rehabimed.net\/es\/category\/publicaciones\/\" class=\"stretched-link\"><\/a>    <div class=\"header\">\n      <div class=\"container\">\n        <div class=\"row\">\n          <div class=\"col-md-6\">\n            <\/p>\n<h2>Nuestras publicaciones <\/h2>\n<p>          <\/div>\n        <\/div>\n      <\/div>\n\n    <\/div>\n  <\/div>\n\n  \n\n\n\n  <div class=\"jumbotron\" style=\"background-image:url('https:\/\/www.rehabimed.net\/wp-content\/uploads\/2023\/03\/3_PROJECTES_1.jpg'); background-size:cover; position:relative; min-height: 500px;\">\n\n    <a href=\"https:\/\/www.rehabimed.net\/es\/category\/proyectos\/\" class=\"stretched-link\"><\/a>    <div class=\"header\">\n      <div class=\"container\">\n        <div class=\"row\">\n          <div class=\"col-md-6\">\n            <\/p>\n<h2>Proyectos<\/h2>\n<p>          <\/div>\n        <\/div>\n      <\/div>\n\n    <\/div>\n  <\/div>\n\n  \n\n<\/div><\/div>\n<\/div>\n\n\n\n<div class=\"wp-block-column is-layout-flow wp-block-column-is-layout-flow\" style=\"flex-basis:33.33%\">\n    \n      <div class=\"news-wrapper \">\n                  <h4>\u00daltimas noticias<\/h4>\n        \n        <div class=\"news-inner\">\n\n          \n            <div class=\"ms-item col-12\">\n    <div class=\"grid-item-content row\">\n\n\t\t<div class=\"col-md-4 bgimg\">\n\t\t\t<a href=\"https:\/\/www.rehabimed.net\/es\/2026\/02\/rehabimed-participa-en-lestudi-del-patrimoni-arquitectonic-del-centre-historic-de-riyadh\/\" class=\"post-title-link\">\n\n\t\t\t\t\t\t\t\n\t\t\t\t<img decoding=\"async\" width=\"275\" height=\"275\" src=\"https:\/\/www.rehabimed.net\/wp-content\/uploads\/2026\/02\/riad-275x275.jpg\" class=\"img-responsive wp-post-image\" alt=\"\" \/>\n\t\t\t\t\n\t\t\t<\/a>    \n\t\t<\/div>\n\t\t<div class=\"col-md-8\">\n\t\t\t<h2 class=\"entry-title\"><a href=\"https:\/\/www.rehabimed.net\/es\/2026\/02\/rehabimed-participa-en-lestudi-del-patrimoni-arquitectonic-del-centre-historic-de-riyadh\/\" class=\"post-title-link\">Rehabimed participa en el estudio del patrimonio arquitect\u00f3nico del centro hist\u00f3rico de Riyadh<\/a><\/h2>\n\t\t\t<time class=\"updated\" datetime=\"2026-02-15T14:30:00+00:00\">15 febrero 2026<\/time>\n\n\t\t\t\t\t\t\t<div class=\"grid-excerpt\">\n\t\t\t\t<p>\nA lo largo del a\u00f1o 2025, RehabiMed ha trabajado en el estudio de edificios patrimoniales del &hellip; <\/p>\t\t\t\t<\/div>\n\t\t\t\t\t\t\n\t\t<\/div>\n\n\t<\/div>\n<\/div>\n          \n            <div class=\"ms-item col-12\">\n    <div class=\"grid-item-content row\">\n\n\t\t<div class=\"col-md-4 bgimg\">\n\t\t\t<a href=\"https:\/\/www.rehabimed.net\/es\/2026\/01\/convocatoria-asamblea-general-ordinaria\/\" class=\"post-title-link\">\n\n\t\t\t\t\t\t\t\n\t\t\t\t<img decoding=\"async\" width=\"275\" height=\"275\" src=\"https:\/\/www.rehabimed.net\/wp-content\/uploads\/2026\/02\/riad6-275x275.jpg\" class=\"img-responsive wp-post-image\" alt=\"\" \/>\n\t\t\t\t\n\t\t\t<\/a>    \n\t\t<\/div>\n\t\t<div class=\"col-md-8\">\n\t\t\t<h2 class=\"entry-title\"><a href=\"https:\/\/www.rehabimed.net\/es\/2026\/01\/convocatoria-asamblea-general-ordinaria\/\" class=\"post-title-link\">Convocatoria Asamblea General Ordinaria<\/a><\/h2>\n\t\t\t<time class=\"updated\" datetime=\"2026-01-26T09:48:00+00:00\">26 enero 2026<\/time>\n\n\t\t\t\t\t\t\t<div class=\"grid-excerpt\">\n\t\t\t\t<p>\nD\u00eda y hora: 18 de febrero 2026, a las 18:30h\n\n\n\nLugar:&nbsp; EPSEB, Dr. Mara\u00f1\u00f3n, 50 - 08028 &hellip; <\/p>\t\t\t\t<\/div>\n\t\t\t\t\t\t\n\t\t<\/div>\n\n\t<\/div>\n<\/div>\n          \n            <div class=\"ms-item col-12\">\n    <div class=\"grid-item-content row\">\n\n\t\t<div class=\"col-md-4 bgimg\">\n\t\t\t<a href=\"https:\/\/www.rehabimed.net\/es\/2026\/01\/rehabimed-rehabilitates-and-launches-a-cultural-centre-in-tell-bayaa-in-raqqa-syria\/\" class=\"post-title-link\">\n\n\t\t\t\t\t\t\t\n\t\t\t\t<img decoding=\"async\" width=\"275\" height=\"275\" src=\"https:\/\/www.rehabimed.net\/wp-content\/uploads\/2026\/02\/1-275x275.jpg\" class=\"img-responsive wp-post-image\" alt=\"\" \/>\n\t\t\t\t\n\t\t\t<\/a>    \n\t\t<\/div>\n\t\t<div class=\"col-md-8\">\n\t\t\t<h2 class=\"entry-title\"><a href=\"https:\/\/www.rehabimed.net\/es\/2026\/01\/rehabimed-rehabilitates-and-launches-a-cultural-centre-in-tell-bayaa-in-raqqa-syria\/\" class=\"post-title-link\">RehabiMed rehabilita y pone en marcha un centro cultural en Tell Baya\u2019a, en Raqqa (Siria)<\/a><\/h2>\n\t\t\t<time class=\"updated\" datetime=\"2026-01-10T19:41:03+00:00\">10 enero 2026<\/time>\n\n\t\t\t\t\t\t\t<div class=\"grid-excerpt\">\n\t\t\t\t<p>\nDurante los \u00faltimos cuatro a\u00f1os, RehabiMed ha estado trabajando en Raqqa, concretamente en Tell &hellip; <\/p>\t\t\t\t<\/div>\n\t\t\t\t\t\t\n\t\t<\/div>\n\n\t<\/div>\n<\/div>\n          \n            <div class=\"ms-item col-12\">\n    <div class=\"grid-item-content row\">\n\n\t\t<div class=\"col-md-4 bgimg\">\n\t\t\t<a href=\"https:\/\/www.rehabimed.net\/es\/2025\/12\/es-publica-lestudi-sobre-lespluga-de-cuberes-i-el-seu-entorn\/\" class=\"post-title-link\">\n\n\t\t\t\t\t\t\t\n\t\t\t\t<img decoding=\"async\" width=\"275\" height=\"275\" src=\"https:\/\/www.rehabimed.net\/wp-content\/uploads\/2026\/01\/portada-Espluga-275x275.jpg\" class=\"img-responsive wp-post-image\" alt=\"\" \/>\n\t\t\t\t\n\t\t\t<\/a>    \n\t\t<\/div>\n\t\t<div class=\"col-md-8\">\n\t\t\t<h2 class=\"entry-title\"><a href=\"https:\/\/www.rehabimed.net\/es\/2025\/12\/es-publica-lestudi-sobre-lespluga-de-cuberes-i-el-seu-entorn\/\" class=\"post-title-link\">Se publica el estudio sobre Espluga de Cuberes y su entorno<\/a><\/h2>\n\t\t\t<time class=\"updated\" datetime=\"2025-12-03T18:17:08+00:00\">3 diciembre 2025<\/time>\n\n\t\t\t\t\t\t\t<div class=\"grid-excerpt\">\n\t\t\t\t<p>\nLos trabajos realizados en la Espluga de Cuberes y su entorno, en el marco del proyecto &hellip; <\/p>\t\t\t\t<\/div>\n\t\t\t\t\t\t\n\t\t<\/div>\n\n\t<\/div>\n<\/div>\n          \n            <div class=\"ms-item col-12\">\n    <div class=\"grid-item-content row\">\n\n\t\t<div class=\"col-md-4 bgimg\">\n\t\t\t<a href=\"https:\/\/www.rehabimed.net\/es\/2025\/03\/assamblea-general-ordinaria\/\" class=\"post-title-link\">\n\n\t\t\t\t\t\t\t\n\t\t\t\t<img decoding=\"async\" width=\"275\" height=\"275\" src=\"https:\/\/www.rehabimed.net\/wp-content\/uploads\/2024\/02\/27-1-275x275.jpg\" class=\"img-responsive wp-post-image\" alt=\"\" \/>\n\t\t\t\t\n\t\t\t<\/a>    \n\t\t<\/div>\n\t\t<div class=\"col-md-8\">\n\t\t\t<h2 class=\"entry-title\"><a href=\"https:\/\/www.rehabimed.net\/es\/2025\/03\/assamblea-general-ordinaria\/\" class=\"post-title-link\">Asamblea general ordinaria<\/a><\/h2>\n\t\t\t<time class=\"updated\" datetime=\"2025-03-03T16:41:42+00:00\">3 marzo 2025<\/time>\n\n\t\t\t\t\t\t\t<div class=\"grid-excerpt\">\n\t\t\t\t<p>\nD\u00cdA Y HORA: lunes, 24 de marzo de 2025, a las 18:30hLUGAR: EPSEB, Dr. Mara\u00f1\u00f3n, 50 - 08028 &hellip; <\/p>\t\t\t\t<\/div>\n\t\t\t\t\t\t\n\t\t<\/div>\n\n\t<\/div>\n<\/div>\n          \n            <div class=\"ms-item col-12\">\n    <div class=\"grid-item-content row\">\n\n\t\t<div class=\"col-md-4 bgimg\">\n\t\t\t<a href=\"https:\/\/www.rehabimed.net\/es\/2024\/12\/presentacio-del-projecte-viure-al-penya-segat\/\" class=\"post-title-link\">\n\n\t\t\t\t\t\t\t\n\t\t\t\t<img decoding=\"async\" width=\"275\" height=\"275\" src=\"https:\/\/www.rehabimed.net\/wp-content\/uploads\/2024\/12\/Imagen4-275x275.jpg\" class=\"img-responsive wp-post-image\" alt=\"\" \/>\n\t\t\t\t\n\t\t\t<\/a>    \n\t\t<\/div>\n\t\t<div class=\"col-md-8\">\n\t\t\t<h2 class=\"entry-title\"><a href=\"https:\/\/www.rehabimed.net\/es\/2024\/12\/presentacio-del-projecte-viure-al-penya-segat\/\" class=\"post-title-link\">Presentaci\u00f3n del Proyecto Vivir en el acantilado<\/a><\/h2>\n\t\t\t<time class=\"updated\" datetime=\"2024-12-19T15:43:25+00:00\">19 diciembre 2024<\/time>\n\n\t\t\t\t\t\t\t<div class=\"grid-excerpt\">\n\t\t\t\t<p>\nDespu\u00e9s de la presentaci\u00f3n de clausura, en el mes de septiembre, a lo largo de los meses de &hellip; <\/p>\t\t\t\t<\/div>\n\t\t\t\t\t\t\n\t\t<\/div>\n\n\t<\/div>\n<\/div>\n          \n        <\/div>\n\n      <\/div>\n    \n<\/div>\n<\/div>\n","protected":false},"excerpt":{"rendered":"","protected":false},"author":3,"featured_media":0,"parent":0,"menu_order":0,"comment_status":"closed","ping_status":"closed","template":"template-fullwidth.php","meta":{"_monsterinsights_skip_tracking":false,"_monsterinsights_sitenote_active":false,"_monsterinsights_sitenote_note":"","_monsterinsights_sitenote_category":0,"_uf_show_specific_survey":0,"_uf_disable_surveys":false,"footnotes":""},"aioseo_notices":[],"_links":{"self":[{"href":"https:\/\/www.rehabimed.net\/es\/wp-json\/wp\/v2\/pages\/21184"}],"collection":[{"href":"https:\/\/www.rehabimed.net\/es\/wp-json\/wp\/v2\/pages"}],"about":[{"href":"https:\/\/www.rehabimed.net\/es\/wp-json\/wp\/v2\/types\/page"}],"author":[{"embeddable":true,"href":"https:\/\/www.rehabimed.net\/es\/wp-json\/wp\/v2\/users\/3"}],"replies":[{"embeddable":true,"href":"https:\/\/www.rehabimed.net\/es\/wp-json\/wp\/v2\/comments?post=21184"}],"version-history":[{"count":0,"href":"https:\/\/www.rehabimed.net\/es\/wp-json\/wp\/v2\/pages\/21184\/revisions"}],"wp:attachment":[{"href":"https:\/\/www.rehabimed.net\/es\/wp-json\/wp\/v2\/media?parent=21184"}],"curies":[{"name":"wp","href":"https:\/\/api.w.org\/{rel}","templated":true}]}}