{"id":15996,"date":"2018-06-12T20:36:07","date_gmt":"2018-06-12T20:36:07","guid":{"rendered":"http:\/\/www.rehabimed.net\/?page_id=15996"},"modified":"2018-06-12T20:46:30","modified_gmt":"2018-06-12T20:46:30","slug":"politica-de-privacidad","status":"publish","type":"page","link":"https:\/\/www.rehabimed.net\/es\/politica-de-privacidad\/","title":{"rendered":"Pol\u00edtica de privacidad"},"content":{"rendered":"<p>Desde RehabiMed somos conscientes de la importancia que supone disponer de informaci\u00f3n clara y transparente sobre el uso que hacemos de la informaci\u00f3n que nos proporcionan. La relaci\u00f3n con nuestros contactos se basa en la honestidad, el rigor y la transparencia para construir relaciones s\u00f3lidas y de confianza mutua. Mediante la presente Pol\u00edtica de Privacidad les detallamos c\u00f3mo tratamos sus datos personales cuando se relacionan con nosotros.<\/p>\n<p>&nbsp;<\/p>\n<ol>\n<li><strong> Responsable del tratamiento de sus datos<\/strong><\/li>\n<\/ol>\n<p>Denominaci\u00f3n social: Asociaci\u00f3n RehabiMed.<\/p>\n<p>Domicilio social: Dr. Mara\u00f1on, 50 \u2013 08028 Barcelona.<\/p>\n<p>Correo electr\u00f3nico de contacto: info@rehabimed.net<\/p>\n<p>Datos de registro: Registro de Asociaciones de la Generalitat de Catalunya, secci\u00f3n primera.<\/p>\n<p>CIF: G65182321<\/p>\n<p>&nbsp;<\/p>\n<ol start=\"2\">\n<li><strong> Finalidad con la que tratemos sus datos<\/strong><\/li>\n<\/ol>\n<p>La finalidad del tratamiento de los datos facilitados a trav\u00e9s de los formularios en la web es el env\u00edo al usuario, mediante correo electr\u00f3nico, de los datos informativos sobre las actividades, servicios y newsletter, as\u00ed como la inscripci\u00f3n a jornadas o actividades que se ofrecen, y la tramitaci\u00f3n de las peticiones de asociaci\u00f3n a la Asociaci\u00f3n RehabiMed.<\/p>\n<p>Enviar informaci\u00f3n requerida por el usuario.<\/p>\n<p>La Asociaci\u00f3n RehabiMed conservar\u00e1 los datos facilitados mientras no se solicite su supresi\u00f3n por parte del titular.<\/p>\n<p>&nbsp;<\/p>\n<ol start=\"3\">\n<li>3<strong>. Legitimaci\u00f3n para el tratamiento de sus datos<\/strong><\/li>\n<\/ol>\n<p>Tanto el tratamiento de los datos facilitados para la participaci\u00f3n en la web como el tratamiento para la tramitaci\u00f3n de informaci\u00f3n sobre la Asociaci\u00f3n RehabiMed al correo electr\u00f3nico solicitado, est\u00e1n basados en el consentimiento solicitado al interesado en el momento de facilitar sus datos.<\/p>\n<p>&nbsp;<\/p>\n<ol start=\"4\">\n<li><strong> Comunicaci\u00f3n de sus datos<\/strong><\/li>\n<\/ol>\n<p>Los datos facilitados solo los tratar\u00e1 la Asociaci\u00f3n RehabiMed y no se comunicar\u00e1n ni ceder\u00e1n a ninguna otra entidad, a excepci\u00f3n de que sea obligatorio por ley.<\/p>\n<p>&nbsp;<\/p>\n<ol start=\"5\">\n<li><strong> Derechos cuando nos facilitan sus datos<\/strong><\/li>\n<\/ol>\n<p>Cualquier persona tiene derecho a obtener informaci\u00f3n clara y comprensible sobre si en la Asociaci\u00f3n RehabiMed se est\u00e1n tratando sus datos personales.<\/p>\n<p>Las personas interesadas tienen derecho a acceder a sus datos de car\u00e1cter personal y a solicitar la rectificaci\u00f3n de los datos inexactos o, en su caso, solicitar la supresi\u00f3n, as\u00ed mismo pueden retirar el consentimiento otorgado. Tambi\u00e9n pueden ejercer su derecho a la limitaci\u00f3n del tratamiento, de tal forma que sus datos no ser\u00e1n suprimidos pero su tratamiento estar\u00e1 sujeto a limitaciones.<\/p>\n<p>El ejercicio de los derechos anteriormente indicados se puede realizar por correo postal, adjuntando copia del DNI o pasaporte, delante de la Asociaci\u00f3n RehabiMed con domicilio en la avenida Dr. Mara\u00f1\u00f3n, 50, 08028 Barcelona, o por correo electr\u00f3nico, a <a href=\"mailto:asociacion.rehabimed@gmail.com\">asociacion.rehabimed@gmail.com<\/a> o info@rehabimed.net, con la misma documentaci\u00f3n que para el correo postal.<\/p>\n<p>&nbsp;<\/p>\n<ol start=\"6\">\n<li><strong> Cookies<\/strong><\/li>\n<\/ol>\n<p>Nuestra web utiliza cookies para facilitar la navegaci\u00f3n del usuario. M\u00e1s informaci\u00f3n sobre las cookies <a href=\"https:\/\/www.rehabimed.net\/es\/politica-de-cookies\/\">aqu\u00ed<\/a>.<\/p>\n<p><strong>\u00a0<\/strong><\/p>\n<ol start=\"7\">\n<li><strong> Redes sociales y plataformas externas<\/strong><\/li>\n<\/ol>\n<p>Este web puede incluir contenido incrustado, como v\u00eddeos de Youtube y otros. El contenido incrustado proveniente de dichas redes se comporta exactamente de la misma manera que si el visitante las hubiera visitado. Dichas redes sociales pueden recopilar datos sobre el usuario, utilizar cookies, incrustar un seguimiento adicional de terceros, y supervisar su interacci\u00f3n con ese contenido incrustado.<\/p>\n<p><strong>\u00a0<\/strong><\/p>\n<ol start=\"8\">\n<li><strong> Propiedad intelectual<\/strong><\/li>\n<\/ol>\n<p>La Asociaci\u00f3n RehabiMed comunica al usuario que todos los elementos de este portal est\u00e1n protegidos por las disposiciones de la propiedad intelectual. Por este motivo, el texto, el dise\u00f1o, las im\u00e1genes, las herramientas, las p\u00e1ginas y otros son titularidad de Asociaci\u00f3n RehabiMed y, en consecuencia, no pueden ser utilizados sin la autorizaci\u00f3n previa de Asociaci\u00f3n RehabiMed formalizada por escrito.<\/p>\n<p>&nbsp;<\/p>\n<ol start=\"9\">\n<li><strong> Enlaces (links)<\/strong><\/li>\n<\/ol>\n<p>El establecimiento de un enlace de esta web a otro portal no implica que Asociaci\u00f3n RehabiMed acepte o apruebe los contenidos del portal enlazado. De todos modos, y en cumplimiento de la normativa vigente, si la Asociaci\u00f3n RehabiMed advierte cualquier contenido ilegal suprimir\u00e1 el enlace y lo comunicar\u00e1 a las autoridades pertinentes.<\/p>\n<p>&nbsp;<\/p>\n<ol start=\"10\">\n<li><strong> Secreto y seguridad de los datos<\/strong><\/li>\n<\/ol>\n<p>La Asociaci\u00f3n RehabiMed se compromete en la utilizaci\u00f3n de los datos, a respetar su confidencialidad y a utilizarlos de acuerdo con la finalidad de los mismos, as\u00ed como a dar cumplimiento a su obligaci\u00f3n de guardarlos y adaptar todas las medidas para evitar la alteraci\u00f3n, p\u00e9rdida, tratamiento o acceso no autorizado, de conformidad con lo establecido en el Real Decreto 1720\/2007 de 21 de diciembre por el que se aprueba el Reglamento de desarrollo de la Ley Org\u00e1nica 15\/1999 de 13 de diciembre, de Protecci\u00f3n de Datos de Car\u00e1cter Personal.<\/p>\n<p>&nbsp;<\/p>\n<ol start=\"11\">\n<li><strong> Contacto<\/strong><\/li>\n<\/ol>\n<p>Para toda consulta sobre el tratamiento de sus datos puede ponerse en contacto con nuestro DPO en <a href=\"mailto:asociacion.rehabimed@gmail.com\">asociacion.rehabimed@gmail.com<\/a><\/p>\n","protected":false},"excerpt":{"rendered":"<p>Desde RehabiMed somos conscientes de la importancia que supone disponer de informaci\u00f3n clara y transparente sobre el uso que hacemos de la informaci\u00f3n que nos proporcionan. La relaci\u00f3n con nuestros &hellip;<\/p>\n","protected":false},"author":3,"featured_media":0,"parent":0,"menu_order":0,"comment_status":"closed","ping_status":"closed","template":"","meta":{"_monsterinsights_skip_tracking":false,"_monsterinsights_sitenote_active":false,"_monsterinsights_sitenote_note":"","_monsterinsights_sitenote_category":0,"_uf_show_specific_survey":0,"_uf_disable_surveys":false,"footnotes":""},"aioseo_notices":[],"_links":{"self":[{"href":"https:\/\/www.rehabimed.net\/es\/wp-json\/wp\/v2\/pages\/15996"}],"collection":[{"href":"https:\/\/www.rehabimed.net\/es\/wp-json\/wp\/v2\/pages"}],"about":[{"href":"https:\/\/www.rehabimed.net\/es\/wp-json\/wp\/v2\/types\/page"}],"author":[{"embeddable":true,"href":"https:\/\/www.rehabimed.net\/es\/wp-json\/wp\/v2\/users\/3"}],"replies":[{"embeddable":true,"href":"https:\/\/www.rehabimed.net\/es\/wp-json\/wp\/v2\/comments?post=15996"}],"version-history":[{"count":0,"href":"https:\/\/www.rehabimed.net\/es\/wp-json\/wp\/v2\/pages\/15996\/revisions"}],"wp:attachment":[{"href":"https:\/\/www.rehabimed.net\/es\/wp-json\/wp\/v2\/media?parent=15996"}],"curies":[{"name":"wp","href":"https:\/\/api.w.org\/{rel}","templated":true}]}}