{"id":14229,"date":"2017-03-24T08:22:01","date_gmt":"2017-03-24T08:22:01","guid":{"rendered":"http:\/\/www.rehabimed.net\/publications\/"},"modified":"2019-12-21T16:31:39","modified_gmt":"2019-12-21T16:31:39","slug":"publicaciones","status":"publish","type":"page","link":"https:\/\/www.rehabimed.net\/es\/publicaciones\/","title":{"rendered":"Publicaciones"},"content":{"rendered":"<div class=\"row\">\n<div class=\"col-xs-12\">\n<ul class=\"nav nav-tabs tabs-top visible-xs-block\">\n<li class=\"active\"><a href=\"#metodo\" data-toggle=\"tab\">M\u00e9todo Rehabimed<\/a><\/li>\n<li><a href=\"#manuales\" data-toggle=\"tab\">Manuales de rehabilitaci\u00f3n<\/a><\/li>\n<li><a href=\"#diagnosis\" data-toggle=\"tab\">Proyecto Diagnosis<\/a><\/li>\n<li><a href=\"#actas\" data-toggle=\"tab\">Actas congresos y conferencias<\/a><\/li>\n<li><a href=\"#practicas\" data-toggle=\"tab\">Buenas pr\u00e1cticas<\/a><\/li>\n<li><a href=\"#otras\" data-toggle=\"tab\">Otras publicaciones<\/a><\/li>\n<\/ul>\n<\/div>\n<div class=\"col-xs-7\">\n<div class=\"tab-content\">\n<div id=\"metodo\" class=\"tab-pane active\">\n<div class=\"img-wrp\"><img decoding=\"async\" src=\"https:\/\/www.rehabimed.net\/wp-content\/uploads\/2017\/05\/Metode-rhm.jpg\" alt=\"\" \/><\/div>\n<p>M\u00e9todo Rehabimed.<br \/>\n<a class=\"btn btn-info\" href=\"https:\/\/www.rehabimed.net\/es\/category\/publicaciones\/metodo-rehabimed\/\">M\u00e9todo Rehabimed<\/a><\/p>\n<\/div>\n<div id=\"manuales\" class=\"tab-pane\">\n<div class=\"img-wrp\"><img decoding=\"async\" src=\"https:\/\/www.rehabimed.net\/wp-content\/uploads\/2017\/05\/Manuals.jpg\" alt=\"\" \/><\/div>\n<p>Manuales de rehabilitaci\u00f3n.<br \/>\n<a class=\"btn btn-info\" href=\"https:\/\/www.rehabimed.net\/es\/category\/publicaciones\/manuales\/\">Manuales de rehabilitaci\u00f3n<\/a><\/p>\n<\/div>\n<div id=\"diagnosis\" class=\"tab-pane\">\n<div class=\"img-wrp\"><img decoding=\"async\" src=\"https:\/\/www.rehabimed.net\/wp-content\/uploads\/2019\/12\/diagnosis.jpg\" alt=\"\" \/><\/div>\n<p>Proyecto Diagnosis.<br \/>\n<a class=\"btn btn-info\" href=\"https:\/\/www.rehabimed.net\/es\/category\/publicaciones\/diagnosis-es\/\">Diagnosis<\/a><\/p>\n<\/div>\n<div id=\"actas\" class=\"tab-pane\">\n<div class=\"img-wrp\"><img decoding=\"async\" src=\"https:\/\/www.rehabimed.net\/wp-content\/uploads\/2017\/05\/Colloques.jpg\" alt=\"\" \/><\/div>\n<p>Actas congresos y conferencias.<br \/>\n<a class=\"btn btn-info\" href=\"https:\/\/www.rehabimed.net\/es\/category\/publicaciones\/actas\/\">Actas congresos y conferencias<\/a><\/p>\n<\/div>\n<div id=\"practicas\" class=\"tab-pane\">\n<div class=\"img-wrp\"><img decoding=\"async\" src=\"https:\/\/www.rehabimed.net\/wp-content\/uploads\/2017\/05\/Bones-practiques.jpg\" alt=\"\" \/><\/div>\n<p>Buenas pr\u00e1cticas.<br \/>\n<a class=\"btn btn-info\" href=\"https:\/\/www.rehabimed.net\/es\/category\/publicaciones\/buenas-practicas\/\">Buenas pr\u00e1cticas<\/a><\/p>\n<\/div>\n<div id=\"otras\" class=\"tab-pane\">\n<div class=\"img-wrp\"><img decoding=\"async\" src=\"https:\/\/www.rehabimed.net\/wp-content\/uploads\/2017\/05\/Altres.jpg\" alt=\"\" \/><\/div>\n<p>Otras publicaciones.<br \/>\n<a class=\"btn btn-info\" href=\"https:\/\/www.rehabimed.net\/es\/category\/publicaciones\/otras\/\">Otras publicaciones<\/a><\/p>\n<\/div>\n<\/div>\n<\/div>\n<div class=\"col-xs-5\">\n<ul class=\"nav nav-tabs tabs-right hidden-xs\">\n<li class=\"active\"><a href=\"#metodo\" data-toggle=\"tab\">M\u00e9todo Rehabimed<\/a><\/li>\n<li><a href=\"#manuales\" data-toggle=\"tab\">Manuales de rehabilitaci\u00f3n<\/a><\/li>\n<li><a href=\"#diagnosis\" data-toggle=\"tab\">Proyecto Diagnosis<\/a><\/li>\n<li><a href=\"#actas\" data-toggle=\"tab\">Actas congresos y conferencias<\/a><\/li>\n<li><a href=\"#practicas\" data-toggle=\"tab\">Buenas pr\u00e1cticas<\/a><\/li>\n<li><a href=\"#otras\" data-toggle=\"tab\">Otras publicaciones<\/a><\/li>\n<\/ul>\n<\/div>\n<\/div>\n\n    \n      <div class=\"slick-wrapper logo-sc-s-wrapper \">\n                  <h4>Publicaciones<\/h4>\n        \n        <div class=\"slider-slick-wrapper\" data-slick='{\"slidesToShow\": 4, \"slidesToScroll\": 4}'>\n\n          \n            <div class=\"slide-s\">\n\n                              <a href=\"https:\/\/www.rehabimed.net\/es\/2026\/01\/lespluga-de-cuberes-i-el-seu-entorn-un-paisatge-cultural-a-preservar\/\">\n                \n                <div class=\"post-slide-text\">\n\n                                      <div class=\"post-slide-title\">\n                      L\u2019Espluga de Cuberes i el seu entorn, un paisatge cultural a preservar                    <\/div>\n                  \n                <\/div>\n\n                <div class=\"post-slide-thumbnail\">\n                                      <img decoding=\"async\" width=\"275\" height=\"275\" src=\"https:\/\/www.rehabimed.net\/wp-content\/uploads\/2026\/01\/portada-Espluga-275x275.jpg\" class=\"attachment-thumbnail size-thumbnail wp-post-image\" alt=\"\" \/>                                  <\/div>\n\n                                <\/a>\n              \n            <\/div>\n\n          \n            <div class=\"slide-s\">\n\n                              <a href=\"https:\/\/www.rehabimed.net\/es\/2023\/07\/debate-ufm-on-traditional-building-skills-in-the-south-mediterranean-region\/\">\n                \n                <div class=\"post-slide-text\">\n\n                                      <div class=\"post-slide-title\">\n                      Debate UfM sobre los oficios tradicionales en la construcci\u00f3n en el sur del Mediterr\u00e1neo                    <\/div>\n                  \n                <\/div>\n\n                <div class=\"post-slide-thumbnail\">\n                                      <img decoding=\"async\" width=\"275\" height=\"275\" src=\"https:\/\/www.rehabimed.net\/wp-content\/uploads\/2023\/07\/ufm_1-275x275.jpg\" class=\"attachment-thumbnail size-thumbnail wp-post-image\" alt=\"\" \/>                                  <\/div>\n\n                                <\/a>\n              \n            <\/div>\n\n          \n            <div class=\"slide-s\">\n\n                              <a href=\"https:\/\/www.rehabimed.net\/es\/2023\/03\/building-rehabilitation-expert-smart-rehabilitation-3-0\/\">\n                \n                <div class=\"post-slide-text\">\n\n                                      <div class=\"post-slide-title\">\n                      Building rehabilitation expert. Smart REHABILITATION 3.0                    <\/div>\n                  \n                <\/div>\n\n                <div class=\"post-slide-thumbnail\">\n                                      <img decoding=\"async\" width=\"275\" height=\"275\" src=\"https:\/\/www.rehabimed.net\/wp-content\/uploads\/2023\/03\/smart-rehabilitation_io1_building_rehabilitation_expert_cover-600x384-1-275x275.jpg\" class=\"attachment-thumbnail size-thumbnail wp-post-image\" alt=\"\" \/>                                  <\/div>\n\n                                <\/a>\n              \n            <\/div>\n\n          \n            <div class=\"slide-s\">\n\n                              <a href=\"https:\/\/www.rehabimed.net\/es\/2019\/10\/acuerdos-educacion-empresa\/\">\n                \n                <div class=\"post-slide-text\">\n\n                                      <div class=\"post-slide-title\">\n                      Acuerdos Educaci\u00f3n-Empresa                    <\/div>\n                  \n                <\/div>\n\n                <div class=\"post-slide-thumbnail\">\n                                      <img decoding=\"async\" width=\"275\" height=\"275\" src=\"https:\/\/www.rehabimed.net\/wp-content\/uploads\/2019\/10\/portada-IO4-Education-Business-agreements-Eng-600x384-1-275x275.jpg\" class=\"attachment-thumbnail size-thumbnail wp-post-image\" alt=\"\" \/>                                  <\/div>\n\n                                <\/a>\n              \n            <\/div>\n\n          \n            <div class=\"slide-s\">\n\n                              <a href=\"https:\/\/www.rehabimed.net\/es\/2019\/10\/metodologia-y-programa-de-formacion\/\">\n                \n                <div class=\"post-slide-text\">\n\n                                      <div class=\"post-slide-title\">\n                      Metodolog\u00eda y Programa de formaci\u00f3n                    <\/div>\n                  \n                <\/div>\n\n                <div class=\"post-slide-thumbnail\">\n                                      <img decoding=\"async\" width=\"275\" height=\"275\" src=\"https:\/\/www.rehabimed.net\/wp-content\/uploads\/2019\/12\/portada-IO3-Methodology-and-syllabus-Eng-275x275.jpg\" class=\"attachment-thumbnail size-thumbnail wp-post-image\" alt=\"\" \/>                                  <\/div>\n\n                                <\/a>\n              \n            <\/div>\n\n          \n            <div class=\"slide-s\">\n\n                              <a href=\"https:\/\/www.rehabimed.net\/es\/2019\/10\/nueva-calificacion-profesional\/\">\n                \n                <div class=\"post-slide-text\">\n\n                                      <div class=\"post-slide-title\">\n                      Nueva Calificaci\u00f3n Profesional                    <\/div>\n                  \n                <\/div>\n\n                <div class=\"post-slide-thumbnail\">\n                                      <img decoding=\"async\" width=\"275\" height=\"275\" src=\"https:\/\/www.rehabimed.net\/wp-content\/uploads\/2019\/10\/portada-IO2-New-Professional-Qualification-Eng-600x384-1-275x275.jpg\" class=\"attachment-thumbnail size-thumbnail wp-post-image\" alt=\"\" \/>                                  <\/div>\n\n                                <\/a>\n              \n            <\/div>\n\n          \n            <div class=\"slide-s\">\n\n                              <a href=\"https:\/\/www.rehabimed.net\/es\/2019\/10\/experto-en-diagnosis-de-edificios\/\">\n                \n                <div class=\"post-slide-text\">\n\n                                      <div class=\"post-slide-title\">\n                      Experto en Diagnosis de Edificios                    <\/div>\n                  \n                <\/div>\n\n                <div class=\"post-slide-thumbnail\">\n                                      <img decoding=\"async\" width=\"275\" height=\"275\" src=\"https:\/\/www.rehabimed.net\/wp-content\/uploads\/2019\/10\/portada-IO1-Building-Diagnosis-Expert-Eng_Pagina_001-600x384-1-275x275.jpg\" class=\"attachment-thumbnail size-thumbnail wp-post-image\" alt=\"\" \/>                                  <\/div>\n\n                                <\/a>\n              \n            <\/div>\n\n          \n            <div class=\"slide-s\">\n\n                              <a href=\"https:\/\/www.rehabimed.net\/es\/2016\/10\/centros-historicos-patrimonio-innovacion-y-cohesion-social-2\/\">\n                \n                <div class=\"post-slide-text\">\n\n                                      <div class=\"post-slide-title\">\n                      Centros hist\u00f3ricos: Patrimonio, innovaci\u00f3n y cohesi\u00f3n social                    <\/div>\n                  \n                <\/div>\n\n                <div class=\"post-slide-thumbnail\">\n                                      <img decoding=\"async\" width=\"275\" height=\"275\" src=\"https:\/\/www.rehabimed.net\/wp-content\/uploads\/2016\/10\/seminari_dubrovnik_FRA_lowres6-1-600x384-1-275x275.jpg\" class=\"attachment-thumbnail size-thumbnail wp-post-image\" alt=\"\" \/>                                  <\/div>\n\n                                <\/a>\n              \n            <\/div>\n\n          \n            <div class=\"slide-s\">\n\n                              <a href=\"https:\/\/www.rehabimed.net\/es\/2015\/11\/manual-para-la-rehabilitacion-de-dellys-argelia\/\">\n                \n                <div class=\"post-slide-text\">\n\n                                      <div class=\"post-slide-title\">\n                      Manual para la rehabilitaci\u00f3n de Dellys (Argelia)                    <\/div>\n                  \n                <\/div>\n\n                <div class=\"post-slide-thumbnail\">\n                                      <img decoding=\"async\" width=\"275\" height=\"275\" src=\"https:\/\/www.rehabimed.net\/wp-content\/uploads\/2015\/09\/portada-Dellys-275x275.jpg\" class=\"attachment-thumbnail size-thumbnail wp-post-image\" alt=\"\" \/>                                  <\/div>\n\n                                <\/a>\n              \n            <\/div>\n\n          \n            <div class=\"slide-s\">\n\n                              <a href=\"https:\/\/www.rehabimed.net\/es\/2015\/11\/manual-para-la-rehabilitacion-de-dellys\/\">\n                \n                <div class=\"post-slide-text\">\n\n                                      <div class=\"post-slide-title\">\n                      Manual de construcci\u00f3n en tierra de la Vall M`Zab (Argelia)                    <\/div>\n                  \n                <\/div>\n\n                <div class=\"post-slide-thumbnail\">\n                                      <img decoding=\"async\" width=\"275\" height=\"275\" src=\"https:\/\/www.rehabimed.net\/wp-content\/uploads\/2015\/11\/Captura-de-pantalla-2017-05-17-a-las-15.56.34-275x275.png\" class=\"attachment-thumbnail size-thumbnail wp-post-image\" alt=\"\" \/>                                  <\/div>\n\n                                <\/a>\n              \n            <\/div>\n\n          \n        <\/div>\n\n        \n        <!-- Print a link to this category -->\n        <a href=\"https:\/\/www.rehabimed.net\/es\/category\/publicaciones\/\" class=\"btn btn-info\">Ver m\u00e1s Publicaciones<\/a>\n\n        <!-- Initialize Swiper -->\n        <script>\n          jQuery(document).ready(function($) {\n            $('.logo-sc-s-wrapper .slider-slick-wrapper').slick({\n              dots: false,\n              infinite: true,\n              speed: 300,\n              slidesToShow: 4,\n              slidesToScroll: 4,\n              responsive: [{\n                  breakpoint: 1024,\n                  settings: {\n                    slidesToShow: 3,\n                    slidesToScroll: 3,\n                    infinite: true,\n                    dots: true\n                  }\n                },\n                {\n                  breakpoint: 600,\n                  settings: {\n                    slidesToShow: 2,\n                    slidesToScroll: 2\n                  }\n                },\n                {\n                  breakpoint: 480,\n                  settings: {\n                    slidesToShow: 1,\n                    slidesToScroll: 1\n                  }\n                }\n                \/\/ You can unslick at a given breakpoint now by adding:\n                \/\/ settings: \"unslick\"\n                \/\/ instead of a settings object\n              ]\n            });\n\n          });\n        <\/script>\n      <\/div>\n      \n","protected":false},"excerpt":{"rendered":"<p>M\u00e9todo Rehabimed Manuales de rehabilitaci\u00f3n Proyecto Diagnosis Actas congresos y conferencias Buenas pr\u00e1cticas Otras publicaciones M\u00e9todo Rehabimed. M\u00e9todo Rehabimed Manuales de rehabilitaci\u00f3n. Manuales de rehabilitaci\u00f3n Proyecto Diagnosis. Diagnosis Actas congresos &hellip;<\/p>\n","protected":false},"author":3,"featured_media":0,"parent":0,"menu_order":4,"comment_status":"closed","ping_status":"closed","template":"template-fullwidth.php","meta":{"_monsterinsights_skip_tracking":false,"_monsterinsights_sitenote_active":false,"_monsterinsights_sitenote_note":"","_monsterinsights_sitenote_category":0,"_uf_show_specific_survey":0,"_uf_disable_surveys":false,"footnotes":""},"aioseo_notices":[],"_links":{"self":[{"href":"https:\/\/www.rehabimed.net\/es\/wp-json\/wp\/v2\/pages\/14229"}],"collection":[{"href":"https:\/\/www.rehabimed.net\/es\/wp-json\/wp\/v2\/pages"}],"about":[{"href":"https:\/\/www.rehabimed.net\/es\/wp-json\/wp\/v2\/types\/page"}],"author":[{"embeddable":true,"href":"https:\/\/www.rehabimed.net\/es\/wp-json\/wp\/v2\/users\/3"}],"replies":[{"embeddable":true,"href":"https:\/\/www.rehabimed.net\/es\/wp-json\/wp\/v2\/comments?post=14229"}],"version-history":[{"count":0,"href":"https:\/\/www.rehabimed.net\/es\/wp-json\/wp\/v2\/pages\/14229\/revisions"}],"wp:attachment":[{"href":"https:\/\/www.rehabimed.net\/es\/wp-json\/wp\/v2\/media?parent=14229"}],"curies":[{"name":"wp","href":"https:\/\/api.w.org\/{rel}","templated":true}]}}