{"id":1421,"date":"2011-03-23T20:53:20","date_gmt":"2011-03-23T20:52:57","guid":{"rendered":"http:\/\/wpprova1.com\/?page_id=1421"},"modified":"2013-09-12T21:28:08","modified_gmt":"2013-09-12T21:28:08","slug":"objetivos","status":"publish","type":"page","link":"https:\/\/www.rehabimed.net\/es\/constitucion-de-la-asociacion-rehabimed\/objetivos\/","title":{"rendered":"Objetivos"},"content":{"rendered":"<p>El objeto de la Asociaci\u00f3n RehabiMed es promover la rehabilitaci\u00f3n del parque edificado y el desarrollo sostenible en Europa y en el Mediterr\u00e1neo.<br \/>\nPara la realizaci\u00f3n de su objeto, la Asociaci\u00f3n RehabiMed desarrolla proyectos y actividades que permiten alcanzar los objetivos siguientes:<\/p>\n<p style=\"padding-left: 30px;\">&#8211; Impulsar la investigaci\u00f3n y la formaci\u00f3n sobre la rehabilitaci\u00f3n, la sostenibilidad y la valorizaci\u00f3n social, econ\u00f3mica, ambiental y cultural del patrimonio construido, con una red de expertos internacional.<\/p>\n<p style=\"padding-left: 30px;\">&#8211; Difundir una metodolog\u00eda de trabajo multidisciplinaria para la rehabilitaci\u00f3n y el mantenimiento de edificios en los \u00e1mbitos de la legislaci\u00f3n, la gesti\u00f3n y la t\u00e9cnica.<\/p>\n<p style=\"padding-left: 30px;\">&#8211; Crear sinergias entre los actores involucrados en el proceso de rehabilitaci\u00f3n y revitalizaci\u00f3n urbana sostenible.<\/p>\n<p style=\"padding-left: 30px;\">&#8211; Aumentar la capacidad de gesti\u00f3n de las autoridades locales y regionales, para la rehabilitaci\u00f3n urbana sostenible.<\/p>\n<p style=\"padding-left: 30px;\">&#8211; Contribuir a la mejora de las condiciones de vida, de un amplio espectro de poblaci\u00f3n, mediante la rehabilitaci\u00f3n urbana.<\/p>\n<p style=\"padding-left: 30px;\">&#8211; Proporcionar a las ONG para el desarrollo apoyo t\u00e9cnico en sus actividades, en relaci\u00f3n con la rehabilitaci\u00f3n del parque edificado.<\/p>\n<p style=\"padding-left: 30px;\">&#8211; Promover las actividades de inventario, de puesta en valor, de revitalizaci\u00f3n de los centros hist\u00f3ricos, y de rehabilitaci\u00f3n y reutilizaci\u00f3n sostenible de edificios.<\/p>\n<p style=\"padding-left: 30px;\">&#8211; Reforzar la comprensi\u00f3n mutua y el di\u00e1logo entre culturas, generaciones y g\u00e9neros, mediante el conocimiento y la preservaci\u00f3n de la identidad hist\u00f3rica y cultural com\u00fan del patrimonio arquitect\u00f3nico material e inmaterial.<\/p>\n<p style=\"padding-left: 30px;\">&#8211; Estimular la sensibilizaci\u00f3n de la poblaci\u00f3n en general sobre la importancia de salvaguardar el patrimonio arquitect\u00f3nico como factor de desarrollo sostenible.<\/p>\n<p style=\"padding-left: 30px;\">&#8211; Cooperar con las autoridades por el desarrollo de planes de gesti\u00f3n integral.<\/p>\n","protected":false},"excerpt":{"rendered":"<p>El objeto de la Asociaci\u00f3n RehabiMed es promover la rehabilitaci\u00f3n del parque edificado y el desarrollo sostenible en Europa y en el Mediterr\u00e1neo. Para la realizaci\u00f3n de su objeto, la &hellip;<\/p>\n","protected":false},"author":1,"featured_media":0,"parent":1414,"menu_order":141,"comment_status":"closed","ping_status":"closed","template":"","meta":{"_monsterinsights_skip_tracking":false,"_monsterinsights_sitenote_active":false,"_monsterinsights_sitenote_note":"","_monsterinsights_sitenote_category":0,"_uf_show_specific_survey":0,"_uf_disable_surveys":false,"footnotes":""},"aioseo_notices":[],"_links":{"self":[{"href":"https:\/\/www.rehabimed.net\/es\/wp-json\/wp\/v2\/pages\/1421"}],"collection":[{"href":"https:\/\/www.rehabimed.net\/es\/wp-json\/wp\/v2\/pages"}],"about":[{"href":"https:\/\/www.rehabimed.net\/es\/wp-json\/wp\/v2\/types\/page"}],"author":[{"embeddable":true,"href":"https:\/\/www.rehabimed.net\/es\/wp-json\/wp\/v2\/users\/1"}],"replies":[{"embeddable":true,"href":"https:\/\/www.rehabimed.net\/es\/wp-json\/wp\/v2\/comments?post=1421"}],"version-history":[{"count":0,"href":"https:\/\/www.rehabimed.net\/es\/wp-json\/wp\/v2\/pages\/1421\/revisions"}],"up":[{"embeddable":true,"href":"https:\/\/www.rehabimed.net\/es\/wp-json\/wp\/v2\/pages\/1414"}],"wp:attachment":[{"href":"https:\/\/www.rehabimed.net\/es\/wp-json\/wp\/v2\/media?parent=1421"}],"curies":[{"name":"wp","href":"https:\/\/api.w.org\/{rel}","templated":true}]}}