{"id":1414,"date":"2011-03-23T20:50:23","date_gmt":"2011-03-23T19:50:23","guid":{"rendered":"http:\/\/wpprova1.com\/?page_id=1414"},"modified":"2024-05-31T11:11:21","modified_gmt":"2024-05-31T09:11:21","slug":"constitucion-de-la-asociacion-rehabimed","status":"publish","type":"page","link":"https:\/\/www.rehabimed.net\/es\/constitucion-de-la-asociacion-rehabimed\/","title":{"rendered":"Asociaci\u00f3n RehabiMed"},"content":{"rendered":"<div class=\"panel-group\" id=\"rehabimed_wrap\" role=\"tablist\" aria-multiselectable=\"true\"><div class=\"panel panel-default\">    <div class=\"panel-heading\" role=\"tab\" id=\"heading_data1\">        <h4 class=\"panel-title\"><a class=\"accordion-toggle collapsed\" data-toggle=\"collapse\" aria-controls=\"heading_data1\" data-parent=\"#rehabimed_wrap\" href=\"#data1\">Asociaci\u00f3n RehabiMed<\/a>        <\/h4>    <\/div>    <div id=\"data1\" class=\"panel-collapse collapse in\" role=\"tabpanel\" aria-labelledby=\"heading_data1\">        <div class=\"panel-body\">\n<p>La Asociaci\u00f3n RehabiMed, es una iniciativa que recoge la larga experiencia de trabajo conjunto entre instituciones y organizaciones de m\u00e1s 40 pa\u00edses Euromediterr\u00e1neos. De hecho, formaliza una red de expertos que se ha consolidado en el trabajo conjunto y continuado entre pa\u00edses del norte y del sur del Mediterr\u00e1neo y que expande su experiencia y conocimientos a otras regiones del planeta.<\/p>\n<p>El objetivo fundamental de la asociaci\u00f3n es promover la rehabilitaci\u00f3n sostenible del parque edificado y la revitalizaci\u00f3n social y econ\u00f3mica de los centros hist\u00f3ricos en todo el planeta, proyectando la experiencia mediterr\u00e1nea. Para alcanzar este objetivo, RehabiMed impulsa la investigaci\u00f3n y la formaci\u00f3n de expertos en rehabilitaci\u00f3n, difunde una metodolog\u00eda de trabajo multidisciplinar, incrementa la capacidad de gesti\u00f3n de las administraciones, contribuye a la mejora de las condiciones de vida de la poblaci\u00f3n y sensibiliza en la preservaci\u00f3n del patrimonio como factor de desarrollo sostenible.<\/p>\n<p>La Asociaci\u00f3n RehabiMed tiene sede en Barcelona y desarrolla sus objetivos y actividades en todos los pa\u00edses europeos y del Mediterr\u00e1neo, con una vocaci\u00f3n clara de proyecci\u00f3n mundial mediante los convenios de colaboraci\u00f3n con diversas organizaciones internacionales.<\/p>\n<p>        <\/p><\/div>    <\/div><\/div><div class=\"panel panel-default\">    <div class=\"panel-heading\" role=\"tab\" id=\"heading_data2\">        <h4 class=\"panel-title\"><a class=\"accordion-toggle collapsed\" data-toggle=\"collapse\" aria-controls=\"heading_data2\" data-parent=\"#rehabimed_wrap\" href=\"#data2\">Consejo de Administraci\u00f3n<\/a>        <\/h4>    <\/div>    <div id=\"data2\" class=\"panel-collapse collapse \" role=\"tabpanel\" aria-labelledby=\"heading_data2\">        <div class=\"panel-body\">\n<div class=\"row\">  <div class=\"col-md-3\">\n    <div class=\"box-equip\">\n      <div class=\"desc\">\n        <strong>Presidente<\/strong><br \/>\n        Xavier Casanovas i Boixereu      <\/div>\n    <\/div>\n  <\/div>\n\n  <div class=\"col-md-3\">\n    <div class=\"box-equip\">\n      <div class=\"desc\">\n        <strong>Secretario<\/strong><br \/>\n        Oriol Cusid\u00f3 i Gar\u00ed      <\/div>\n    <\/div>\n  <\/div>\n\n  <div class=\"col-md-3\">\n    <div class=\"box-equip\">\n      <div class=\"desc\">\n        <strong>Tesorero<\/strong><br \/>\n        Joan Ram\u00f3n Rosell i Amig\u00f3      <\/div>\n    <\/div>\n  <\/div>\n\n<\/div>\n<p><strong>Vocalias:<\/strong><\/p>\n<p>Territorio, paisaje y ciudad: Oriol Cusid\u00f3 i Gar\u00ed<br \/>\nIntervenci\u00f3n urbana: Marc Manzano i Sal\u00f3<br \/>\nMateriales tradicionales: Estudi M103, Jorge Blasco<br \/>\nOficios artesanos: Judit Ram\u00edrez Casas<br \/>\nEstructuras en edificaci\u00f3n: Asociaci\u00f3n de Consultores de Estructuras, Josep Baquer<br \/>\nPatrimonio, investigaci\u00f3n hist\u00f3rica y sensibilizaci\u00f3n: Montserrat Villaverde<br \/>\nPublicaciones: Joan Olona i Casas<br \/>\nRehabilitaci\u00f3n de edificios: Josep Coll i Mir\u00f3<\/p>\n<p><img decoding=\"async\" class=\"alignnone size-large wp-image-23553\" src=\"https:\/\/www.rehabimed.net\/wp-content\/uploads\/2024\/05\/Junta-Rehabimed_2024-768x619.jpg\" alt=\"\" width=\"768\" height=\"619\" srcset=\"https:\/\/www.rehabimed.net\/wp-content\/uploads\/2024\/05\/Junta-Rehabimed_2024-768x619.jpg 768w, https:\/\/www.rehabimed.net\/wp-content\/uploads\/2024\/05\/Junta-Rehabimed_2024-300x242.jpg 300w, https:\/\/www.rehabimed.net\/wp-content\/uploads\/2024\/05\/Junta-Rehabimed_2024.jpg 1463w\" sizes=\"(max-width: 768px) 100vw, 768px\" \/><\/p>\n<p>        <\/p><\/div>    <\/div><\/div><div class=\"panel panel-default\">    <div class=\"panel-heading\" role=\"tab\" id=\"heading_data3\">        <h4 class=\"panel-title\"><a class=\"accordion-toggle collapsed\" data-toggle=\"collapse\" aria-controls=\"heading_data3\" data-parent=\"#rehabimed_wrap\" href=\"#data3\">Misi\u00f3n<\/a>        <\/h4>    <\/div>    <div id=\"data3\" class=\"panel-collapse collapse \" role=\"tabpanel\" aria-labelledby=\"heading_data3\">        <div class=\"panel-body\">\n<p>La asociaci\u00f3n Rehabimed es un grupo interdisciplinar de profesionales especializados en la gesti\u00f3n del patrimonio construido. Ofrece sus conocimientos y experiencia para la mejora de la calidad de vida de la poblaci\u00f3n, mediante la rehabilitaci\u00f3n sostenible, la preservaci\u00f3n del patrimonio y a la regeneraci\u00f3n urbana, en el Mediterr\u00e1neo y en todo el mundo.<\/p>\n<p>        <\/p><\/div>    <\/div><\/div><div class=\"panel panel-default\">    <div class=\"panel-heading\" role=\"tab\" id=\"heading_data4\">        <h4 class=\"panel-title\"><a class=\"accordion-toggle collapsed\" data-toggle=\"collapse\" aria-controls=\"heading_data4\" data-parent=\"#rehabimed_wrap\" href=\"#data4\">Visi\u00f3n<\/a>        <\/h4>    <\/div>    <div id=\"data4\" class=\"panel-collapse collapse \" role=\"tabpanel\" aria-labelledby=\"heading_data4\">        <div class=\"panel-body\">\n<p>Como organizaci\u00f3n, apostamos por las personas i por el respeto a todas las culturas, razas, religiones e identidades. As\u00ed mismo, nos comprometemos con la coherencia entre la acci\u00f3n y la \u00e9tica como ejes b\u00e1sicos de nuestras acciones. Por todo ello, queremos contribuir a hacer un mundo m\u00e1s justo y solidario mediante:<\/p>\n<ul>\n<li>Ofrecer una respuesta integral al reto de la vivienda digna para la poblaci\u00f3n, en los diferentes entornos culturales, econ\u00f3micos y sociales, que a su vez haga frente a las situaciones de pobreza.<\/li>\n<li>Fomentar el intercambio de conocimientos y experiencias, aportando la capacidad de gestionar a los pa\u00edses en v\u00edas de desarrollo.<\/li>\n<li>Contribuir al dialogo intercultural, generacional y de genero para integrar todas las sensibilidades en un nuevo modelo de gobernanza participativo.<\/li>\n<li>Mejorar de forma continuada la calidad y la profesionalidad de nuestras acciones, siendo cada d\u00eda m\u00e1s eficaces y eficientes desde la innovaci\u00f3n y con la aplicaci\u00f3n de procesos de gesti\u00f3n.<\/li>\n<li>Trabajar con rigor y entusiasmo en nuestros compromisos para transmitir los valores de la calidad y la solidaridad en los entornos sociales donde tengamos incidencia.<\/li>\n<\/ul>\n<p>        <\/p><\/div>    <\/div><\/div><div class=\"panel panel-default\">    <div class=\"panel-heading\" role=\"tab\" id=\"heading_data5\">        <h4 class=\"panel-title\"><a class=\"accordion-toggle collapsed\" data-toggle=\"collapse\" aria-controls=\"heading_data5\" data-parent=\"#rehabimed_wrap\" href=\"#data5\">Valores<\/a>        <\/h4>    <\/div>    <div id=\"data5\" class=\"panel-collapse collapse \" role=\"tabpanel\" aria-labelledby=\"heading_data5\">        <div class=\"panel-body\">\n<p>Las personas que trabajan y colaboran con RehabiMed compartimos una serie de valores con los que nos identificamos para poder avanzar y alcanzar nuestros objetivos:<\/p>\n<ul>\n<li>Consideramos el patrimonio construido y la ciudad consolidada un elemento identitario que hay que preservar y mejorar para ofrecer la mejor calidad de vida a sus habitantes y contribuir a un mundo m\u00e1s humano y sostenible.<\/li>\n<li>Creemos que la colaboraci\u00f3n y la implicaci\u00f3n de todos los agentes es esencial para la apropiaci\u00f3n de los planes de gesti\u00f3n urbana integral de su entorno, con visi\u00f3n de futuro y con perspectiva de revitalizaci\u00f3n social y econ\u00f3mica.<\/li>\n<li>Defendemos una metodolog\u00eda de trabajo consistente y contrastada para contribuir a la rehabilitaci\u00f3n sostenible y la regeneraci\u00f3n urbana comprometidas con la calidad t\u00e9cnica y humana.<\/li>\n<li>Declaramos la necesidad de sensibilizar a las autoridades, a los ciudadanos, a los profesionales y a otros actores del proceso, para garantizar la durabilidad de las acciones.<\/li>\n<li>Planteamos que la sostenibilidad social, econ\u00f3mica, ambiental y cultural es un elemento clave del desarrollo de toda acci\u00f3n referida al patrimonio construido.<\/li>\n<li>Finalmente, y como reflejo de todo lo anterior, buscamos la coherencia en nuestras acciones transformadoras hacia la justicia social, la dignidad humana, la solidaridad, y el compromiso responsable con nuestras convicciones, en el respeto mutuo.<\/li>\n<\/ul>\n<p>        <\/p><\/div>    <\/div><\/div><div class=\"panel panel-default\">    <div class=\"panel-heading\" role=\"tab\" id=\"heading_data6\">        <h4 class=\"panel-title\"><a class=\"accordion-toggle collapsed\" data-toggle=\"collapse\" aria-controls=\"heading_data6\" data-parent=\"#rehabimed_wrap\" href=\"#data6\">Estatutos de la Asociaci\u00f3n<\/a>        <\/h4>    <\/div>    <div id=\"data6\" class=\"panel-collapse collapse \" role=\"tabpanel\" aria-labelledby=\"heading_data6\">        <div class=\"panel-body\">\n<p><a class=\"btn btn-primary\" href=\"https:\/\/www.rehabimed.net\/es\/estatutos-de-la-asociacion-rehabimed\/\">Ver estatutos<\/a><\/p>\n<p>        <\/p><\/div>    <\/div><\/div><\/div>\n<hr \/>\n<div class=\"esquina-wrap\"><img decoding=\"async\" class=\"esquina\" src=\"https:\/\/www.rehabimed.net\/wp-content\/uploads\/2011\/03\/esquina.png\" alt=\"icono esquina\" \/><\/div>\n<h2 id=\"socio\">Hazte socio y colabora<\/h2>\n<p>Nos interesa contar con tu colaboraci\u00f3n para promover la rehabilitaci\u00f3n del parque edificado con el objetivo de preservar la identidad hist\u00f3rica y cultural de la arquitectura tradicional mediterr\u00e1nea.<\/p>\n<p>Pasos a seguir:<\/p>\n<ul>\n<li>Rellena el formulario de solicitud.<br \/>\nEnvia un breve CV y una carta de motivaci\u00f3n<\/li>\n<\/ul>\n\n<div class=\"wpcf7 no-js\" id=\"wpcf7-f6965-o1\" lang=\"es-ES\" dir=\"ltr\">\n<div class=\"screen-reader-response\"><p role=\"status\" aria-live=\"polite\" aria-atomic=\"true\"><\/p> <ul><\/ul><\/div>\n<form action=\"\/es\/wp-json\/wp\/v2\/pages\/1414#wpcf7-f6965-o1\" method=\"post\" class=\"wpcf7-form init wpcf7-acceptance-as-validation\" aria-label=\"Formulario de contacto\" enctype=\"multipart\/form-data\" novalidate=\"novalidate\" data-status=\"init\">\n<div style=\"display: none;\">\n<input type=\"hidden\" name=\"_wpcf7\" value=\"6965\" \/>\n<input type=\"hidden\" name=\"_wpcf7_version\" value=\"5.9.3\" \/>\n<input type=\"hidden\" name=\"_wpcf7_locale\" value=\"es_ES\" \/>\n<input type=\"hidden\" name=\"_wpcf7_unit_tag\" value=\"wpcf7-f6965-o1\" \/>\n<input type=\"hidden\" name=\"_wpcf7_container_post\" value=\"0\" \/>\n<input type=\"hidden\" name=\"_wpcf7_posted_data_hash\" value=\"\" \/>\n<input type=\"hidden\" name=\"_wpcf7_recaptcha_response\" value=\"\" \/>\n<\/div>\n<div class=\"row\">\n\t<div class=\"col-md-6\">\n\t\t<p><span class=\"wpcf7-form-control-wrap\" data-name=\"your-name\"><input size=\"40\" class=\"wpcf7-form-control wpcf7-text wpcf7-validates-as-required\" aria-required=\"true\" aria-invalid=\"false\" placeholder=\"Nombre y apellidos \/ Empresa o instituci\u00f3n\" value=\"\" type=\"text\" name=\"your-name\" \/><\/span>\n\t\t<\/p>\n\t\t<p><span class=\"wpcf7-form-control-wrap\" data-name=\"your-email\"><input size=\"40\" class=\"wpcf7-form-control wpcf7-email wpcf7-validates-as-required wpcf7-text wpcf7-validates-as-email\" aria-required=\"true\" aria-invalid=\"false\" placeholder=\"Correo electr\u00f3nico\" value=\"\" type=\"email\" name=\"your-email\" \/><\/span>\n\t\t<\/p>\n\t\t<p><span class=\"wpcf7-form-control-wrap\" data-name=\"profesion\"><input size=\"40\" class=\"wpcf7-form-control wpcf7-text wpcf7-validates-as-required\" aria-required=\"true\" aria-invalid=\"false\" placeholder=\"Profesi\u00f3n \/ Tipo de entidad\" value=\"\" type=\"text\" name=\"profesion\" \/><\/span>\n\t\t<\/p>\n\t\t<p><span class=\"wpcf7-form-control-wrap\" data-name=\"persona\"><input size=\"40\" class=\"wpcf7-form-control wpcf7-text wpcf7-validates-as-required\" aria-required=\"true\" aria-invalid=\"false\" placeholder=\"Persona de contacto (Solo entidades)\" value=\"\" type=\"text\" name=\"persona\" \/><\/span>\n\t\t<\/p>\n\t\t<p><span class=\"wpcf7-form-control-wrap\" data-name=\"dni\"><input size=\"40\" class=\"wpcf7-form-control wpcf7-text wpcf7-validates-as-required\" aria-required=\"true\" aria-invalid=\"false\" placeholder=\"N\u00ba pasaporte \/ DNI \/ NIE o NIF \/ CIF\" value=\"\" type=\"text\" name=\"dni\" \/><\/span>\n\t\t<\/p>\n\t\t<p><span class=\"wpcf7-form-control-wrap\" data-name=\"direccion\"><input size=\"40\" class=\"wpcf7-form-control wpcf7-text wpcf7-validates-as-required\" aria-required=\"true\" aria-invalid=\"false\" placeholder=\"Direcci\u00f3n postal\" value=\"\" type=\"text\" name=\"direccion\" \/><\/span>\n\t\t<\/p>\n\t\t<p><span class=\"wpcf7-form-control-wrap\" data-name=\"telefono\"><input size=\"40\" class=\"wpcf7-form-control wpcf7-text wpcf7-validates-as-required\" aria-required=\"true\" aria-invalid=\"false\" placeholder=\"Tel\u00e9fono de contacto\" value=\"\" type=\"text\" name=\"telefono\" \/><\/span>\n\t\t<\/p>\n\t\t<p>Breve CV:<br \/>\n<span class=\"wpcf7-form-control-wrap\" data-name=\"file-cv\"><input size=\"40\" class=\"wpcf7-form-control wpcf7-file wpcf7-validates-as-required\" accept=\".pdf,.docx,.doc,.rtf\" aria-required=\"true\" aria-invalid=\"false\" type=\"file\" name=\"file-cv\" \/><\/span>\n\t\t<\/p>\n\t\t<p>Carta de motivaci\u00f3n:<br \/>\n<span class=\"wpcf7-form-control-wrap\" data-name=\"file-carta\"><input size=\"40\" class=\"wpcf7-form-control wpcf7-file wpcf7-validates-as-required\" accept=\".pdf,.docx,.doc,.rtf\" aria-required=\"true\" aria-invalid=\"false\" type=\"file\" name=\"file-carta\" \/><\/span>\n\t\t<\/p>\n\t\t<p><span class=\"wpcf7-form-control-wrap\" data-name=\"accept-this-1\"><span class=\"wpcf7-form-control wpcf7-acceptance\"><span class=\"wpcf7-list-item\"><label><input type=\"checkbox\" name=\"accept-this-1\" value=\"1\" aria-invalid=\"false\" \/><span class=\"wpcf7-list-item-label\">Acepto la <a href=\"https:\/\/www.rehabimed.net\/es\/politica-de-privacidad\/\" target=\"_blank\">Pol\u00edtica de privacidad<\/a><\/span><\/label><\/span><\/span><\/span>\n\t\t<\/p>\n\t\n\t\t<p>&nbsp;\n\t\t<\/p>\n\t\t<p><input class=\"wpcf7-form-control wpcf7-submit has-spinner btn btn-primary\" type=\"submit\" value=\"Enviar\" \/>\n\t\t<\/p>\n\t<\/div>\n<\/div><p style=\"display: none !important;\" class=\"akismet-fields-container\" data-prefix=\"_wpcf7_ak_\"><label>&#916;<textarea name=\"_wpcf7_ak_hp_textarea\" cols=\"45\" rows=\"8\" maxlength=\"100\"><\/textarea><\/label><input type=\"hidden\" id=\"ak_js_1\" name=\"_wpcf7_ak_js\" value=\"173\"\/><script>document.getElementById( \"ak_js_1\" ).setAttribute( \"value\", ( new Date() ).getTime() );<\/script><\/p><div class=\"wpcf7-response-output\" aria-hidden=\"true\"><\/div>\n<\/form>\n<\/div>\n\n","protected":false},"excerpt":{"rendered":"<p>Hazte socio y colabora Nos interesa contar con tu colaboraci\u00f3n para promover la rehabilitaci\u00f3n del parque edificado con el objetivo de preservar la identidad hist\u00f3rica y cultural de la arquitectura &hellip;<\/p>\n","protected":false},"author":1,"featured_media":0,"parent":0,"menu_order":142,"comment_status":"closed","ping_status":"closed","template":"","meta":{"_monsterinsights_skip_tracking":false,"_monsterinsights_sitenote_active":false,"_monsterinsights_sitenote_note":"","_monsterinsights_sitenote_category":0,"_uf_show_specific_survey":0,"_uf_disable_surveys":false,"footnotes":""},"aioseo_notices":[],"_links":{"self":[{"href":"https:\/\/www.rehabimed.net\/es\/wp-json\/wp\/v2\/pages\/1414"}],"collection":[{"href":"https:\/\/www.rehabimed.net\/es\/wp-json\/wp\/v2\/pages"}],"about":[{"href":"https:\/\/www.rehabimed.net\/es\/wp-json\/wp\/v2\/types\/page"}],"author":[{"embeddable":true,"href":"https:\/\/www.rehabimed.net\/es\/wp-json\/wp\/v2\/users\/1"}],"replies":[{"embeddable":true,"href":"https:\/\/www.rehabimed.net\/es\/wp-json\/wp\/v2\/comments?post=1414"}],"version-history":[{"count":0,"href":"https:\/\/www.rehabimed.net\/es\/wp-json\/wp\/v2\/pages\/1414\/revisions"}],"wp:attachment":[{"href":"https:\/\/www.rehabimed.net\/es\/wp-json\/wp\/v2\/media?parent=1414"}],"curies":[{"name":"wp","href":"https:\/\/api.w.org\/{rel}","templated":true}]}}