{"id":99,"date":"2011-03-23T20:53:20","date_gmt":"2011-01-04T14:20:24","guid":{"rendered":"http:\/\/wpprova1.com\/?page_id=99"},"modified":"2013-09-12T21:30:33","modified_gmt":"2013-09-12T21:30:33","slug":"objectius","status":"publish","type":"page","link":"https:\/\/www.rehabimed.net\/ca\/asociacion-rehabimed\/objectius\/","title":{"rendered":"Objectius de l\u2019Associaci\u00f3"},"content":{"rendered":"<p>L\u2019objecte de l\u2019Associaci\u00f3 RehabiMed es promoure la rehabilitaci\u00f3 del parc edificat i el desenvolupament sostenible a Europa i al Mediterrani.<br \/>\nPer a la seva realitzaci\u00f3, l\u2019Associaci\u00f3 RehabiMed desenvolupa projectes i activitats que permiten assolir els objectius seg\u00fcents:<\/p>\n<p style=\"padding-left: 30px;\">&#8211;\u00a0Impulsar la recerca i la formaci\u00f3 sobre la rehabilitaci\u00f3, la sostenibilitat i la valoritzaci\u00f3 social, econ\u00f2mica, ambiental i cultural del patrimoni constru\u00eft, amb una xarxa d\u2019experts internacionals.<\/p>\n<p style=\"padding-left: 30px;\">&#8211;\u00a0Difondre una metodologia de treball multidisciplinari per a la rehabilitaci\u00f3 i el manteniment dels edificis en els \u00e0mbits de la legislaci\u00f3, la gesti\u00f3 i la t\u00e8cnica.<\/p>\n<p style=\"padding-left: 30px;\">&#8211;\u00a0Crear sin\u00e8rgies entre els actors involucrats en el proc\u00e9s de rehabilitaci\u00f3 i revitalitzaci\u00f3 urbana sostenible.<\/p>\n<p style=\"padding-left: 30px;\">&#8211;\u00a0Augmentar la capacitat de les autoritats locals i regionals, per a la rehabilitaci\u00f3 urbana sostenible.<\/p>\n<p style=\"padding-left: 30px;\">&#8211;\u00a0Contribuir a la millora de les condicions de vida, d\u2019un ampli espectre de poblaci\u00f3, mitjan\u00e7ant la rehabilitaci\u00f3 urbana.<\/p>\n<p style=\"padding-left: 30px;\">&#8211;\u00a0Proporcionar a les ONG per al desenvolupament recolzament t\u00e8cnic en les seves activitats, en relaci\u00f3 a la rehabilitaci\u00f3 del parc edificat.<\/p>\n<p style=\"padding-left: 30px;\">&#8211;\u00a0Promoure les activitats d\u2019inventariat, de posta en valor, de revitalitzaci\u00f3 dels centres hist\u00f2rics, i de rehabilitaci\u00f3 i reutilitzaci\u00f3 sostenible d\u2019edificis.<\/p>\n<p style=\"padding-left: 30px;\">&#8211;\u00a0Refor\u00e7ar la comprensi\u00f3 m\u00fatua i el di\u00e0leg entre cultures, generacions i g\u00e8neres. Mitjan\u00e7ant el coneixement i la preservaci\u00f3 de la identitat hist\u00f2rica i cultural com\u00fa del patrimoni arquitect\u00f2nic material i immaterial.<\/p>\n<p style=\"padding-left: 30px;\">&#8211;\u00a0Estimular la sensibilitzaci\u00f3 de la poblaci\u00f3 en general sobre la import\u00e0ncia de salvaguardar el patrimoni arquitect\u00f2nic material i immaterial.<\/p>\n<p style=\"padding-left: 30px;\">&#8211;\u00a0Cooperar amb les autoritats per al desenvolupament de plans d\u2019acci\u00f3 integral.<\/p>\n","protected":false},"excerpt":{"rendered":"<p>L\u2019objecte de l\u2019Associaci\u00f3 RehabiMed es promoure la rehabilitaci\u00f3 del parc edificat i el desenvolupament sostenible a Europa i al Mediterrani. Per a la seva realitzaci\u00f3, l\u2019Associaci\u00f3 RehabiMed desenvolupa projectes i &hellip;<\/p>\n","protected":false},"author":1,"featured_media":0,"parent":4,"menu_order":140,"comment_status":"closed","ping_status":"closed","template":"","meta":{"_monsterinsights_skip_tracking":false,"_monsterinsights_sitenote_active":false,"_monsterinsights_sitenote_note":"","_monsterinsights_sitenote_category":0,"_uf_show_specific_survey":0,"_uf_disable_surveys":false,"footnotes":""},"aioseo_notices":[],"_links":{"self":[{"href":"https:\/\/www.rehabimed.net\/ca\/wp-json\/wp\/v2\/pages\/99"}],"collection":[{"href":"https:\/\/www.rehabimed.net\/ca\/wp-json\/wp\/v2\/pages"}],"about":[{"href":"https:\/\/www.rehabimed.net\/ca\/wp-json\/wp\/v2\/types\/page"}],"author":[{"embeddable":true,"href":"https:\/\/www.rehabimed.net\/ca\/wp-json\/wp\/v2\/users\/1"}],"replies":[{"embeddable":true,"href":"https:\/\/www.rehabimed.net\/ca\/wp-json\/wp\/v2\/comments?post=99"}],"version-history":[{"count":0,"href":"https:\/\/www.rehabimed.net\/ca\/wp-json\/wp\/v2\/pages\/99\/revisions"}],"up":[{"embeddable":true,"href":"https:\/\/www.rehabimed.net\/ca\/wp-json\/wp\/v2\/pages\/4"}],"wp:attachment":[{"href":"https:\/\/www.rehabimed.net\/ca\/wp-json\/wp\/v2\/media?parent=99"}],"curies":[{"name":"wp","href":"https:\/\/api.w.org\/{rel}","templated":true}]}}