{"id":7827,"date":"2015-11-03T10:21:22","date_gmt":"2015-11-03T10:21:22","guid":{"rendered":"http:\/\/www.rehabimed.net\/?page_id=7827"},"modified":"2018-06-03T10:06:41","modified_gmt":"2018-06-03T10:06:41","slug":"informacio-fiscal","status":"publish","type":"page","link":"https:\/\/www.rehabimed.net\/ca\/informacio-fiscal\/","title":{"rendered":"Informaci\u00f3 legal"},"content":{"rendered":"<p><strong>ASSOCIACI\u00d3 REHABIMED<\/strong><\/p>\n<p>Gregorio Mara\u00f1on, 50<\/p>\n<p>08028 Barcelona<\/p>\n<p><a href=\"mailto:asociacion@rehabimed.net\">asociacion.rehabimed@gmail.com<\/a><\/p>\n<p>NIF G65182321<\/p>\n<p>Inscrita en la secci\u00f3 1a del Registre d\u2019Associacions de la Generalitat de Catalunya<\/p>\n<p>&nbsp;<\/p>\n<p>Per a qualsevol consulta o petici\u00f3 sobre dades de car\u00e0cter personal i\/o d\u2019empresa, es pot dirigir al\u00a0seg\u00fcent correu electr\u00f2nic:\u00a0<a href=\"mailto:info@rehabimed.net\">info@rehabimed.net<\/a><\/p>\n<p>&nbsp;<\/p>\n","protected":false},"excerpt":{"rendered":"<p>ASSOCIACI\u00d3 REHABIMED Gregorio Mara\u00f1on, 50 08028 Barcelona asociacion.rehabimed@gmail.com NIF G65182321 Inscrita en la secci\u00f3 1a del Registre d\u2019Associacions de la Generalitat de Catalunya &nbsp; Per a qualsevol consulta o petici\u00f3 &hellip;<\/p>\n","protected":false},"author":3,"featured_media":0,"parent":0,"menu_order":17,"comment_status":"closed","ping_status":"open","template":"","meta":{"_monsterinsights_skip_tracking":false,"_monsterinsights_sitenote_active":false,"_monsterinsights_sitenote_note":"","_monsterinsights_sitenote_category":0,"_uf_show_specific_survey":0,"_uf_disable_surveys":false,"footnotes":""},"aioseo_notices":[],"_links":{"self":[{"href":"https:\/\/www.rehabimed.net\/ca\/wp-json\/wp\/v2\/pages\/7827"}],"collection":[{"href":"https:\/\/www.rehabimed.net\/ca\/wp-json\/wp\/v2\/pages"}],"about":[{"href":"https:\/\/www.rehabimed.net\/ca\/wp-json\/wp\/v2\/types\/page"}],"author":[{"embeddable":true,"href":"https:\/\/www.rehabimed.net\/ca\/wp-json\/wp\/v2\/users\/3"}],"replies":[{"embeddable":true,"href":"https:\/\/www.rehabimed.net\/ca\/wp-json\/wp\/v2\/comments?post=7827"}],"version-history":[{"count":0,"href":"https:\/\/www.rehabimed.net\/ca\/wp-json\/wp\/v2\/pages\/7827\/revisions"}],"wp:attachment":[{"href":"https:\/\/www.rehabimed.net\/ca\/wp-json\/wp\/v2\/media?parent=7827"}],"curies":[{"name":"wp","href":"https:\/\/api.w.org\/{rel}","templated":true}]}}