{"id":7799,"date":"2015-11-03T10:21:22","date_gmt":"2015-11-03T10:21:22","guid":{"rendered":"http:\/\/www.rehabimed.net\/?page_id=7799"},"modified":"2018-06-12T20:51:14","modified_gmt":"2018-06-12T20:51:14","slug":"politica-de-cookies","status":"publish","type":"page","link":"https:\/\/www.rehabimed.net\/ca\/politica-de-cookies\/","title":{"rendered":"POL\u00cdTICA DE COOKIES"},"content":{"rendered":"<p>Una cookie \u00e9s un fitxer que es descarrega a l&#8217;ordinador en accedir a determinades p\u00e0gines web. Les cookies permeten que una p\u00e0gina web pugui, entre altres coses, emmagatzemar i recuperar informaci\u00f3 sobre els h\u00e0bits de navegaci\u00f3 d&#8217;un usuari o del seu equip i, depenent de la informaci\u00f3 que continguin i de la forma en qu\u00e8 utilitzi l&#8217;equip, es poden emprar per recon\u00e8ixer l&#8217;usuari. El navegador de l&#8217;usuari memoritza cookies en el disc dur nom\u00e9s durant la sessi\u00f3 actual, ocupa un espai de mem\u00f2ria m\u00ednim i no perjudica l&#8217;ordinador. Les cookies no contenen cap tipus d&#8217;informaci\u00f3 personal espec\u00edfica, i la majoria s&#8217;esborren del disc dur en finalitzar la sessi\u00f3 de navegador (les anomenades cookies de sessi\u00f3).<\/p>\n<p>La majoria dels navegadors accepten com a est\u00e0ndard les cookies i, amb independ\u00e8ncia d&#8217;aquestes, permeten o impedeixen en la configuraci\u00f3 de seguretat les cookies temporals o memoritzades.<\/p>\n<p>Sense el seu consentiment expr\u00e9s \u2014mitjan\u00e7ant l&#8217;activaci\u00f3 de les cookies\u2014 Associaci\u00f3 RehabiMed no enlla\u00e7ar\u00e0 a les cookies les dades memoritzades amb les seves dades personals proporcionades en el moment del registre o la compra de serveis.<\/p>\n<p>&nbsp;<\/p>\n<p><b>Quins tipus de\u00a0cookies utilitza aquesta p\u00e0gina web?<\/b><\/p>\n<p><b>Segons la seva finalitat<\/b><\/p>\n<p>Cookies t\u00e8cniques:\u00a0s\u00f3n aquelles que\u00a0permeten que l&#8217;usuari pugui navegar a trav\u00e9s d&#8217;una p\u00e0gina web, plataforma o aplicaci\u00f3, aix\u00ed com utilitzar les diferents opcions o serveis,\u00a0com ara controlar el tr\u00e0nsit i la comunicaci\u00f3 de dades, identificar la sessi\u00f3, accedir a parts d&#8217;acc\u00e9s restringit, recordar els elements que integren una comanda, realitzar el proc\u00e9sd&#8217;una comanda, realitzar la sol\u00b7licitud d&#8217;inscripci\u00f3 o participaci\u00f3 en un esdeveniment, utilitzar elements de seguretat durant la navegaci\u00f3, emmagatzemar continguts per a la difusi\u00f3 de so o v\u00eddeos, o b\u00e9 compartir continguts a trav\u00e9s de les xarxes socials.<br \/>\nCookies de personalitzaci\u00f3:\u00a0s\u00f3n aquelles que permeten que l&#8217;usuari pugui accedir al servei amb algunes caracter\u00edstiques de car\u00e0cter general predefinides en funci\u00f3 d&#8217;un seguit de criteris en el terminal de l&#8217;usuari com serien\u00a0l&#8217;idioma, el tipus de navegador mitjan\u00e7ant el qual accedeix al servei, la configuraci\u00f3 regional des de la qual accedeix al servei,\u00a0etc.<br \/>\nCookies d&#8217;an\u00e0lisi:\u00a0aquestes les podem tractar o b\u00e9 nosaltres o b\u00e9 tercers; permeten quantificar el nombre d&#8217;usuaris, la qual cosa ens permet\u00a0mesurar i analitzar estad\u00edsticament\u00a0la utilitzaci\u00f3 que fan els usuaris del servei ofert. D&#8217;aquesta manera s&#8217;analitza la navegaci\u00f3 en la nostra p\u00e0gina web amb la finalitat de millorar l&#8217;oferta de productes o serveis que oferim.<span style=\"text-decoration: line-through;\"><br \/>\n<\/span><\/p>\n<p><b>Segons l&#8217;entitat que les gestiona:<\/b><\/p>\n<p>Cookies\u00a0pr\u00f2pies:\u00a0s\u00f3n aquelles que\u00a0s&#8217;envien a l&#8217;equip terminal de l&#8217;usuari des d&#8217;un equip o domini gestionat pel mateix editor\u00a0i des del qual es presta el servei sol\u00b7licitat per l&#8217;usuari.<br \/>\nCookies\u00a0de tercers:\u00a0s\u00f3n aquelles que\u00a0s&#8217;envien a l&#8217;equip terminal de l&#8217;usuari des d&#8217;un equip o domini que no \u00e9s gestionat per l&#8217;editor, sin\u00f3 per una altra entitat\u00a0que tracta les dades obtingudes mitjan\u00e7ant les cookies.<\/p>\n<p>&nbsp;<\/p>\n<p><b>Segons el termini de temps que romanen activades:<\/b><\/p>\n<p>De sessi\u00f3:\u00a0s\u00f3n un tipus de cookies dissenyades per recollir i emmagatzemar dades\u00a0mentre l&#8217;usuari accedeix a una p\u00e0gina web.<br \/>\nSe solen emprar per emmagatzemar informaci\u00f3 que nom\u00e9s interessa conservar per a la prestaci\u00f3 del servei sol\u00b7licitat per l&#8217;usuari en una sola ocasi\u00f3.<br \/>\nPersistents:\u00a0s\u00f3n un tipus de cookies en qu\u00e8\u00a0les dades segueixen emmagatzemades en el terminal i a les quals s&#8217;hi pot accedir o b\u00e9 es poden tractar durant un per\u00edode definit pel responsable de la cookie,\u00a0i que pot anar d&#8217;uns minuts a diversos anys.<\/p>\n<p>&nbsp;<\/p>\n<p>Quins tipus de cookies utilitzen els llocs web de l\u2019associaci\u00f3 RehabiMed? A continuaci\u00f3 detallem les cookies que s&#8217;utilitzen en les diferents p\u00e0gines web gestionades per l\u2019associaci\u00f3 RehabiMed.<\/p>\n<table width=\"607\" cellspacing=\"0\" cellpadding=\"10\" bgcolor=\"#ffffff\">\n<colgroup>\n<col width=\"84\" \/>\n<col width=\"103\" \/>\n<col width=\"273\" \/>\n<col width=\"68\" \/> <\/colgroup>\n<tbody>\n<tr valign=\"bottom\">\n<td bgcolor=\"#ffffff\" width=\"84\" height=\"1\">Nom<\/td>\n<td bgcolor=\"#ffffff\" width=\"103\">Tipus<\/td>\n<td bgcolor=\"#ffffff\" width=\"273\">Finalitat i duraci\u00f3<\/td>\n<td bgcolor=\"#ffffff\" width=\"68\">Mes informaci\u00f3<\/td>\n<\/tr>\n<\/tbody>\n<tbody>\n<tr valign=\"bottom\">\n<td bgcolor=\"#ffffff\" width=\"84\">Google Analytics<\/td>\n<td rowspan=\"2\" bgcolor=\"#ffffff\" width=\"103\">An\u00e0lisi<\/td>\n<td rowspan=\"2\" bgcolor=\"#ffffff\" width=\"273\">Us an\u00e0lisi. Duraci\u00f3 entre 30 minuts i 2 anys<\/td>\n<td rowspan=\"2\" bgcolor=\"#ffffff\" width=\"68\"><a href=\"http:\/\/www.google.com\/intl\/ca\/policies\/terms\/\">link<\/a><\/td>\n<\/tr>\n<\/tbody>\n<tbody>\n<tr>\n<td bgcolor=\"#ffffff\" width=\"84\"><\/td>\n<\/tr>\n<tr valign=\"bottom\">\n<td bgcolor=\"#ffffff\" width=\"84\">YouTube<\/td>\n<td bgcolor=\"#ffffff\" width=\"103\">An\u00e0lisi<\/td>\n<td bgcolor=\"#ffffff\" width=\"273\">Us an\u00e0lisi. Duraci\u00f3 al finalitzar la sessi\u00f3 a 2 anys<\/td>\n<td bgcolor=\"#ffffff\" width=\"68\"><a href=\"http:\/\/www.google.es\/intl\/ca\/policies\/technologies\/cookies\/\">link<\/a><\/td>\n<\/tr>\n<\/tbody>\n<tbody>\n<tr valign=\"bottom\">\n<td bgcolor=\"#ffffff\" width=\"84\">Idioma<\/td>\n<td bgcolor=\"#ffffff\" width=\"103\">Personalitzaci\u00f3<\/td>\n<td bgcolor=\"#ffffff\" width=\"273\">Emmagatzema l&#8217; idioma d&#8217; usuari triat a la p\u00e0gina de Login.<\/td>\n<td bgcolor=\"#ffffff\" width=\"68\"><a href=\"http:\/\/www.google.com\/intl\/ca\/policies\/terms\/\">link<\/a><\/td>\n<\/tr>\n<\/tbody>\n<tbody>\n<tr valign=\"bottom\">\n<td bgcolor=\"#ffffff\" width=\"84\">Login<\/td>\n<td bgcolor=\"#ffffff\" width=\"103\">Personalitzaci\u00f3<\/td>\n<td bgcolor=\"#ffffff\" width=\"273\">Emmagatzena l&#8217; id d&#8217; usuari per agilitzar l&#8217; acc\u00e9s.<\/td>\n<td bgcolor=\"#ffffff\" width=\"68\"><a href=\"http:\/\/www.google.com\/intl\/ca\/policies\/terms\/\">link<\/a><\/td>\n<\/tr>\n<\/tbody>\n<tbody>\n<tr valign=\"bottom\">\n<td bgcolor=\"#ffffff\" width=\"84\">Twitter Button<\/td>\n<td bgcolor=\"#ffffff\" width=\"103\">Socials i persistents de publicitat comportamental<\/td>\n<td bgcolor=\"#ffffff\" width=\"273\">Serveis d&#8217;interacci\u00f3 amb la xarxa social Twitter.Durada entre 30 minuts i 2 anys. Les cookies socials s\u00f3n necess\u00e0ries per a les xarxes socials externes. Gr\u00e0cies a elles \u00e9s possible publicar a la teva xarxa social informaci\u00f3 relacionada amb aquest lloc web.<\/td>\n<td bgcolor=\"#ffffff\" width=\"68\"><a href=\"http:\/\/twitter.com\/privacy\">link<\/a><\/td>\n<\/tr>\n<\/tbody>\n<tbody>\n<tr valign=\"bottom\">\n<td bgcolor=\"#ffffff\" width=\"84\">Facebook Connect<\/td>\n<td bgcolor=\"#ffffff\" width=\"103\">Socials i persistents de publicitat comportamental<\/td>\n<td bgcolor=\"#ffffff\" width=\"273\">Serveis d&#8217;interacci\u00f3 amb la xarxa social Facebook.Durada entre 30 minuts i 2 anys. Les cookies socials s\u00f3n necess\u00e0ries per a les xarxes socials externes. Gr\u00e0cies a elles \u00e9s possible publicar a la teva xarxa social informaci\u00f3 relacionada amb aquest lloc web.<\/td>\n<td bgcolor=\"#ffffff\" width=\"68\"><a href=\"https:\/\/www.facebook.com\/policy.php\">link<\/a><\/td>\n<\/tr>\n<\/tbody>\n<tbody>\n<tr valign=\"bottom\">\n<td bgcolor=\"#ffffff\" width=\"84\">Facebook Social Plugins<\/td>\n<td bgcolor=\"#ffffff\" width=\"103\">Socials i persistents de publicitat comportamental<\/td>\n<td bgcolor=\"#ffffff\" width=\"273\">Serveis d&#8217;interacci\u00f3 amb la xarxa social Facebook.Durada entre 30 minuts i 2 anys. Les cookies socials s\u00f3n necess\u00e0ries per a les xarxes socials externes. Gr\u00e0cies a elles \u00e9s possible publicar a la teva xarxa social informaci\u00f3 relacionada amb aquest lloc web.<\/td>\n<td bgcolor=\"#ffffff\" width=\"68\"><a href=\"https:\/\/www.facebook.com\/policy.php\">link<\/a><\/td>\n<\/tr>\n<\/tbody>\n<tbody>\n<tr valign=\"bottom\">\n<td bgcolor=\"#ffffff\" width=\"84\"><\/td>\n<td bgcolor=\"#ffffff\" width=\"103\"><\/td>\n<td bgcolor=\"#ffffff\" width=\"273\"><\/td>\n<td bgcolor=\"#ffffff\" width=\"68\"><\/td>\n<\/tr>\n<\/tbody>\n<tbody>\n<tr valign=\"bottom\">\n<td bgcolor=\"#ffffff\" width=\"84\">Twitter Badge<\/td>\n<td bgcolor=\"#ffffff\" width=\"103\">Socials i persistents de publicitat comportamental<\/td>\n<td bgcolor=\"#ffffff\" width=\"273\">Serveis d&#8217;interacci\u00f3 amb la xarxa social Twitter.Durada entre 30 minuts i 2 anys. Les cookies socials s\u00f3n necess\u00e0ries per a les xarxes socials externes. Gr\u00e0cies a elles \u00e9s possible publicar a la teva xarxa social informaci\u00f3 relacionada amb aquest lloc web.<\/td>\n<td bgcolor=\"#ffffff\" width=\"68\"><a href=\"http:\/\/twitter.com\/privacy\">link<\/a><\/td>\n<\/tr>\n<\/tbody>\n<tbody>\n<tr valign=\"bottom\">\n<td bgcolor=\"#ffffff\" width=\"84\">Google +1<\/td>\n<td bgcolor=\"#ffffff\" width=\"103\">Socials<\/td>\n<td bgcolor=\"#ffffff\" width=\"273\">Serveis d&#8217;interacci\u00f3 amb la xarxa social Google.Durada entre 30 minuts i 2 anys. Les cookies socials s\u00f3n necess\u00e0ries per a les xarxes socials externes. Gr\u00e0cies a elles \u00e9s possible publicar a la teva xarxa social informaci\u00f3 relacionada amb aquest lloc web.<\/td>\n<td bgcolor=\"#ffffff\" width=\"68\"><a href=\"http:\/\/www.google.com\/intl\/ca\/policies\/privacy\/\">link<\/a><\/td>\n<\/tr>\n<\/tbody>\n<\/table>\n<p>&nbsp;<\/p>\n<p><b>Com es pot deshabilitar i eliminar la utilitzaci\u00f3 de cookies?<\/b><\/p>\n<p>Per restringir, bloquejar o esborrar les cookies d&#8217;aquest lloc web pot fer-ho, en qualsevol moment, modificant la configuraci\u00f3 del seu navegador d&#8217;acord amb les pautes que s&#8217;indiquen a continuaci\u00f3. Si b\u00e9 la parametritzaci\u00f3 de cada navegador \u00e9s diferent, \u00e9s habitual que la configuraci\u00f3 de les cookies es realitzi en el men\u00fa de &#8220;Prefer\u00e8ncies&#8221; o &#8220;Eines&#8221;. Per a m\u00e9s detall sobre la configuraci\u00f3 de les cookies, consulti el men\u00fa &#8220;Ajuda&#8221;.<\/p>\n<p>A continuaci\u00f3 li facilitem una llista dels principals navegadors amb enlla\u00e7os on trobar\u00e0 com desactivar les cookies.<\/p>\n<p>Chrome:\u00a0<a href=\"https:\/\/support.google.com\/chrome\/answer\/95647?hl=ca\"><br \/>\nhttp:\/\/support.google.com\/chrome\/bin\/answer.py?hl=es&amp;answer=95647<\/a><\/p>\n<p>Explorer:\u00a0<a href=\"http:\/\/windows.microsoft.com\/es-es\/windows7\/how-to-manage-cookies-in-internet-explorer-9\"><br \/>\nhttp:\/\/windows.microsoft.com\/es-es\/windows7\/how-to-manage-cookies-in-internet-explorer-9<\/a><\/p>\n<p>Firefox:<br \/>\n<a href=\"https:\/\/support.mozilla.org\/ca\/kb\/activa-i-desactiva-les-galetes-que-les-pagines-web\">https:\/\/support.mozilla.org\/ca\/kb\/activa-i-desactiva-les-galetes-que-les-pagines-web<\/a><\/p>\n<p>Safari:<br \/>\n<a href=\"http:\/\/support.apple.com\/kb\/ph5042\">http:\/\/support.apple.com\/kb\/ph5042<\/a><\/p>\n<p>&nbsp;<\/p>\n<p>Hi ha altres eines de tercers, disponibles en l\u00ednia, que permeten que els usuaris puguin detectar les cookies en cada lloc web que visiten i gestionar-ne la desactivaci\u00f3 (per exemple, Ghostery:\u00a0<a href=\"http:\/\/www.ghostery.com\/faq\">http:\/\/www.ghostery.com\/faq<\/a>).<\/p>\n<p>En qualsevol moment pot retirar el consentiment relacionat amb aquesta Pol\u00edtica de cookies.\u00a0Per fer-ho haur\u00e0 d&#8217;eliminar les cookies emmagatzemades en el seu equip a trav\u00e9s dels ajustos i la configuraci\u00f3 del navegador d&#8217;Internet. En el cas que no accepti les cookies \u00e9s possible que la p\u00e0gina web no funcioni correctament.<\/p>\n","protected":false},"excerpt":{"rendered":"<p>Una cookie \u00e9s un fitxer que es descarrega a l&#8217;ordinador en accedir a determinades p\u00e0gines web. Les cookies permeten que una p\u00e0gina web pugui, entre altres coses, emmagatzemar i recuperar &hellip;<\/p>\n","protected":false},"author":3,"featured_media":0,"parent":0,"menu_order":16,"comment_status":"closed","ping_status":"closed","template":"","meta":{"_monsterinsights_skip_tracking":false,"_monsterinsights_sitenote_active":false,"_monsterinsights_sitenote_note":"","_monsterinsights_sitenote_category":0,"_uf_show_specific_survey":0,"_uf_disable_surveys":false,"footnotes":""},"aioseo_notices":[],"_links":{"self":[{"href":"https:\/\/www.rehabimed.net\/ca\/wp-json\/wp\/v2\/pages\/7799"}],"collection":[{"href":"https:\/\/www.rehabimed.net\/ca\/wp-json\/wp\/v2\/pages"}],"about":[{"href":"https:\/\/www.rehabimed.net\/ca\/wp-json\/wp\/v2\/types\/page"}],"author":[{"embeddable":true,"href":"https:\/\/www.rehabimed.net\/ca\/wp-json\/wp\/v2\/users\/3"}],"replies":[{"embeddable":true,"href":"https:\/\/www.rehabimed.net\/ca\/wp-json\/wp\/v2\/comments?post=7799"}],"version-history":[{"count":0,"href":"https:\/\/www.rehabimed.net\/ca\/wp-json\/wp\/v2\/pages\/7799\/revisions"}],"wp:attachment":[{"href":"https:\/\/www.rehabimed.net\/ca\/wp-json\/wp\/v2\/media?parent=7799"}],"curies":[{"name":"wp","href":"https:\/\/api.w.org\/{rel}","templated":true}]}}