{"id":4,"date":"2011-03-23T20:50:23","date_gmt":"2010-12-17T10:54:35","guid":{"rendered":"http:\/\/wpprova1.com\/?page_id=4"},"modified":"2024-05-31T11:12:30","modified_gmt":"2024-05-31T09:12:30","slug":"asociacion-rehabimed","status":"publish","type":"page","link":"https:\/\/www.rehabimed.net\/ca\/asociacion-rehabimed\/","title":{"rendered":"Associaci\u00f3 Rehabimed"},"content":{"rendered":"<div class=\"panel-group\" id=\"rehabimed_wrap\" role=\"tablist\" aria-multiselectable=\"true\"><div class=\"panel panel-default\">    <div class=\"panel-heading\" role=\"tab\" id=\"heading_data1\">        <h4 class=\"panel-title\"><a class=\"accordion-toggle collapsed\" data-toggle=\"collapse\" aria-controls=\"heading_data1\" data-parent=\"#rehabimed_wrap\" href=\"#data1\">Qui som<\/a>        <\/h4>    <\/div>    <div id=\"data1\" class=\"panel-collapse collapse in\" role=\"tabpanel\" aria-labelledby=\"heading_data1\">        <div class=\"panel-body\">\n<p>L\u2019Associaci\u00f3 Rehabimed, una iniciativa que recull l\u2019experi\u00e8ncia de deu anys de treball conjunt entre institucions i organitzacions de m\u00e9s 40 pa\u00efsos Euromediterranis. De fet, es tracta de formalitzar una xarxa d\u2019experts que s\u2019ha anat conformat en el treball conjunt i continuat entre pa\u00efsos del nord i del sud de la Mediterr\u00e0nia i que fa arribar tamb\u00e9 la seva experi\u00e8ncia i coneixements a altres regions del planeta.<\/p>\n<p>L\u2019objectiu fonamental de l\u2019associaci\u00f3 \u00e9s promoure la rehabilitaci\u00f3 sostenible del parc edificat i la revitalitzaci\u00f3 social i econ\u00f2mica dels centres hist\u00f2rics, tant a Europa com als pa\u00efsos mediterranis en desenvolupament. Per assolir aquest objectiu, RehabiMed: Impulsa la recerca i la formaci\u00f3 d\u2019experts en rehabilitaci\u00f3, difon una metodologia de treball multidisciplinar,\u00a0 incrementa la capacitat de gesti\u00f3 de les administracions, contribueix a la millora de les condicions de vida de la poblaci\u00f3 i sensibilitza vers la preservaci\u00f3 del patrimoni com a factor de desenvolupament sostenible.<\/p>\n<p>L\u2019Associaci\u00f3 RehabiMed t\u00e9 la seva seu a Barcelona i desenvolupa els seus objectius i activitats en tots els pa\u00efsos europeus i de la mediterr\u00e0nia, tenint una vocaci\u00f3 clara de projecci\u00f3 mundial mitjan\u00e7ant els convenis de col\u00b7laboraci\u00f3 amb UNESCO.<\/p>\n<p>        <\/p><\/div>    <\/div><\/div><div class=\"panel panel-default\">    <div class=\"panel-heading\" role=\"tab\" id=\"heading_data2\">        <h4 class=\"panel-title\"><a class=\"accordion-toggle collapsed\" data-toggle=\"collapse\" aria-controls=\"heading_data2\" data-parent=\"#rehabimed_wrap\" href=\"#data2\">Consell d\u2019Administraci\u00f3<\/a>        <\/h4>    <\/div>    <div id=\"data2\" class=\"panel-collapse collapse \" role=\"tabpanel\" aria-labelledby=\"heading_data2\">        <div class=\"panel-body\">\n<div class=\"row\">  <div class=\"col-md-3\">\n    <div class=\"box-equip\">\n      <div class=\"desc\">\n        <strong>President<\/strong><br \/>\n        Xavier Casanovas i Boixereu      <\/div>\n    <\/div>\n  <\/div>\n\n  <div class=\"col-md-3\">\n    <div class=\"box-equip\">\n      <div class=\"desc\">\n        <strong>Secretari<\/strong><br \/>\n        Oriol Cusid\u00f3 i Gar\u00ed      <\/div>\n    <\/div>\n  <\/div>\n\n  <div class=\"col-md-3\">\n    <div class=\"box-equip\">\n      <div class=\"desc\">\n        <strong>Tresorer<\/strong><br \/>\n        Joan Ram\u00f3n Rosell i Amig\u00f3      <\/div>\n    <\/div>\n  <\/div>\n\n<\/div>\n<p><strong> Vocalies: <\/strong><\/p>\n<p>Territori, paisatge i ciutat: Oriol Cusid\u00f3 i Gar\u00ed<br \/>\nIntervenci\u00f3 urbana: Marc Manzano i Sal\u00f3<br \/>\nMaterials tradicionals: Estudi M103, Jorge Blasco<br \/>\nOficis artesans: Judit Ram\u00edrez Casas<br \/>\nEstructures en edificaci\u00f3: Asociaci\u00f3n de Consultores de Estructuras, Josep Baquer<br \/>\nPatrimoni, investigaci\u00f3 hist\u00f2rica i sensibilitzaci\u00f3: Montserrat Villaverde<br \/>\nPublicacions: Joan Olona i Casas<br \/>\nRehabilitaci\u00f3 d&#8217;edificis: Josep Coll i Mir\u00f3<\/p>\n<p><img decoding=\"async\" class=\"alignnone size-large wp-image-23554\" src=\"https:\/\/www.rehabimed.net\/wp-content\/uploads\/2024\/05\/Junta-Rehabimed_2024-768x619.jpg\" alt=\"\" width=\"768\" height=\"619\" srcset=\"https:\/\/www.rehabimed.net\/wp-content\/uploads\/2024\/05\/Junta-Rehabimed_2024-768x619.jpg 768w, https:\/\/www.rehabimed.net\/wp-content\/uploads\/2024\/05\/Junta-Rehabimed_2024-300x242.jpg 300w, https:\/\/www.rehabimed.net\/wp-content\/uploads\/2024\/05\/Junta-Rehabimed_2024.jpg 1463w\" sizes=\"(max-width: 768px) 100vw, 768px\" \/><\/p>\n<p>        <\/p><\/div>    <\/div><\/div><div class=\"panel panel-default\">    <div class=\"panel-heading\" role=\"tab\" id=\"heading_data3\">        <h4 class=\"panel-title\"><a class=\"accordion-toggle collapsed\" data-toggle=\"collapse\" aria-controls=\"heading_data3\" data-parent=\"#rehabimed_wrap\" href=\"#data3\">Missi\u00f3<\/a>        <\/h4>    <\/div>    <div id=\"data3\" class=\"panel-collapse collapse \" role=\"tabpanel\" aria-labelledby=\"heading_data3\">        <div class=\"panel-body\">\n<p>L\u2019associaci\u00f3 RehabiMed \u00e9s un grup interdisciplinar de professionals especialitzats en la gesti\u00f3 del patrimoni constru\u00eft. Ofereix els seus coneixements i experi\u00e8ncia per a la millora de la qualitat de vida de la poblaci\u00f3, mitjan\u00e7ant la rehabilitaci\u00f3 sostenible, la preservaci\u00f3 del patrimoni i a la regeneraci\u00f3 urbana, en el Mediterrani i a tot el m\u00f3n.<\/p>\n<p>        <\/p><\/div>    <\/div><\/div><div class=\"panel panel-default\">    <div class=\"panel-heading\" role=\"tab\" id=\"heading_data4\">        <h4 class=\"panel-title\"><a class=\"accordion-toggle collapsed\" data-toggle=\"collapse\" aria-controls=\"heading_data4\" data-parent=\"#rehabimed_wrap\" href=\"#data4\">Visi\u00f3<\/a>        <\/h4>    <\/div>    <div id=\"data4\" class=\"panel-collapse collapse \" role=\"tabpanel\" aria-labelledby=\"heading_data4\">        <div class=\"panel-body\">\n<p>Com organitzaci\u00f3, apostem per les persones i pel respecte a totes les cultures, races, religions i identitats. D\u2019igual manera, ens comprometem amb la coher\u00e8ncia entre l\u2019acci\u00f3 i l\u2019\u00e8tica com a eixos b\u00e0sics de les nostres accions. Per tot aix\u00f2, volem contribuir a fer un m\u00f3n m\u00e9s just i solidari mitjan\u00e7ant:<\/p>\n<ul>\n<li>Oferir una resposta integral al repte de l\u2019habitatge digna per a la poblaci\u00f3, en els diferents entorns culturals, econ\u00f2mics i socials, que a la vegada faci front a les situacions de pobresa.<\/li>\n<li>Fomentar l\u2019intercanvi de coneixements i experi\u00e8ncies, aportant la capacitat de gestionar als pa\u00efsos en vies de desenvolupament.<\/li>\n<li>Contribuir al di\u00e0leg intercultural, generacional i de g\u00e8nere per integrar totes las sensibilitats en un nou model de governan\u00e7a participatiu.<\/li>\n<li>Millorar de forma continuada la qualitat i la professionalitat de les nostres accions, sent cada dia m\u00e9s efica\u00e7os i eficients des de la innovaci\u00f3 i amb l\u2019aplicaci\u00f3 de processos de gesti\u00f3.<\/li>\n<li>Treballar amb rigor i entusiasme en els nostres compromisos per transmetre els valors de la qualitat i la solidaritat en els entorns socials on tinguem incid\u00e8ncia.<\/li>\n<\/ul>\n<p>        <\/p><\/div>    <\/div><\/div><div class=\"panel panel-default\">    <div class=\"panel-heading\" role=\"tab\" id=\"heading_data5\">        <h4 class=\"panel-title\"><a class=\"accordion-toggle collapsed\" data-toggle=\"collapse\" aria-controls=\"heading_data5\" data-parent=\"#rehabimed_wrap\" href=\"#data5\">Valors<\/a>        <\/h4>    <\/div>    <div id=\"data5\" class=\"panel-collapse collapse \" role=\"tabpanel\" aria-labelledby=\"heading_data5\">        <div class=\"panel-body\">\n<p>Les persones que treballen i col\u00b7laboren amb RehabiMed compartim una s\u00e8rie de valors amb els que ens identifiquem per poder avan\u00e7ar i arribar als nostres objectius:<\/p>\n<ul>\n<li>Considerem el patrimoni constru\u00eft i la ciutat consolidada un element identitari que cal preservar i millorar per oferir la millor qualitat de vida als seus habitants i contribuir a un m\u00f3n m\u00e9s hum\u00e0 i sostenible.<\/li>\n<li>Creiem que la col\u00b7laboraci\u00f3 i la implicaci\u00f3 de tots els agents \u00e9s essencial per a l\u2019apropiaci\u00f3 dels plans de gesti\u00f3 urbana integral del seu entorn, amb visi\u00f3 de futur i amb perspectiva de revitalitzaci\u00f3 social i econ\u00f2mica.<\/li>\n<li>Defensem una metodologia de treball consistent i contrastada per contribuir a la rehabilitaci\u00f3 sostenible i la regeneraci\u00f3 urbana compromeses amb la qualitat t\u00e8cnica i humana.<\/li>\n<li>Declarem la necessitat de sensibilitzar a les autoritats, als ciutadans, als professionals i a altres actors del proc\u00e9s, per garantir la durabilitat de les accions.<\/li>\n<li>Plantegem que la sostenibilitat social, econ\u00f2mica, ambiental i cultural \u00e9s un element clau del desenvolupament de tota acci\u00f3 referida al patrimoni constru\u00eft.<\/li>\n<li>Finalment, i com reflex de tot l\u2019anterior, busquem la coher\u00e8ncia a les nostres accions transformadores cap a la just\u00edcia social, la dignitat humana, la solidaritat, i el comprom\u00eds responsable amb les nostres conviccions, en el respecte mutu.<\/li>\n<\/ul>\n<p>        <\/p><\/div>    <\/div><\/div><div class=\"panel panel-default\">    <div class=\"panel-heading\" role=\"tab\" id=\"heading_data6\">        <h4 class=\"panel-title\"><a class=\"accordion-toggle collapsed\" data-toggle=\"collapse\" aria-controls=\"heading_data6\" data-parent=\"#rehabimed_wrap\" href=\"#data6\">Estatuts de l'Associaci\u00f3<\/a>        <\/h4>    <\/div>    <div id=\"data6\" class=\"panel-collapse collapse \" role=\"tabpanel\" aria-labelledby=\"heading_data6\">        <div class=\"panel-body\">\n<p><a class=\"btn btn-primary\" href=\"https:\/\/www.rehabimed.net\/ca\/estatuts-de-lassociacio-rehabimed\/\">Veure estatuts<\/a><\/p>\n<p>        <\/p><\/div>    <\/div><\/div><\/div>\n<hr \/>\n<div class=\"esquina-wrap\"><img decoding=\"async\" class=\"esquina\" src=\"https:\/\/www.rehabimed.net\/wp-content\/uploads\/2011\/03\/esquina.png\" alt=\"icono esquina\" \/><\/div>\n<h2 id=\"socio\">Fes-te soci i col\u00b7labora<\/h2>\n<p>Ens interessa comptar amb la teva col\u00b7laboraci\u00f3 per promoure la rehabilitaci\u00f3 del parc edificat amb l&#8217;objectiu de preservar la identitat hist\u00f2rica i cultural de l&#8217;arquitectura tradicional mediterr\u00e0nia.<\/p>\n<p>Passos a seguir:<\/p>\n<p>Omple el formulari de sol\u00b7licitud.<br \/>\nEnvia un breu CV i una carta de motivaci\u00f3<\/p>\n\n<div class=\"wpcf7 no-js\" id=\"wpcf7-f6966-o1\" lang=\"ca\" dir=\"ltr\">\n<div class=\"screen-reader-response\"><p role=\"status\" aria-live=\"polite\" aria-atomic=\"true\"><\/p> <ul><\/ul><\/div>\n<form action=\"\/ca\/wp-json\/wp\/v2\/pages\/4#wpcf7-f6966-o1\" method=\"post\" class=\"wpcf7-form init wpcf7-acceptance-as-validation\" aria-label=\"Formulari de contacte\" enctype=\"multipart\/form-data\" novalidate=\"novalidate\" data-status=\"init\">\n<div style=\"display: none;\">\n<input type=\"hidden\" name=\"_wpcf7\" value=\"6966\" \/>\n<input type=\"hidden\" name=\"_wpcf7_version\" value=\"5.9.3\" \/>\n<input type=\"hidden\" name=\"_wpcf7_locale\" value=\"ca\" \/>\n<input type=\"hidden\" name=\"_wpcf7_unit_tag\" value=\"wpcf7-f6966-o1\" \/>\n<input type=\"hidden\" name=\"_wpcf7_container_post\" value=\"0\" \/>\n<input type=\"hidden\" name=\"_wpcf7_posted_data_hash\" value=\"\" \/>\n<input type=\"hidden\" name=\"_wpcf7_recaptcha_response\" value=\"\" \/>\n<\/div>\n<div class=\"row\">\n\t<div class=\"col-md-6\">\n\t\t<p><span class=\"wpcf7-form-control-wrap\" data-name=\"your-name\"><input size=\"40\" class=\"wpcf7-form-control wpcf7-text wpcf7-validates-as-required\" aria-required=\"true\" aria-invalid=\"false\" placeholder=\"Nom i cognoms \/ Empresa o instituci\u00f3\" value=\"\" type=\"text\" name=\"your-name\" \/><\/span>\n\t\t<\/p>\n\t\t<p><span class=\"wpcf7-form-control-wrap\" data-name=\"your-email\"><input size=\"40\" class=\"wpcf7-form-control wpcf7-email wpcf7-validates-as-required wpcf7-text wpcf7-validates-as-email\" aria-required=\"true\" aria-invalid=\"false\" placeholder=\"Correu electr\u00f2nic\" value=\"\" type=\"email\" name=\"your-email\" \/><\/span>\n\t\t<\/p>\n\t\t<p><span class=\"wpcf7-form-control-wrap\" data-name=\"profesion\"><input size=\"40\" class=\"wpcf7-form-control wpcf7-text wpcf7-validates-as-required\" aria-required=\"true\" aria-invalid=\"false\" placeholder=\"Professi\u00f3 \/ Tipus d&#039;entitat\" value=\"\" type=\"text\" name=\"profesion\" \/><\/span>\n\t\t<\/p>\n\t\t<p><span class=\"wpcf7-form-control-wrap\" data-name=\"persona\"><input size=\"40\" class=\"wpcf7-form-control wpcf7-text wpcf7-validates-as-required\" aria-required=\"true\" aria-invalid=\"false\" placeholder=\"Persona de contacte (Nom\u00e9s entitats)\" value=\"\" type=\"text\" name=\"persona\" \/><\/span>\n\t\t<\/p>\n\t\t<p><span class=\"wpcf7-form-control-wrap\" data-name=\"dni\"><input size=\"40\" class=\"wpcf7-form-control wpcf7-text wpcf7-validates-as-required\" aria-required=\"true\" aria-invalid=\"false\" placeholder=\"N\u00ba passaport \/ DNI \/ NIE o NIF \/ CIF\" value=\"\" type=\"text\" name=\"dni\" \/><\/span>\n\t\t<\/p>\n\t\t<p><span class=\"wpcf7-form-control-wrap\" data-name=\"direccion\"><input size=\"40\" class=\"wpcf7-form-control wpcf7-text wpcf7-validates-as-required\" aria-required=\"true\" aria-invalid=\"false\" placeholder=\"Adre\u00e7a postal\" value=\"\" type=\"text\" name=\"direccion\" \/><\/span>\n\t\t<\/p>\n\t\t<p><span class=\"wpcf7-form-control-wrap\" data-name=\"telefono\"><input size=\"40\" class=\"wpcf7-form-control wpcf7-text wpcf7-validates-as-required\" aria-required=\"true\" aria-invalid=\"false\" placeholder=\"Tel\u00e8fon de contacte\" value=\"\" type=\"text\" name=\"telefono\" \/><\/span>\n\t\t<\/p>\n\t\t<p>Breu CV:<br \/>\n<span class=\"wpcf7-form-control-wrap\" data-name=\"file-cv\"><input size=\"40\" class=\"wpcf7-form-control wpcf7-file wpcf7-validates-as-required\" accept=\".pdf,.docx,.doc,.rtf\" aria-required=\"true\" aria-invalid=\"false\" type=\"file\" name=\"file-cv\" \/><\/span>\n\t\t<\/p>\n\t\t<p>Carta de motivaci\u00f3:<br \/>\n<span class=\"wpcf7-form-control-wrap\" data-name=\"file-carta\"><input size=\"40\" class=\"wpcf7-form-control wpcf7-file wpcf7-validates-as-required\" accept=\".pdf,.docx,.doc,.rtf\" aria-required=\"true\" aria-invalid=\"false\" type=\"file\" name=\"file-carta\" \/><\/span>\n\t\t<\/p>\n\t\t<p><span class=\"wpcf7-form-control-wrap\" data-name=\"accept-this-1\"><span class=\"wpcf7-form-control wpcf7-acceptance\"><span class=\"wpcf7-list-item\"><label><input type=\"checkbox\" name=\"accept-this-1\" value=\"1\" aria-invalid=\"false\" \/><span class=\"wpcf7-list-item-label\">Accepto la <a href=\"https:\/\/www.rehabimed.net\/ca\/politica-de-privacitat\/\" target=\"_blank\">Pol\u00edtica de privacitat<\/a><\/span><\/label><\/span><\/span><\/span>\n\t\t<\/p>\n\t\n\t\t<p>&nbsp;\n\t\t<\/p>\n\t\t<p><input class=\"wpcf7-form-control wpcf7-submit has-spinner btn btn-primary\" type=\"submit\" value=\"Enviar\" \/>\n\t\t<\/p>\n\t<\/div>\n<\/div>\n<p>&nbsp;\n<\/p>\n<p>&nbsp;\n<\/p><p style=\"display: none !important;\" class=\"akismet-fields-container\" data-prefix=\"_wpcf7_ak_\"><label>&#916;<textarea name=\"_wpcf7_ak_hp_textarea\" cols=\"45\" rows=\"8\" maxlength=\"100\"><\/textarea><\/label><input type=\"hidden\" id=\"ak_js_1\" name=\"_wpcf7_ak_js\" value=\"1\"\/><script>document.getElementById( \"ak_js_1\" ).setAttribute( \"value\", ( new Date() ).getTime() );<\/script><\/p><div class=\"wpcf7-response-output\" aria-hidden=\"true\"><\/div>\n<\/form>\n<\/div>\n\n","protected":false},"excerpt":{"rendered":"<p>Fes-te soci i col\u00b7labora Ens interessa comptar amb la teva col\u00b7laboraci\u00f3 per promoure la rehabilitaci\u00f3 del parc edificat amb l&#8217;objectiu de preservar la identitat hist\u00f2rica i cultural de l&#8217;arquitectura tradicional &hellip;<\/p>\n","protected":false},"author":1,"featured_media":0,"parent":0,"menu_order":142,"comment_status":"closed","ping_status":"closed","template":"","meta":{"_monsterinsights_skip_tracking":false,"_monsterinsights_sitenote_active":false,"_monsterinsights_sitenote_note":"","_monsterinsights_sitenote_category":0,"_uf_show_specific_survey":0,"_uf_disable_surveys":false,"footnotes":""},"aioseo_notices":[],"_links":{"self":[{"href":"https:\/\/www.rehabimed.net\/ca\/wp-json\/wp\/v2\/pages\/4"}],"collection":[{"href":"https:\/\/www.rehabimed.net\/ca\/wp-json\/wp\/v2\/pages"}],"about":[{"href":"https:\/\/www.rehabimed.net\/ca\/wp-json\/wp\/v2\/types\/page"}],"author":[{"embeddable":true,"href":"https:\/\/www.rehabimed.net\/ca\/wp-json\/wp\/v2\/users\/1"}],"replies":[{"embeddable":true,"href":"https:\/\/www.rehabimed.net\/ca\/wp-json\/wp\/v2\/comments?post=4"}],"version-history":[{"count":0,"href":"https:\/\/www.rehabimed.net\/ca\/wp-json\/wp\/v2\/pages\/4\/revisions"}],"wp:attachment":[{"href":"https:\/\/www.rehabimed.net\/ca\/wp-json\/wp\/v2\/media?parent=4"}],"curies":[{"name":"wp","href":"https:\/\/api.w.org\/{rel}","templated":true}]}}