{"id":15992,"date":"2018-06-12T20:36:07","date_gmt":"2018-06-12T20:36:07","guid":{"rendered":"http:\/\/www.rehabimed.net\/?page_id=15992"},"modified":"2018-06-12T20:43:49","modified_gmt":"2018-06-12T20:43:49","slug":"politica-de-privacitat","status":"publish","type":"page","link":"https:\/\/www.rehabimed.net\/ca\/politica-de-privacitat\/","title":{"rendered":"Pol\u00edtica de privacitat"},"content":{"rendered":"<p>Des de RehabiMed som conscients de la import\u00e0ncia que suposa disposar d\u2019informaci\u00f3 clara i transparent sobre l&#8217; us que fem de la informaci\u00f3 que ens proporcioneu. La relaci\u00f3 amb els nostres contactes es basa en la l&#8217;honestedat, el rigor i la transpar\u00e8ncia per tal de construir relacions s\u00f2lides i de confian\u00e7a m\u00fatua. Mitjan\u00e7ant la present Pol\u00edtica de Privacitat us detallem com tractem les vostres dades personals quan us relacioneu amb nosaltres.<\/p>\n<p>&nbsp;<\/p>\n<ol>\n<li><strong> Responsable del tractament de les vostres dades<\/strong><\/li>\n<\/ol>\n<p>Denominaci\u00f3 social: Asociaci\u00f3n RehabiMed.<\/p>\n<p>Domicili social: Dr. Mara\u00f1on, 50 \u2013 08028 Barcelona.<\/p>\n<p>Correu electr\u00f2nic de contacte: info@rehabimed.net<\/p>\n<p>Dades de registre: Registre d\u2019Associacions de la Generalitat de Catalunya, secci\u00f3 primera.<\/p>\n<p>CIF: G65182321<\/p>\n<p>&nbsp;<\/p>\n<ol start=\"2\">\n<li><strong> Finalitat amb qu\u00e8 tractem les vostres dades<\/strong><\/li>\n<\/ol>\n<p>La finalitat del tractament de les dades facilitades a trav\u00e9s dels formularis en el web \u00e9s l\u2019enviament al titular, mitjan\u00e7ant correu electr\u00f2nic, de les dades informatives sobre les activitats, serveis i newsletter, aix\u00ed com la inscripci\u00f3 a jornades o activitats que s\u2019ofereixen, i la tramitaci\u00f3 de les peticions d\u2019associaci\u00f3 a l\u2019Associaci\u00f3 RehabiMed.<\/p>\n<p>Enviar informaci\u00f3 requerida per l\u2019USUARI.<\/p>\n<p>L\u2019Associaci\u00f3 RehabiMed conservar\u00e0 les dades facilitades mentre no es sol\u00b7liciti la seva eliminaci\u00f3 per part del titular.<\/p>\n<p>&nbsp;<\/p>\n<ol start=\"3\">\n<li><strong> Legitimaci\u00f3 pel tractament de les vostres dades<\/strong><\/li>\n<\/ol>\n<p>Tant el tractament de les dades facilitades per a la participaci\u00f3 en el web com el tractament per a la tramitaci\u00f3 d\u2019informaci\u00f3 sobre l\u2019Associaci\u00f3 RehabiMed al correu electr\u00f2nic sol\u00b7licitat, estan basats en el consentiment sol\u00b7licitat a l\u2019interessat en el moment de facilitar les seves dades.<\/p>\n<p>&nbsp;<\/p>\n<ol start=\"4\">\n<li><strong> Comunicaci\u00f3 de les vostres dades<\/strong><\/li>\n<\/ol>\n<p>Les dades facilitades nom\u00e9s les tractar\u00e0 l\u2019Associaci\u00f3 RehabiMed i no es comunicaran ni cediran a cap altra entitat, a excepci\u00f3 de que sigui obligatori per llei.<\/p>\n<p>&nbsp;<\/p>\n<ol start=\"5\">\n<li><strong> Drets quan ens faciliteu les vostres dades<\/strong><\/li>\n<\/ol>\n<p>Qualsevol persona t\u00e9 dret a obtenir informaci\u00f3 clara i comprensible sobre si a l\u2019Associaci\u00f3 RehabiMed s&#8217;estan tractant les seves dades personals.<\/p>\n<p>Les persones interessades tenen dret a accedir a les seves dades de car\u00e0cter personal i a sol\u00b7licitar la rectificaci\u00f3 de dades inexactes o, en el seu cas, sol\u00b7licitar la supressi\u00f3, aix\u00ed com retirar el consentiment atorgat. Tamb\u00e9 pot exercir el seu dret a la limitaci\u00f3 del tractament, de forma que les seves dades no seran suprimides per\u00f2 el tractament de les mateixes estar\u00e0 subjecte a limitacions.<\/p>\n<p>L&#8217;exercici dels drets anteriorment indicats es poden fer per correu postal, adjuntant c\u00f2pia del DNI o passaport, davant de l\u2019Associaci\u00f3 RehabiMed amb domicili a Dr. Mara\u00f1on, 50, 08028 Barcelona, o per correu electr\u00f2nic, a l&#8217;adre\u00e7a <a href=\"mailto:asociacion.rehabimed@gmail.com\">asociacion.rehabimed@gmail.com<\/a> o info@rehabimed.net, amb la mateixa documentaci\u00f3 que per correu postal.<\/p>\n<p>&nbsp;<\/p>\n<ol start=\"6\">\n<li><strong> Cookies<\/strong><\/li>\n<\/ol>\n<p>El nostre web utilitza cookies per facilitar la navegaci\u00f3 de l\u2019usuari. M\u00e9s informaci\u00f3 sobre les cookies <a href=\"https:\/\/www.rehabimed.net\/ca\/politica-de-cookies\/\">aqu\u00ed.<\/a><\/p>\n<p>&nbsp;<\/p>\n<ol start=\"7\">\n<li><strong> Xarxes socials i plataformes externes<\/strong><\/li>\n<\/ol>\n<p><strong>\u00a0<\/strong>Aquesta web pot incloure contingut incrustat v\u00eddeos de Youtube o altres. El contingut incrustat procedent de les xarxes es comporta exactament com si el visitant les hagu\u00e9s visitat. Aquestes xarxes socials poden recopilar dades sobre l\u2019usuari, utilitzar cookies, incrustar un seguiment addicional de tercers, i supervisar la seva interacci\u00f3 amb aquest contingut incrustat.<\/p>\n<p>&nbsp;<\/p>\n<ol start=\"8\">\n<li><strong> Propietat intel\u00b7lectual<\/strong><\/li>\n<\/ol>\n<p><strong>\u00a0<\/strong>Associaci\u00f3 RehabiMed comunica a l\u2019usuari que tots els elements d\u2019aquest portal estan protegits per las disposicions de la propietat intel\u00b7lectual. Per aquesta ra\u00f3, el text, el disseny, les imatges, les eines, les p\u00e0gines, i altres s\u00f3n de titularitat de l\u2019Associaci\u00f3 RehabiMed i, per conseq\u00fc\u00e8ncia, no poden ser utilitzats sense l\u2019autoritzaci\u00f3 pr\u00e8via de l\u2019Associaci\u00f3 RehabiMed formalitzada per escrit.<\/p>\n<p>&nbsp;<\/p>\n<ol start=\"9\">\n<li><strong> Enlla\u00e7os (links)<\/strong><\/li>\n<\/ol>\n<p><strong>\u00a0<\/strong>L\u2019establiment d\u2019un enlla\u00e7 d\u2019aquesta web a altre portal no implica que Associaci\u00f3 RehabiMed accepti o aprovi els continguts del portal enlla\u00e7at. No obstant aix\u00f2 i en compliment de la normativa vigent, si l\u2019Associaci\u00f3 RehabiMed observa qualsevol contingut il\u00b7legal suprimir\u00e0 l\u2019enlla\u00e7 i ho comunicar\u00e0 a les autoritats pertinents.<\/p>\n<p>&nbsp;<\/p>\n<ol start=\"10\">\n<li><strong> Secret i seguretat de les dades<\/strong><\/li>\n<\/ol>\n<p><strong>\u00a0<\/strong>L\u2019Associaci\u00f3 RehabiMed es compromet en la utilitzaci\u00f3 de les dades, a respectar la seva confidencialitat i a utilitzar-los d\u2019acord amb la finalitat dels mateixos, aix\u00ed com a donar compliment a la seva obligaci\u00f3 de guardar-los i adoptar totes les mesures per evitar l\u2019alteraci\u00f3, p\u00e8rdua, tractament o acc\u00e9s no autoritzat, de conformitat amb all\u00f2 establert en el Reial Decret 1720\/2007 de 21 de desembre pel qual s\u2019aprova el Reglament de desenvolupament de la Llei Org\u00e0nica 15\/1999 de 13 de desembre, de Protecci\u00f3 de Dades de Car\u00e0cter Personal.<\/p>\n<p>&nbsp;<\/p>\n<ol start=\"11\">\n<li><strong> Contacte<\/strong><\/li>\n<\/ol>\n<p>Per a qualsevol consulta sobre el tractament de les seves dades pot posar-se en contacte amb la nostra DPO a asociacion.rehabimed@gmail.com<\/p>\n","protected":false},"excerpt":{"rendered":"<p>Des de RehabiMed som conscients de la import\u00e0ncia que suposa disposar d\u2019informaci\u00f3 clara i transparent sobre l&#8217; us que fem de la informaci\u00f3 que ens proporcioneu. La relaci\u00f3 amb els &hellip;<\/p>\n","protected":false},"author":3,"featured_media":0,"parent":0,"menu_order":0,"comment_status":"closed","ping_status":"closed","template":"","meta":{"_monsterinsights_skip_tracking":false,"_monsterinsights_sitenote_active":false,"_monsterinsights_sitenote_note":"","_monsterinsights_sitenote_category":0,"_uf_show_specific_survey":0,"_uf_disable_surveys":false,"footnotes":""},"aioseo_notices":[],"_links":{"self":[{"href":"https:\/\/www.rehabimed.net\/ca\/wp-json\/wp\/v2\/pages\/15992"}],"collection":[{"href":"https:\/\/www.rehabimed.net\/ca\/wp-json\/wp\/v2\/pages"}],"about":[{"href":"https:\/\/www.rehabimed.net\/ca\/wp-json\/wp\/v2\/types\/page"}],"author":[{"embeddable":true,"href":"https:\/\/www.rehabimed.net\/ca\/wp-json\/wp\/v2\/users\/3"}],"replies":[{"embeddable":true,"href":"https:\/\/www.rehabimed.net\/ca\/wp-json\/wp\/v2\/comments?post=15992"}],"version-history":[{"count":0,"href":"https:\/\/www.rehabimed.net\/ca\/wp-json\/wp\/v2\/pages\/15992\/revisions"}],"wp:attachment":[{"href":"https:\/\/www.rehabimed.net\/ca\/wp-json\/wp\/v2\/media?parent=15992"}],"curies":[{"name":"wp","href":"https:\/\/api.w.org\/{rel}","templated":true}]}}