{"id":14227,"date":"2017-03-24T08:22:01","date_gmt":"2017-03-24T08:22:01","guid":{"rendered":"http:\/\/www.rehabimed.net\/publications\/"},"modified":"2019-12-21T16:32:16","modified_gmt":"2019-12-21T16:32:16","slug":"publicacions","status":"publish","type":"page","link":"https:\/\/www.rehabimed.net\/ca\/publicacions\/","title":{"rendered":"Publicacions"},"content":{"rendered":"<div class=\"row\">\n<div class=\"col-xs-12\">\n<ul class=\"nav nav-tabs tabs-top visible-xs-block\">\n<li class=\"active\"><a href=\"#metodo\" data-toggle=\"tab\">M\u00e8tode RehabiMed<\/a><\/li>\n<li><a href=\"#manuales\" data-toggle=\"tab\">Manuals de rehabilitaci\u00f3<\/a><\/li>\n<li><a href=\"#diagnosis\" data-toggle=\"tab\">Projecte Diagnosis<\/a><\/li>\n<li><a href=\"#actas\" data-toggle=\"tab\">Actes congressos i confer\u00e8ncies<\/a><\/li>\n<li><a href=\"#practicas\" data-toggle=\"tab\">Bones pr\u00e0ctiques<\/a><\/li>\n<li><a href=\"#otras\" data-toggle=\"tab\">Altres publicacions<\/a><\/li>\n<\/ul>\n<\/div>\n<div class=\"col-xs-7\">\n<div class=\"tab-content\">\n<div id=\"metodo\" class=\"tab-pane active\">\n<div class=\"img-wrp\"><img decoding=\"async\" src=\"https:\/\/www.rehabimed.net\/wp-content\/uploads\/2017\/05\/Metode-rhm.jpg\" alt=\"\" \/><\/div>\n<p>M\u00e9todo Rehabimed.<br \/>\n<a class=\"btn btn-info\" href=\"https:\/\/www.rehabimed.net\/ca\/category\/publicacions\/metode-rehabimed\/\">M\u00e8tode RehabiMed<\/a><\/p>\n<\/div>\n<div id=\"manuales\" class=\"tab-pane\">\n<div class=\"img-wrp\"><img decoding=\"async\" src=\"https:\/\/www.rehabimed.net\/wp-content\/uploads\/2017\/05\/Manuals.jpg\" alt=\"\" \/><\/div>\n<p>Manuales de rehabilitaci\u00f3n.<br \/>\n<a class=\"btn btn-info\" href=\"https:\/\/www.rehabimed.net\/ca\/category\/publicacions\/manuals-cat\/\">Manuals de rehabilitaci\u00f3<\/a><\/p>\n<\/div>\n<div id=\"diagnosis\" class=\"tab-pane\">\n<div class=\"img-wrp\"><img decoding=\"async\" src=\"https:\/\/www.rehabimed.net\/wp-content\/uploads\/2019\/12\/diagnosis.jpg\" alt=\"\" \/><\/div>\n<p>Projecte Diagnosis.<br \/>\n<a class=\"btn btn-info\" href=\"https:\/\/www.rehabimed.net\/ca\/category\/publicacions\/diagnosis-ca\/\">Diagnosis<\/a><\/p>\n<\/div>\n<div id=\"actas\" class=\"tab-pane\">\n<div class=\"img-wrp\"><img decoding=\"async\" src=\"https:\/\/www.rehabimed.net\/wp-content\/uploads\/2017\/05\/Colloques.jpg\" alt=\"\" \/><\/div>\n<p>Actas congresos y conferencias.<br \/>\n<a class=\"btn btn-info\" href=\"https:\/\/www.rehabimed.net\/ca\/category\/publicacions\/actes\/\">Actes congressos i confer\u00e8ncies<\/a><\/p>\n<\/div>\n<div id=\"practicas\" class=\"tab-pane\">\n<div class=\"img-wrp\"><img decoding=\"async\" src=\"https:\/\/www.rehabimed.net\/wp-content\/uploads\/2017\/05\/Bones-practiques.jpg\" alt=\"\" \/><\/div>\n<p>Buenas pr\u00e1cticas.<br \/>\n<a class=\"btn btn-info\" href=\"https:\/\/www.rehabimed.net\/ca\/category\/publicacions\/bones-practiques\/\">Bones pr\u00e0ctiques<\/a><\/p>\n<\/div>\n<div id=\"otras\" class=\"tab-pane\">\n<div class=\"img-wrp\"><img decoding=\"async\" src=\"https:\/\/www.rehabimed.net\/wp-content\/uploads\/2017\/05\/Altres.jpg\" alt=\"\" \/><\/div>\n<p>Otras publicaciones.<br \/>\n<a class=\"btn btn-info\" href=\"https:\/\/www.rehabimed.net\/ca\/category\/publicacions\/altres\/\">Altres publicacions<\/a><\/p>\n<\/div>\n<\/div>\n<\/div>\n<div class=\"col-xs-5\">\n<ul class=\"nav nav-tabs tabs-right hidden-xs\">\n<li class=\"active\"><a href=\"#metodo\" data-toggle=\"tab\">M\u00e8tode RehabiMed<\/a><\/li>\n<li><a href=\"#manuales\" data-toggle=\"tab\">Manuals de rehabilitaci\u00f3<\/a><\/li>\n<li><a href=\"#diagnosis\" data-toggle=\"tab\">Projecte Diagnosis<\/a><\/li>\n<li><a href=\"#actas\" data-toggle=\"tab\">Actes congressos i confer\u00e8ncies<\/a><\/li>\n<li><a href=\"#practicas\" data-toggle=\"tab\">Bones pr\u00e0ctiques<\/a><\/li>\n<li><a href=\"#otras\" data-toggle=\"tab\">Altres publicacions<\/a><\/li>\n<\/ul>\n<\/div>\n<\/div>\n\n    \n      <div class=\"slick-wrapper logo-sc-s-wrapper \">\n                  <h4>Publicacions<\/h4>\n        \n        <div class=\"slider-slick-wrapper\" data-slick='{\"slidesToShow\": 4, \"slidesToScroll\": 4}'>\n\n          \n            <div class=\"slide-s\">\n\n                              <a href=\"https:\/\/www.rehabimed.net\/ca\/2026\/01\/lespluga-de-cuberes-i-el-seu-entorn-un-paisatge-cultural-a-preservar\/\">\n                \n                <div class=\"post-slide-text\">\n\n                                      <div class=\"post-slide-title\">\n                      L&#8217;Espluga de Cuberes i el seu entorn, un paisatge cultural a preservar                    <\/div>\n                  \n                <\/div>\n\n                <div class=\"post-slide-thumbnail\">\n                                      <img decoding=\"async\" width=\"275\" height=\"275\" src=\"https:\/\/www.rehabimed.net\/wp-content\/uploads\/2026\/01\/portada-Espluga-275x275.jpg\" class=\"attachment-thumbnail size-thumbnail wp-post-image\" alt=\"\" \/>                                  <\/div>\n\n                                <\/a>\n              \n            <\/div>\n\n          \n            <div class=\"slide-s\">\n\n                              <a href=\"https:\/\/www.rehabimed.net\/ca\/2023\/03\/building-rehabilitation-expert-smart-rehabilitation-3-0\/\">\n                \n                <div class=\"post-slide-text\">\n\n                                      <div class=\"post-slide-title\">\n                      Building rehabilitation expert. Smart REHABILITATION 3.0                    <\/div>\n                  \n                <\/div>\n\n                <div class=\"post-slide-thumbnail\">\n                                      <img decoding=\"async\" width=\"275\" height=\"275\" src=\"https:\/\/www.rehabimed.net\/wp-content\/uploads\/2023\/03\/smart-rehabilitation_io1_building_rehabilitation_expert_cover-600x384-1-275x275.jpg\" class=\"attachment-thumbnail size-thumbnail wp-post-image\" alt=\"\" \/>                                  <\/div>\n\n                                <\/a>\n              \n            <\/div>\n\n          \n            <div class=\"slide-s\">\n\n                              <a href=\"https:\/\/www.rehabimed.net\/ca\/2019\/10\/acords-educacio-empresa\/\">\n                \n                <div class=\"post-slide-text\">\n\n                                      <div class=\"post-slide-title\">\n                      Acords Educaci\u00f3-Empresa                    <\/div>\n                  \n                <\/div>\n\n                <div class=\"post-slide-thumbnail\">\n                                      <img decoding=\"async\" width=\"275\" height=\"275\" src=\"https:\/\/www.rehabimed.net\/wp-content\/uploads\/2019\/10\/portada-IO4-Education-Business-agreements-Eng-600x384-1-275x275.jpg\" class=\"attachment-thumbnail size-thumbnail wp-post-image\" alt=\"\" \/>                                  <\/div>\n\n                                <\/a>\n              \n            <\/div>\n\n          \n            <div class=\"slide-s\">\n\n                              <a href=\"https:\/\/www.rehabimed.net\/ca\/2019\/10\/metodologia-i-programa-de-formacio\/\">\n                \n                <div class=\"post-slide-text\">\n\n                                      <div class=\"post-slide-title\">\n                      Metodologia i Programa de formaci\u00f3                    <\/div>\n                  \n                <\/div>\n\n                <div class=\"post-slide-thumbnail\">\n                                      <img decoding=\"async\" width=\"275\" height=\"275\" src=\"https:\/\/www.rehabimed.net\/wp-content\/uploads\/2019\/12\/portada-IO3-Methodology-and-syllabus-Eng-275x275.jpg\" class=\"attachment-thumbnail size-thumbnail wp-post-image\" alt=\"\" \/>                                  <\/div>\n\n                                <\/a>\n              \n            <\/div>\n\n          \n            <div class=\"slide-s\">\n\n                              <a href=\"https:\/\/www.rehabimed.net\/ca\/2019\/10\/nova-qualificacio-professional\/\">\n                \n                <div class=\"post-slide-text\">\n\n                                      <div class=\"post-slide-title\">\n                      Nova Qualificaci\u00f3 Professional                    <\/div>\n                  \n                <\/div>\n\n                <div class=\"post-slide-thumbnail\">\n                                      <img decoding=\"async\" width=\"275\" height=\"275\" src=\"https:\/\/www.rehabimed.net\/wp-content\/uploads\/2019\/10\/portada-IO2-New-Professional-Qualification-Eng-600x384-1-275x275.jpg\" class=\"attachment-thumbnail size-thumbnail wp-post-image\" alt=\"\" \/>                                  <\/div>\n\n                                <\/a>\n              \n            <\/div>\n\n          \n            <div class=\"slide-s\">\n\n                              <a href=\"https:\/\/www.rehabimed.net\/ca\/2019\/10\/building-diagnosis-expert-2\/\">\n                \n                <div class=\"post-slide-text\">\n\n                                      <div class=\"post-slide-title\">\n                      Expert en Diagnosis d&#8217;edificis                    <\/div>\n                  \n                <\/div>\n\n                <div class=\"post-slide-thumbnail\">\n                                      <img decoding=\"async\" width=\"275\" height=\"275\" src=\"https:\/\/www.rehabimed.net\/wp-content\/uploads\/2019\/10\/portada-IO1-Building-Diagnosis-Expert-Eng_Pagina_001-600x384-1-275x275.jpg\" class=\"attachment-thumbnail size-thumbnail wp-post-image\" alt=\"\" \/>                                  <\/div>\n\n                                <\/a>\n              \n            <\/div>\n\n          \n            <div class=\"slide-s\">\n\n                              <a href=\"https:\/\/www.rehabimed.net\/ca\/2016\/10\/centres-historics-patrimoni-innovacio-i-cohesio-social-2\/\">\n                \n                <div class=\"post-slide-text\">\n\n                                      <div class=\"post-slide-title\">\n                      Centres hist\u00f2rics: Patrimoni, innovaci\u00f3 i cohesi\u00f3 social                    <\/div>\n                  \n                <\/div>\n\n                <div class=\"post-slide-thumbnail\">\n                                      <img decoding=\"async\" width=\"275\" height=\"275\" src=\"https:\/\/www.rehabimed.net\/wp-content\/uploads\/2016\/10\/seminari_dubrovnik_FRA_lowres6-1-600x384-1-275x275.jpg\" class=\"attachment-thumbnail size-thumbnail wp-post-image\" alt=\"\" \/>                                  <\/div>\n\n                                <\/a>\n              \n            <\/div>\n\n          \n            <div class=\"slide-s\">\n\n                              <a href=\"https:\/\/www.rehabimed.net\/ca\/2015\/11\/manual-per-a-la-rehabilitacio-de-dellys\/\">\n                \n                <div class=\"post-slide-text\">\n\n                                      <div class=\"post-slide-title\">\n                      Manual per a la rehabilitaci\u00f3 de Dellys (Alg\u00e8ria)                    <\/div>\n                  \n                <\/div>\n\n                <div class=\"post-slide-thumbnail\">\n                                      <img decoding=\"async\" width=\"275\" height=\"275\" src=\"https:\/\/www.rehabimed.net\/wp-content\/uploads\/2015\/09\/portada-Dellys-275x275.jpg\" class=\"attachment-thumbnail size-thumbnail wp-post-image\" alt=\"\" \/>                                  <\/div>\n\n                                <\/a>\n              \n            <\/div>\n\n          \n            <div class=\"slide-s\">\n\n                              <a href=\"https:\/\/www.rehabimed.net\/ca\/2015\/11\/manual-de-construccio-en-terra-de-la-vall-mzab-algeria\/\">\n                \n                <div class=\"post-slide-text\">\n\n                                      <div class=\"post-slide-title\">\n                      Manual de construcci\u00f3 en terra de la Vall M`Zab (Alg\u00e8ria)                    <\/div>\n                  \n                <\/div>\n\n                <div class=\"post-slide-thumbnail\">\n                                      <img decoding=\"async\" width=\"275\" height=\"275\" src=\"https:\/\/www.rehabimed.net\/wp-content\/uploads\/2015\/11\/Captura-de-pantalla-2017-05-17-a-las-15.56.34-275x275.png\" class=\"attachment-thumbnail size-thumbnail wp-post-image\" alt=\"\" \/>                                  <\/div>\n\n                                <\/a>\n              \n            <\/div>\n\n          \n            <div class=\"slide-s\">\n\n                              <a href=\"https:\/\/www.rehabimed.net\/ca\/2015\/11\/manual-de-rehabilitacio-de-ramallah-palestina-2\/\">\n                \n                <div class=\"post-slide-text\">\n\n                                      <div class=\"post-slide-title\">\n                      Manual de rehabilitaci\u00f3 de Ramallah (Palestina)                    <\/div>\n                  \n                <\/div>\n\n                <div class=\"post-slide-thumbnail\">\n                                      <img decoding=\"async\" width=\"275\" height=\"275\" src=\"https:\/\/www.rehabimed.net\/wp-content\/uploads\/2015\/09\/Ramallah-Manual-Her4Dev-portada-275x275.jpg\" class=\"attachment-thumbnail size-thumbnail wp-post-image\" alt=\"\" \/>                                  <\/div>\n\n                                <\/a>\n              \n            <\/div>\n\n          \n        <\/div>\n\n        \n        <!-- Print a link to this category -->\n        <a href=\"https:\/\/www.rehabimed.net\/ca\/category\/publicacions\/\" class=\"btn btn-info\">Veure m\u00e9s Publicacions<\/a>\n\n        <!-- Initialize Swiper -->\n        <script>\n          jQuery(document).ready(function($) {\n            $('.logo-sc-s-wrapper .slider-slick-wrapper').slick({\n              dots: false,\n              infinite: true,\n              speed: 300,\n              slidesToShow: 4,\n              slidesToScroll: 4,\n              responsive: [{\n                  breakpoint: 1024,\n                  settings: {\n                    slidesToShow: 3,\n                    slidesToScroll: 3,\n                    infinite: true,\n                    dots: true\n                  }\n                },\n                {\n                  breakpoint: 600,\n                  settings: {\n                    slidesToShow: 2,\n                    slidesToScroll: 2\n                  }\n                },\n                {\n                  breakpoint: 480,\n                  settings: {\n                    slidesToShow: 1,\n                    slidesToScroll: 1\n                  }\n                }\n                \/\/ You can unslick at a given breakpoint now by adding:\n                \/\/ settings: \"unslick\"\n                \/\/ instead of a settings object\n              ]\n            });\n\n          });\n        <\/script>\n      <\/div>\n      \n","protected":false},"excerpt":{"rendered":"<p>M\u00e8tode RehabiMed Manuals de rehabilitaci\u00f3 Projecte Diagnosis Actes congressos i confer\u00e8ncies Bones pr\u00e0ctiques Altres publicacions M\u00e9todo Rehabimed. M\u00e8tode RehabiMed Manuales de rehabilitaci\u00f3n. Manuals de rehabilitaci\u00f3 Projecte Diagnosis. Diagnosis Actas congresos &hellip;<\/p>\n","protected":false},"author":3,"featured_media":0,"parent":0,"menu_order":4,"comment_status":"closed","ping_status":"closed","template":"template-fullwidth.php","meta":{"_monsterinsights_skip_tracking":false,"_monsterinsights_sitenote_active":false,"_monsterinsights_sitenote_note":"","_monsterinsights_sitenote_category":0,"_uf_show_specific_survey":0,"_uf_disable_surveys":false,"footnotes":""},"aioseo_notices":[],"_links":{"self":[{"href":"https:\/\/www.rehabimed.net\/ca\/wp-json\/wp\/v2\/pages\/14227"}],"collection":[{"href":"https:\/\/www.rehabimed.net\/ca\/wp-json\/wp\/v2\/pages"}],"about":[{"href":"https:\/\/www.rehabimed.net\/ca\/wp-json\/wp\/v2\/types\/page"}],"author":[{"embeddable":true,"href":"https:\/\/www.rehabimed.net\/ca\/wp-json\/wp\/v2\/users\/3"}],"replies":[{"embeddable":true,"href":"https:\/\/www.rehabimed.net\/ca\/wp-json\/wp\/v2\/comments?post=14227"}],"version-history":[{"count":0,"href":"https:\/\/www.rehabimed.net\/ca\/wp-json\/wp\/v2\/pages\/14227\/revisions"}],"wp:attachment":[{"href":"https:\/\/www.rehabimed.net\/ca\/wp-json\/wp\/v2\/media?parent=14227"}],"curies":[{"name":"wp","href":"https:\/\/api.w.org\/{rel}","templated":true}]}}